{"id":6561,"date":"2026-01-16T14:11:35","date_gmt":"2026-01-16T14:11:35","guid":{"rendered":"https:\/\/blockids.eu\/ratings-and-reviews"},"modified":"2026-03-30T20:06:30","modified_gmt":"2026-03-30T20:06:30","slug":"ratings-and-reviews","status":"publish","type":"page","link":"https:\/\/blockids.eu\/en\/ratings-and-reviews","title":{"rendered":"Ratings and Reviews"},"content":{"rendered":"\t\t<div data-elementor-type=\"wp-page\" data-elementor-id=\"6561\" class=\"elementor elementor-6561 elementor-146\" data-elementor-post-type=\"page\">\n\t\t\t\t<div class=\"elementor-element elementor-element-3083a78 e-con-full e-flex e-con e-parent\" data-id=\"3083a78\" data-element_type=\"container\" data-e-type=\"container\">\n\t\t\t\t<div class=\"elementor-element elementor-element-50c6c03 elementor-widget elementor-widget-heading\" data-id=\"50c6c03\" data-element_type=\"widget\" data-e-type=\"widget\" data-widget_type=\"heading.default\">\n\t\t\t\t\t<h1 class=\"elementor-heading-title elementor-size-default\">Ratings and Reviews<\/h1>\t\t\t\t<\/div>\n\t\t<div class=\"elementor-element elementor-element-5395040 e-con-full e-flex e-con e-child\" data-id=\"5395040\" data-element_type=\"container\" data-e-type=\"container\">\n\t\t<div class=\"elementor-element elementor-element-cb31767 e-con-full e-flex e-con e-child\" data-id=\"cb31767\" data-element_type=\"container\" data-e-type=\"container\">\n\t\t\t\t<div class=\"elementor-element elementor-element-59e0330 elementor-widget elementor-widget-text-editor\" data-id=\"59e0330\" data-element_type=\"widget\" data-e-type=\"widget\" data-widget_type=\"text-editor.default\">\n\t\t\t\t\t\t\t\t\t<p>When designing and subsequently manufacturing our BLOCkids climbing walls, we think primarily about our customers &#8211; that is, parents and their children. And you can find out what your reactions and experiences are below. You can find some of these reviews and photos from their implementations on our social networks.  <\/p>\t\t\t\t\t\t\t\t<\/div>\n\t\t\t\t<\/div>\n\t\t<div class=\"elementor-element elementor-element-4afaebc e-con-full e-flex e-con e-child\" data-id=\"4afaebc\" data-element_type=\"container\" data-e-type=\"container\">\n\t\t\t\t<div class=\"elementor-element elementor-element-8b3f327 elementor-shape-circle e-grid-align-left elementor-grid-0 elementor-widget elementor-widget-social-icons\" data-id=\"8b3f327\" data-element_type=\"widget\" data-e-type=\"widget\" data-widget_type=\"social-icons.default\">\n\t\t\t\t\t\t\t<div class=\"elementor-social-icons-wrapper elementor-grid\" role=\"list\">\n\t\t\t\t\t\t\t<span class=\"elementor-grid-item\" role=\"listitem\">\n\t\t\t\t\t<a class=\"elementor-icon elementor-social-icon elementor-social-icon-facebook elementor-repeater-item-2534678\" href=\"https:\/\/www.facebook.com\/blockids\" target=\"_blank\" rel=\"noopener\">\n\t\t\t\t\t\t<span class=\"elementor-screen-only\">Facebook<\/span>\n\t\t\t\t\t\t<svg aria-hidden=\"true\" class=\"e-font-icon-svg e-fab-facebook\" viewBox=\"0 0 512 512\" xmlns=\"http:\/\/www.w3.org\/2000\/svg\"><path d=\"M504 256C504 119 393 8 256 8S8 119 8 256c0 123.78 90.69 226.38 209.25 245V327.69h-63V256h63v-54.64c0-62.15 37-96.48 93.67-96.48 27.14 0 55.52 4.84 55.52 4.84v61h-31.28c-30.8 0-40.41 19.12-40.41 38.73V256h68.78l-11 71.69h-57.78V501C413.31 482.38 504 379.78 504 256z\"><\/path><\/svg>\t\t\t\t\t<\/a>\n\t\t\t\t<\/span>\n\t\t\t\t\t\t\t<span class=\"elementor-grid-item\" role=\"listitem\">\n\t\t\t\t\t<a class=\"elementor-icon elementor-social-icon elementor-social-icon-instagram elementor-repeater-item-8be3262\" href=\"https:\/\/www.instagram.com\/blockids._\/\" target=\"_blank\" rel=\"noopener\">\n\t\t\t\t\t\t<span class=\"elementor-screen-only\">Instagram<\/span>\n\t\t\t\t\t\t<svg aria-hidden=\"true\" class=\"e-font-icon-svg e-fab-instagram\" viewBox=\"0 0 448 512\" xmlns=\"http:\/\/www.w3.org\/2000\/svg\"><path d=\"M224.1 141c-63.6 0-114.9 51.3-114.9 114.9s51.3 114.9 114.9 114.9S339 319.5 339 255.9 287.7 141 224.1 141zm0 189.6c-41.1 0-74.7-33.5-74.7-74.7s33.5-74.7 74.7-74.7 74.7 33.5 74.7 74.7-33.6 74.7-74.7 74.7zm146.4-194.3c0 14.9-12 26.8-26.8 26.8-14.9 0-26.8-12-26.8-26.8s12-26.8 26.8-26.8 26.8 12 26.8 26.8zm76.1 27.2c-1.7-35.9-9.9-67.7-36.2-93.9-26.2-26.2-58-34.4-93.9-36.2-37-2.1-147.9-2.1-184.9 0-35.8 1.7-67.6 9.9-93.9 36.1s-34.4 58-36.2 93.9c-2.1 37-2.1 147.9 0 184.9 1.7 35.9 9.9 67.7 36.2 93.9s58 34.4 93.9 36.2c37 2.1 147.9 2.1 184.9 0 35.9-1.7 67.7-9.9 93.9-36.2 26.2-26.2 34.4-58 36.2-93.9 2.1-37 2.1-147.8 0-184.8zM398.8 388c-7.8 19.6-22.9 34.7-42.6 42.6-29.5 11.7-99.5 9-132.1 9s-102.7 2.6-132.1-9c-19.6-7.8-34.7-22.9-42.6-42.6-11.7-29.5-9-99.5-9-132.1s-2.6-102.7 9-132.1c7.8-19.6 22.9-34.7 42.6-42.6 29.5-11.7 99.5-9 132.1-9s102.7-2.6 132.1 9c19.6 7.8 34.7 22.9 42.6 42.6 11.7 29.5 9 99.5 9 132.1s2.7 102.7-9 132.1z\"><\/path><\/svg>\t\t\t\t\t<\/a>\n\t\t\t\t<\/span>\n\t\t\t\t\t<\/div>\n\t\t\t\t\t\t<\/div>\n\t\t\t\t<\/div>\n\t\t\t\t<\/div>\n\t\t<div class=\"elementor-element elementor-element-2c7489b e-con-full e-flex e-con e-child\" data-id=\"2c7489b\" data-element_type=\"container\" data-e-type=\"container\">\n\t\t<div class=\"elementor-element elementor-element-c8aa669 e-con-full e-flex e-con e-child\" data-id=\"c8aa669\" data-element_type=\"container\" data-e-type=\"container\">\n\t\t<div class=\"elementor-element elementor-element-327b13d e-con-full e-flex e-con e-child\" data-id=\"327b13d\" data-element_type=\"container\" data-e-type=\"container\">\n\t\t\t\t<div class=\"elementor-element elementor-element-7842458 elementor-widget elementor-widget-testimonial\" data-id=\"7842458\" data-element_type=\"widget\" data-e-type=\"widget\" data-widget_type=\"testimonial.default\">\n\t\t\t\t\t\t\t<div class=\"elementor-testimonial-wrapper\">\n\t\t\t\t\t\t\t<div class=\"elementor-testimonial-content\">The climbing wall looks very high quality. It comes with a large number of climbing holds. And most importantly: it also looks very safe.  \n<\/div>\n\t\t\t\n\t\t\t\t\t\t<div class=\"elementor-testimonial-meta\">\n\t\t\t\t<div class=\"elementor-testimonial-meta-inner\">\n\t\t\t\t\t\n\t\t\t\t\t\t\t\t\t\t<div class=\"elementor-testimonial-details\">\n\t\t\t\t\t\t\t\t\t\t\t\t\t\t<div class=\"elementor-testimonial-name\">Anonymous customer<\/div>\n\t\t\t\t\t\t\t\t\t\t\t\t\t\t\t\t\t\t\t\t\t\t<div class=\"elementor-testimonial-job\">Germany<\/div>\n\t\t\t\t\t\t\t\t\t\t\t\t\t<\/div>\n\t\t\t\t\t\t\t\t\t<\/div>\n\t\t\t<\/div>\n\t\t\t\t\t<\/div>\n\t\t\t\t\t\t<\/div>\n\t\t\t\t<\/div>\n\t\t<div class=\"elementor-element elementor-element-29ade1a e-con-full e-flex e-con e-child\" data-id=\"29ade1a\" data-element_type=\"container\" data-e-type=\"container\">\n\t\t\t\t<div class=\"elementor-element elementor-element-9d67aa0 elementor-widget elementor-widget-testimonial\" data-id=\"9d67aa0\" data-element_type=\"widget\" data-e-type=\"widget\" data-widget_type=\"testimonial.default\">\n\t\t\t\t\t\t\t<div class=\"elementor-testimonial-wrapper\">\n\t\t\t\t\t\t\t<div class=\"elementor-testimonial-content\">Jsme velmi spokojeni s horolezeckou st\u011bnou, kterou jsme zakoupili pro na\u0161e d\u011bti. St\u011bna je skv\u011ble p\u0159izp\u016fsobena pot\u0159eb\u00e1m p\u0159ed\u0161koln\u00edch d\u011bt\u00ed \u2013 je bezpe\u010dn\u00e1 a umo\u017e\u0148uje d\u011btem r\u016fzn\u00e9 \u00farovn\u011b zdol\u00e1v\u00e1n\u00ed, co\u017e podporuje jejich fyzick\u00fd a psychick\u00fd rozvoj.\nD\u011bti se na st\u011bn\u011b velmi r\u00e1dy vy\u0159\u00e1d\u00ed, zlep\u0161uj\u00ed svou motoriku a koordinaci. St\u011bna je dostate\u010dn\u011b pevn\u00e1, aby vydr\u017eela i \u010dast\u00e9 pou\u017e\u00edv\u00e1n\u00ed. Materi\u00e1l je kvalitn\u00ed a snadno udr\u017eovateln\u00fd. Vzhledem k v\u011bkov\u00e9 kategorii d\u011bt\u00ed v mate\u0159sk\u00e9 \u0161kole je ide\u00e1ln\u00ed \u2013 n\u00e1mi zvolen\u00e1 varianta nen\u00ed p\u0159\u00edli\u0161 vysok\u00e1.    <\/div>\n\t\t\t\n\t\t\t\t\t\t<div class=\"elementor-testimonial-meta\">\n\t\t\t\t<div class=\"elementor-testimonial-meta-inner\">\n\t\t\t\t\t\n\t\t\t\t\t\t\t\t\t\t<div class=\"elementor-testimonial-details\">\n\t\t\t\t\t\t\t\t\t\t\t\t\t\t<div class=\"elementor-testimonial-name\">Mgr. Lenka Delfina \u017divn\u00e1 - Director of the V\u00edtkov Kindergarten <\/div>\n\t\t\t\t\t\t\t\t\t\t\t\t\t\t\t\t\t\t\t\t\t\t<div class=\"elementor-testimonial-job\">Czech Republic<\/div>\n\t\t\t\t\t\t\t\t\t\t\t\t\t<\/div>\n\t\t\t\t\t\t\t\t\t<\/div>\n\t\t\t<\/div>\n\t\t\t\t\t<\/div>\n\t\t\t\t\t\t<\/div>\n\t\t\t\t<\/div>\n\t\t<div class=\"elementor-element elementor-element-ea045e6 e-con-full e-flex e-con e-child\" data-id=\"ea045e6\" data-element_type=\"container\" data-e-type=\"container\">\n\t\t\t\t<div class=\"elementor-element elementor-element-15166be elementor-widget elementor-widget-testimonial\" data-id=\"15166be\" data-element_type=\"widget\" data-e-type=\"widget\" data-widget_type=\"testimonial.default\">\n\t\t\t\t\t\t\t<div class=\"elementor-testimonial-wrapper\">\n\t\t\t\t\t\t\t<div class=\"elementor-testimonial-content\">Ned\u00e1vno jsme ve \u0161kole nainstalovali novou lezeckou st\u011bnu a rozhodli jsme se pro firmu, kter\u00e1 n\u00e1s maxim\u00e1ln\u011b pot\u011b\u0161ila sv\u00fdm p\u0159\u00edstupem a profesionalitou. Od za\u010d\u00e1tku s n\u00e1mi komunikovali vst\u0159\u00edcn\u011b a ochotn\u011b, navrhli mo\u017enosti p\u0159izp\u016fsoben\u00e9 v\u011bku na\u0161ich \u017e\u00e1k\u016f (od 6 do 15 let) a poradili n\u00e1m se v\u0161\u00edm, co bylo t\u0159eba. Instalace prob\u011bhla hladce, t\u00fdm byl precizn\u00ed a dovedli si poradit i s na\u0161imi specifick\u00fdmi po\u017eadavky. Velmi si cen\u00edme i toho, \u017ee mysleli na bezpe\u010dnostn\u00ed prvky a poskytli n\u00e1m cenn\u00e9 rady ohledn\u011b pou\u017e\u00edv\u00e1n\u00ed st\u011bny v\u010detn\u011b pokyn\u016f pro bezpe\u010dnou manipulaci s dopadovou matrac\u00ed. D\u00edky jejich individu\u00e1ln\u00edmu p\u0159\u00edstupu te\u010f m\u00e1me st\u011bnu, kterou mohou vyu\u017e\u00edvat jak men\u0161\u00ed, tak star\u0161\u00ed \u017e\u00e1ci, a m\u00e1me jistotu, \u017ee je maxim\u00e1ln\u011b bezpe\u010dn\u00e1. Moc d\u011bkujeme a pos\u00edl\u00e1me i odkaz na \u010dl\u00e1nek pro rodi\u010de na webu \u0161koly: <a href=\"https:\/\/www.zssazava.cz\/aktuality#h.n9hlxkl62cq\" target=\"_blank\" rel=\"noopener\">https:\/\/www.zssazava.cz\/aktuality#h.n9hlxkl62cq<\/a>.      <\/div>\n\t\t\t\n\t\t\t\t\t\t<div class=\"elementor-testimonial-meta\">\n\t\t\t\t<div class=\"elementor-testimonial-meta-inner\">\n\t\t\t\t\t\n\t\t\t\t\t\t\t\t\t\t<div class=\"elementor-testimonial-details\">\n\t\t\t\t\t\t\t\t\t\t\t\t\t\t<div class=\"elementor-testimonial-name\">Nov\u00e1kov\u00e1 \u0160\u00e1rka a Irena Sojkov\u00e1 (Z\u0160 a M\u0160 S\u00e1zava)<\/div>\n\t\t\t\t\t\t\t\t\t\t\t\t\t\t\t\t\t\t\t\t\t\t<div class=\"elementor-testimonial-job\">Czech Republic<\/div>\n\t\t\t\t\t\t\t\t\t\t\t\t\t<\/div>\n\t\t\t\t\t\t\t\t\t<\/div>\n\t\t\t<\/div>\n\t\t\t\t\t<\/div>\n\t\t\t\t\t\t<\/div>\n\t\t\t\t<\/div>\n\t\t<div class=\"elementor-element elementor-element-d67f54d e-con-full e-flex e-con e-child\" data-id=\"d67f54d\" data-element_type=\"container\" data-e-type=\"container\">\n\t\t\t\t<div class=\"elementor-element elementor-element-5313daf elementor-widget elementor-widget-testimonial\" data-id=\"5313daf\" data-element_type=\"widget\" data-e-type=\"widget\" data-widget_type=\"testimonial.default\">\n\t\t\t\t\t\t\t<div class=\"elementor-testimonial-wrapper\">\n\t\t\t\t\t\t\t<div class=\"elementor-testimonial-content\">Na\u0161im d\u011btem se nov\u00e9 lezeck\u00e9 za\u0159\u00edzen\u00ed na na\u0161\u00ed zahrad\u011b moc l\u00edb\u00ed. D\u011bkuji za to! <\/div>\n\t\t\t\n\t\t\t\t\t\t<div class=\"elementor-testimonial-meta\">\n\t\t\t\t<div class=\"elementor-testimonial-meta-inner\">\n\t\t\t\t\t\n\t\t\t\t\t\t\t\t\t\t<div class=\"elementor-testimonial-details\">\n\t\t\t\t\t\t\t\t\t\t\t\t\t\t<div class=\"elementor-testimonial-name\">Sonja Kaubov\u00e1<\/div>\n\t\t\t\t\t\t\t\t\t\t\t\t\t\t\t\t\t\t\t\t\t\t<div class=\"elementor-testimonial-job\">Czech Republic<\/div>\n\t\t\t\t\t\t\t\t\t\t\t\t\t<\/div>\n\t\t\t\t\t\t\t\t\t<\/div>\n\t\t\t<\/div>\n\t\t\t\t\t<\/div>\n\t\t\t\t\t\t<\/div>\n\t\t\t\t<\/div>\n\t\t\t\t<\/div>\n\t\t<div class=\"elementor-element elementor-element-4faa8f3 e-con-full e-flex e-con e-child\" data-id=\"4faa8f3\" data-element_type=\"container\" data-e-type=\"container\">\n\t\t<div class=\"elementor-element elementor-element-bb7c9f4 e-con-full e-flex e-con e-child\" data-id=\"bb7c9f4\" data-element_type=\"container\" data-e-type=\"container\">\n\t\t\t\t<div class=\"elementor-element elementor-element-74b9c03 elementor-widget elementor-widget-testimonial\" data-id=\"74b9c03\" data-element_type=\"widget\" data-e-type=\"widget\" data-widget_type=\"testimonial.default\">\n\t\t\t\t\t\t\t<div class=\"elementor-testimonial-wrapper\">\n\t\t\t\t\t\t\t<div class=\"elementor-testimonial-content\">Dobr\u00fd den, s produktem jsme velmi spokojeni a lezeck\u00e1 st\u011bna je ozdobou d\u011btsk\u00e9ho pokoje. U\u017e jsem V\u00e1m zanechala hodnocen\u00ed na Googlu a v p\u0159\u00edloze zas\u00edl\u00e1m <a href=\"https:\/\/drive.google.com\/file\/d\/14-_WkMWqIDXqiS8qip6O0pWc4WTriJ2Y\/view?usp=sharing\" target=\"_blank\" rel=\"noopener\">fotografii postaven\u00e9 st\u011bny<\/a>. Ur\u010dit\u011b to bylo spr\u00e1vn\u00e9 rozhodnut\u00ed objednat si lezeckou st\u011bnu BLOCKids a budu V\u00e1s v\u0161em doporu\u010dovat. Mnoho pozdrav\u016f z Hannoveru.   <\/div>\n\t\t\t\n\t\t\t\t\t\t<div class=\"elementor-testimonial-meta\">\n\t\t\t\t<div class=\"elementor-testimonial-meta-inner\">\n\t\t\t\t\t\n\t\t\t\t\t\t\t\t\t\t<div class=\"elementor-testimonial-details\">\n\t\t\t\t\t\t\t\t\t\t\t\t\t\t<div class=\"elementor-testimonial-name\">Lea Schrader<\/div>\n\t\t\t\t\t\t\t\t\t\t\t\t\t\t\t\t\t\t\t\t\t\t<div class=\"elementor-testimonial-job\">Germany<\/div>\n\t\t\t\t\t\t\t\t\t\t\t\t\t<\/div>\n\t\t\t\t\t\t\t\t\t<\/div>\n\t\t\t<\/div>\n\t\t\t\t\t<\/div>\n\t\t\t\t\t\t<\/div>\n\t\t\t\t<\/div>\n\t\t<div class=\"elementor-element elementor-element-5fe234f e-con-full e-flex e-con e-child\" data-id=\"5fe234f\" data-element_type=\"container\" data-e-type=\"container\">\n\t\t\t\t<div class=\"elementor-element elementor-element-ab3b1f7 elementor-widget elementor-widget-testimonial\" data-id=\"ab3b1f7\" data-element_type=\"widget\" data-e-type=\"widget\" data-widget_type=\"testimonial.default\">\n\t\t\t\t\t\t\t<div class=\"elementor-testimonial-wrapper\">\n\t\t\t\t\t\t\t<div class=\"elementor-testimonial-content\">Horolezeckou st\u011bnu jsme nainstalovali p\u0159ed t\u0159emi t\u00fddny a n\u00e1\u0161 dvan\u00e1ctilet\u00fd syn je z n\u00ed st\u00e1le je\u0161t\u011b nad\u0161en\u00fd. Vlastn\u00ed mont\u00e1\u017e \u0161esti desek za pomoci pneumatick\u00e9ho kladiva (bydl\u00edme v panel\u00e1ku) jsme zvl\u00e1dli za cca dv\u011b hodiny. Boulderov\u00e9 sestavy si syn instaluje s\u00e1m. Dv\u011b struktury si za asistence sestry namontoval tak\u00e9 s\u00e1m. Pokud Vy nebo Va\u0161e d\u00edt\u011b u\u017e n\u011bjakou dobu lezete, ur\u010dit\u011b je dobr\u00e9 to v objedn\u00e1vce zm\u00ednit, proto\u017ee z\u00e1kladn\u00ed chyty jsou sp\u00ed\u0161e jednodu\u0161\u0161\u00ed, pro za\u010d\u00e1te\u010dn\u00edky. My to tak ud\u011blali a dodavatel\u00e9 n\u00e1m sami navrhli v\u00fdm\u011bnu \u010d\u00e1sti chyt\u016f za obt\u00ed\u017en\u011bj\u0161\u00ed verzi. Jedn\u00e1n\u00ed bylo bezprobl\u00e9mov\u00e9 a velmi p\u0159\u00edjemn\u00e9. V\u0161echno funguje tak, jak m\u00e1. N\u00e1kupu ur\u010dit\u011b nelitujeme. M\u016f\u017eeme jen doporu\u010dit.          <\/div>\n\t\t\t\n\t\t\t\t\t\t<div class=\"elementor-testimonial-meta\">\n\t\t\t\t<div class=\"elementor-testimonial-meta-inner\">\n\t\t\t\t\t\n\t\t\t\t\t\t\t\t\t\t<div class=\"elementor-testimonial-details\">\n\t\t\t\t\t\t\t\t\t\t\t\t\t\t<div class=\"elementor-testimonial-name\">Richard \u0160\u00edpek<\/div>\n\t\t\t\t\t\t\t\t\t\t\t\t\t\t\t\t\t\t\t\t\t\t<div class=\"elementor-testimonial-job\">Germany<\/div>\n\t\t\t\t\t\t\t\t\t\t\t\t\t<\/div>\n\t\t\t\t\t\t\t\t\t<\/div>\n\t\t\t<\/div>\n\t\t\t\t\t<\/div>\n\t\t\t\t\t\t<\/div>\n\t\t\t\t<\/div>\n\t\t<div class=\"elementor-element elementor-element-d9e14a9 e-con-full e-flex e-con e-child\" data-id=\"d9e14a9\" data-element_type=\"container\" data-e-type=\"container\">\n\t\t\t\t<div class=\"elementor-element elementor-element-26d8d59 elementor-widget elementor-widget-testimonial\" data-id=\"26d8d59\" data-element_type=\"widget\" data-e-type=\"widget\" data-widget_type=\"testimonial.default\">\n\t\t\t\t\t\t\t<div class=\"elementor-testimonial-wrapper\">\n\t\t\t\t\t\t\t<div class=\"elementor-testimonial-content\">S lezeckou st\u011bnou Blockids jsme velmi spokojeni. Nejen\u017ee na n\u00ed n\u00e1\u0161 syn denn\u011b tr\u00e9nuje, ale i zbytek rodiny se m\u016f\u017ee no\u0159it do taj\u016f boulderingu. Na ka\u017ed\u00e9m detailu lezeck\u00e9 st\u011bny je vid\u011bt, \u017ee Blockids v\u00ed, co d\u011blaj\u00ed, a jsou do toho zap\u00e1len\u00ed. Vysoce kvalitn\u00ed materi\u00e1l a zpracov\u00e1n\u00ed pro roky z\u00e1bavy!   <\/div>\n\t\t\t\n\t\t\t\t\t\t<div class=\"elementor-testimonial-meta\">\n\t\t\t\t<div class=\"elementor-testimonial-meta-inner\">\n\t\t\t\t\t\n\t\t\t\t\t\t\t\t\t\t<div class=\"elementor-testimonial-details\">\n\t\t\t\t\t\t\t\t\t\t\t\t\t\t<div class=\"elementor-testimonial-name\">Glenn Oberholzer<\/div>\n\t\t\t\t\t\t\t\t\t\t\t\t\t\t\t\t\t\t\t\t\t\t<div class=\"elementor-testimonial-job\">Switzerland<\/div>\n\t\t\t\t\t\t\t\t\t\t\t\t\t<\/div>\n\t\t\t\t\t\t\t\t\t<\/div>\n\t\t\t<\/div>\n\t\t\t\t\t<\/div>\n\t\t\t\t\t\t<\/div>\n\t\t\t\t<\/div>\n\t\t<div class=\"elementor-element elementor-element-5f65f1d e-con-full e-flex e-con e-child\" data-id=\"5f65f1d\" data-element_type=\"container\" data-e-type=\"container\">\n\t\t\t\t<div class=\"elementor-element elementor-element-8c63230 elementor-widget elementor-widget-testimonial\" data-id=\"8c63230\" data-element_type=\"widget\" data-e-type=\"widget\" data-widget_type=\"testimonial.default\">\n\t\t\t\t\t\t\t<div class=\"elementor-testimonial-wrapper\">\n\t\t\t\t\t\t\t<div class=\"elementor-testimonial-content\">Moc d\u011bkujeme za skv\u011blou lezeckou st\u011bnu, jsme nad\u0161eni a d\u011bti to moc bav\u00ed, kvalita super.<\/div>\n\t\t\t\n\t\t\t\t\t\t<div class=\"elementor-testimonial-meta\">\n\t\t\t\t<div class=\"elementor-testimonial-meta-inner\">\n\t\t\t\t\t\n\t\t\t\t\t\t\t\t\t\t<div class=\"elementor-testimonial-details\">\n\t\t\t\t\t\t\t\t\t\t\t\t\t\t<div class=\"elementor-testimonial-name\">Kinga Wallat a Patrick Holesz<\/div>\n\t\t\t\t\t\t\t\t\t\t\t\t\t\t\t\t\t\t\t\t\t\t<div class=\"elementor-testimonial-job\">N\u011bmecko<\/div>\n\t\t\t\t\t\t\t\t\t\t\t\t\t<\/div>\n\t\t\t\t\t\t\t\t\t<\/div>\n\t\t\t<\/div>\n\t\t\t\t\t<\/div>\n\t\t\t\t\t\t<\/div>\n\t\t\t\t<\/div>\n\t\t\t\t<\/div>\n\t\t<div class=\"elementor-element elementor-element-b2a2a6f e-con-full e-flex e-con e-child\" data-id=\"b2a2a6f\" data-element_type=\"container\" data-e-type=\"container\">\n\t\t<div class=\"elementor-element elementor-element-a19842d e-con-full e-flex e-con e-child\" data-id=\"a19842d\" data-element_type=\"container\" data-e-type=\"container\">\n\t\t\t\t<div class=\"elementor-element elementor-element-b12483c elementor-widget elementor-widget-testimonial\" data-id=\"b12483c\" data-element_type=\"widget\" data-e-type=\"widget\" data-widget_type=\"testimonial.default\">\n\t\t\t\t\t\t\t<div class=\"elementor-testimonial-wrapper\">\n\t\t\t\t\t\t\t<div class=\"elementor-testimonial-content\">Objedn\u00e1vka dnes dorazila. D\u011bkuji za super kvalitu a rychl\u00e9 dod\u00e1n\u00ed. S va\u0161\u00edm v\u00fdrobkem jsem velmi spokojen. A\u017e bude v\u0161e kompletn\u011b sestaveno, d\u00e1m v\u00e1m skv\u011bl\u00e9 hodnocen\u00ed na Googlu. Velk\u00e1 pochvala.    <\/div>\n\t\t\t\n\t\t\t\t\t\t<div class=\"elementor-testimonial-meta\">\n\t\t\t\t<div class=\"elementor-testimonial-meta-inner\">\n\t\t\t\t\t\n\t\t\t\t\t\t\t\t\t\t<div class=\"elementor-testimonial-details\">\n\t\t\t\t\t\t\t\t\t\t\t\t\t\t<div class=\"elementor-testimonial-name\">Erich \/ Anna Ungemach praxe pro ergoterapii<\/div>\n\t\t\t\t\t\t\t\t\t\t\t\t\t\t\t\t\t\t\t\t\t\t<div class=\"elementor-testimonial-job\">Goppingen, Germany<\/div>\n\t\t\t\t\t\t\t\t\t\t\t\t\t<\/div>\n\t\t\t\t\t\t\t\t\t<\/div>\n\t\t\t<\/div>\n\t\t\t\t\t<\/div>\n\t\t\t\t\t\t<\/div>\n\t\t\t\t<\/div>\n\t\t<div class=\"elementor-element elementor-element-c44fabd e-con-full e-flex e-con e-child\" data-id=\"c44fabd\" data-element_type=\"container\" data-e-type=\"container\">\n\t\t\t\t<div class=\"elementor-element elementor-element-7c4b9d0 elementor-widget elementor-widget-testimonial\" data-id=\"7c4b9d0\" data-element_type=\"widget\" data-e-type=\"widget\" data-widget_type=\"testimonial.default\">\n\t\t\t\t\t\t\t<div class=\"elementor-testimonial-wrapper\">\n\t\t\t\t\t\t\t<div class=\"elementor-testimonial-content\">V\u00e1\u017een\u00e9 d\u00e1my a p\u00e1nov\u00e9, ji\u017e jednou jsem u v\u00e1s zakoupil n\u011bkolik v\u011bc\u00ed pro svoji terapeutickou praxi a jsme skute\u010dn\u011b velmi spokojeni s lezeckou st\u011bnou. Nyn\u00ed chci vybavit dal\u0161\u00ed terapeutickou m\u00edstnost stejn\u00fdm v\u00fdrobkem! <\/div>\n\t\t\t\n\t\t\t\t\t\t<div class=\"elementor-testimonial-meta\">\n\t\t\t\t<div class=\"elementor-testimonial-meta-inner\">\n\t\t\t\t\t\n\t\t\t\t\t\t\t\t\t\t<div class=\"elementor-testimonial-details\">\n\t\t\t\t\t\t\t\t\t\t\t\t\t\t<div class=\"elementor-testimonial-name\">Maximilian Berghammer, BSc, MSc \/ Praxe pro Ergotherapii<\/div>\n\t\t\t\t\t\t\t\t\t\t\t\t\t\t\t\t\t\t\t\t\t\t<div class=\"elementor-testimonial-job\">Austria<\/div>\n\t\t\t\t\t\t\t\t\t\t\t\t\t<\/div>\n\t\t\t\t\t\t\t\t\t<\/div>\n\t\t\t<\/div>\n\t\t\t\t\t<\/div>\n\t\t\t\t\t\t<\/div>\n\t\t\t\t<\/div>\n\t\t<div class=\"elementor-element elementor-element-53900a6 e-con-full e-flex e-con e-child\" data-id=\"53900a6\" data-element_type=\"container\" data-e-type=\"container\">\n\t\t\t\t<div class=\"elementor-element elementor-element-5af0564 elementor-widget elementor-widget-testimonial\" data-id=\"5af0564\" data-element_type=\"widget\" data-e-type=\"widget\" data-widget_type=\"testimonial.default\">\n\t\t\t\t\t\t\t<div class=\"elementor-testimonial-wrapper\">\n\t\t\t\t\t\t\t<div class=\"elementor-testimonial-content\">Je\u0161t\u011b jednou V\u00e1m d\u011bkujeme za \u00fa\u017easnou st\u011bnu, kterou jste n\u00e1m dodali. St\u011bna je ji\u017e namontovan\u00e1 a d\u011bti ji doslova miluj\u00ed. <\/div>\n\t\t\t\n\t\t\t\t\t\t<div class=\"elementor-testimonial-meta\">\n\t\t\t\t<div class=\"elementor-testimonial-meta-inner\">\n\t\t\t\t\t\n\t\t\t\t\t\t\t\t\t\t<div class=\"elementor-testimonial-details\">\n\t\t\t\t\t\t\t\t\t\t\t\t\t\t<div class=\"elementor-testimonial-name\">Michaela Hrozov\u00e1, pedagog voln\u00e9ho \u010dasu<\/div>\n\t\t\t\t\t\t\t\t\t\t\t\t\t\t\t\t\t\t\t\t\t\t<div class=\"elementor-testimonial-job\">D\u016fm d\u011bt\u00ed a ml\u00e1de\u017ee Kyjov, p\u0159\u00edsp\u011bvkov\u00e1 organizace m\u011bsta<\/div>\n\t\t\t\t\t\t\t\t\t\t\t\t\t<\/div>\n\t\t\t\t\t\t\t\t\t<\/div>\n\t\t\t<\/div>\n\t\t\t\t\t<\/div>\n\t\t\t\t\t\t<\/div>\n\t\t\t\t<\/div>\n\t\t<div class=\"elementor-element elementor-element-45131d3 e-con-full e-flex e-con e-child\" data-id=\"45131d3\" data-element_type=\"container\" data-e-type=\"container\">\n\t\t\t\t<div class=\"elementor-element elementor-element-38a99d2 elementor-widget elementor-widget-testimonial\" data-id=\"38a99d2\" data-element_type=\"widget\" data-e-type=\"widget\" data-widget_type=\"testimonial.default\">\n\t\t\t\t\t\t\t<div class=\"elementor-testimonial-wrapper\">\n\t\t\t\t\t\t\t<div class=\"elementor-testimonial-content\">Va\u0161e proveden\u00ed horolezeck\u00e9 st\u011bny je pro na\u0161e d\u011btsk\u00e9 i dosp\u011bl\u00e9 pacienty p\u0159\u00edjemnou a z\u00e1bavnou formou terapie. Je p\u0159irozen\u00fdm prost\u0159edkem vedouc\u00edm ke zlep\u0161ov\u00e1n\u00ed pohybov\u00fdch schopnost\u00ed v r\u00e1mci ovliv\u0148ov\u00e1n\u00ed zdravotn\u00edch obt\u00ed\u017e\u00ed. Kvalitn\u00ed i estetick\u00e9 proveden\u00ed horolezeck\u00e9 st\u011bny jen pro\u017eitek z terapi\u00ed umoc\u0148uj\u00ed. V\u0161em va\u0161i firmu doporu\u010dujeme.   <\/div>\n\t\t\t\n\t\t\t\t\t\t<div class=\"elementor-testimonial-meta\">\n\t\t\t\t<div class=\"elementor-testimonial-meta-inner\">\n\t\t\t\t\t\n\t\t\t\t\t\t\t\t\t\t<div class=\"elementor-testimonial-details\">\n\t\t\t\t\t\t\t\t\t\t\t\t\t\t\t\t\t\t\t\t<div class=\"elementor-testimonial-job\">RehaCentrum \u010cesk\u00fd T\u011b\u0161\u00edn, s. r. o. <\/div>\n\t\t\t\t\t\t\t\t\t\t\t\t\t<\/div>\n\t\t\t\t\t\t\t\t\t<\/div>\n\t\t\t<\/div>\n\t\t\t\t\t<\/div>\n\t\t\t\t\t\t<\/div>\n\t\t\t\t<\/div>\n\t\t<div class=\"elementor-element elementor-element-19579c4 e-con-full e-flex e-con e-child\" data-id=\"19579c4\" data-element_type=\"container\" data-e-type=\"container\">\n\t\t\t\t<div class=\"elementor-element elementor-element-f7638f0 elementor-widget elementor-widget-testimonial\" data-id=\"f7638f0\" data-element_type=\"widget\" data-e-type=\"widget\" data-widget_type=\"testimonial.default\">\n\t\t\t\t\t\t\t<div class=\"elementor-testimonial-wrapper\">\n\t\t\t\t\t\t\t<div class=\"elementor-testimonial-content\">Va\u0161e lezeck\u00e1 st\u011bna je lep\u0161\u00ed, ne\u017e se o\u010dek\u00e1valo. Moc d\u011bkuji za tento fantastick\u00fd produkt. V\u00edt\u00e1me v\u00e1s, de\u0161tiv\u00e9 dny!  <\/div>\n\t\t\t\n\t\t\t\t\t\t<div class=\"elementor-testimonial-meta\">\n\t\t\t\t<div class=\"elementor-testimonial-meta-inner\">\n\t\t\t\t\t\n\t\t\t\t\t\t\t\t\t\t<div class=\"elementor-testimonial-details\">\n\t\t\t\t\t\t\t\t\t\t\t\t\t\t<div class=\"elementor-testimonial-name\">Anita Taplaovi\u010d<\/div>\n\t\t\t\t\t\t\t\t\t\t\t\t\t\t\t\t\t\t\t\t\t\t<div class=\"elementor-testimonial-job\">Chorvatsko<\/div>\n\t\t\t\t\t\t\t\t\t\t\t\t\t<\/div>\n\t\t\t\t\t\t\t\t\t<\/div>\n\t\t\t<\/div>\n\t\t\t\t\t<\/div>\n\t\t\t\t\t\t<\/div>\n\t\t\t\t<\/div>\n\t\t\t\t<\/div>\n\t\t\t\t<\/div>\n\t\t\t\t<\/div>\n\t\t\t\t<\/div>\n\t\t","protected":false},"excerpt":{"rendered":"<p>When designing and subsequently manufacturing our BLOCkids climbing walls, we think primarily about our customers &#8211; that is, parents and their children. And you can find out what your reactions and experiences are below. You can find some of these reviews and photos from their implementations on our social networks. Facebook Instagram The climbing wall [&hellip;]<\/p>\n","protected":false},"author":2,"featured_media":0,"parent":0,"menu_order":0,"comment_status":"closed","ping_status":"closed","template":"","meta":{"_acf_changed":false,"footnotes":""},"class_list":["post-6561","page","type-page","status-publish","hentry"],"acf":[],"_links":{"self":[{"href":"https:\/\/blockids.eu\/en\/wp-json\/wp\/v2\/pages\/6561","targetHints":{"allow":["GET"]}}],"collection":[{"href":"https:\/\/blockids.eu\/en\/wp-json\/wp\/v2\/pages"}],"about":[{"href":"https:\/\/blockids.eu\/en\/wp-json\/wp\/v2\/types\/page"}],"author":[{"embeddable":true,"href":"https:\/\/blockids.eu\/en\/wp-json\/wp\/v2\/users\/2"}],"replies":[{"embeddable":true,"href":"https:\/\/blockids.eu\/en\/wp-json\/wp\/v2\/comments?post=6561"}],"version-history":[{"count":1,"href":"https:\/\/blockids.eu\/en\/wp-json\/wp\/v2\/pages\/6561\/revisions"}],"predecessor-version":[{"id":6562,"href":"https:\/\/blockids.eu\/en\/wp-json\/wp\/v2\/pages\/6561\/revisions\/6562"}],"wp:attachment":[{"href":"https:\/\/blockids.eu\/en\/wp-json\/wp\/v2\/media?parent=6561"}],"curies":[{"name":"wp","href":"https:\/\/api.w.org\/{rel}","templated":true}]}}