{"id":5278,"date":"2026-01-15T09:04:26","date_gmt":"2026-01-15T09:04:26","guid":{"rendered":"https:\/\/blockids.eu\/?page_id=5278"},"modified":"2026-05-05T13:13:50","modified_gmt":"2026-05-05T13:13:50","slug":"terms-and-conditions","status":"publish","type":"page","link":"https:\/\/blockids.eu\/en\/terms-and-conditions","title":{"rendered":"Terms and Conditions"},"content":{"rendered":"\t\t<div data-elementor-type=\"wp-page\" data-elementor-id=\"5278\" class=\"elementor elementor-5278 elementor-19\" data-elementor-post-type=\"page\">\n\t\t\t\t<div class=\"elementor-element elementor-element-994c69c e-flex e-con-boxed e-con e-parent\" data-id=\"994c69c\" data-element_type=\"container\" data-e-type=\"container\">\n\t\t\t\t\t<div class=\"e-con-inner\">\n\t\t\t\t<div class=\"elementor-element elementor-element-8327e28 elementor-widget elementor-widget-heading\" data-id=\"8327e28\" data-element_type=\"widget\" data-e-type=\"widget\" data-widget_type=\"heading.default\">\n\t\t\t\t\t<h2 class=\"elementor-heading-title elementor-size-default\">Terms and Conditions<\/h2>\t\t\t\t<\/div>\n\t\t\t\t<div class=\"elementor-element elementor-element-54c480f elementor-widget elementor-widget-text-editor\" data-id=\"54c480f\" data-element_type=\"widget\" data-e-type=\"widget\" data-widget_type=\"text-editor.default\">\n\t\t\t\t\t\t\t\t\t<p><strong>Company name:<\/strong><br>VirginGrip s.r.o. (Ltd.)<br>based: Tis\u00e1 382, 403 36 Tis\u00e1, the Czech Republic,<br>Company Registration Number: 055 79 406<br>Registered in the Commercial Register at the Regional Court in \u00dast\u00ed nad Labem, the Czech Republic,<br>Section C, Insert 38496<br>Sale of goods via on-line store at:<br><a href=\"https:\/\/www.blockids.eu\/\">www.blockids.eu<\/a><\/p>\n<p>1. INTRODUCTORY PROVISIONS<br>1.1. These Business Terms and Conditions (hereinafter referred to as the \u201cBusiness Conditions\u201d) of VirginGrip s.r.o. Ltd., registered office at Tis\u00e1 382, 403 36 Tis\u00e1, the Czech Republic, Identification number: 055 79 406, registered in the Commercial Register kept by the Regional Court in \u00dast\u00ed nad Labem, the Czech Republic, Section C, Insert 38496, hereinafter referred to as the \u201cSeller\u201d) govern the mutual rights and obligations of the parties arising out of or in accordance with the Purchase Contract in accordance with the provisions of Section 1751 (1) of Act No. 89\/2012 Coll., the Civil Code (hereinafter referred to as \u201cthe Civil Code\u201d (hereinafter referred to as the \u201cPurchase Agreement\u201d) concluded between the Seller and another individual (the \u201cBuyer\u201d) through the Seller\u2019s<br>Internet Store. The e-shop is operated by the seller on the web site: www.blockids.eu (hereinafter referred to as the \u201cwebsite\u201d) through the website interface (hereinafter referred to as the \u201cweb interface of the store\u201d).<br>1.2. Business terms do not apply to cases where a person intending to buy the goods from a seller is a legal entity or a person acting on the order of the goods in the course of the business or in their independent pursuit of their profession.<br>1.3. Provisions derogating from the Business Conditions is to be negotiated in the Sales Contract.<br>Other arrangements in the Sales Contract are prior to over the provisions of the Business Conditions.<br>1.4. Business Conditions are an integral part of the Sales Contract. The Purchase Agreement and the Business Conditions are in the Czech language. The Purchase Contract is to be concluded in the Czech language.<br>1.5. The seller is entitled to change or add the wording of the Business Conditions. Such commitment is has no impact on the rights and obligations arising within the period of validity of the previous version of the Business Conditions.<\/p>\n<p><strong>2. THE USER ACCOUNT<\/strong><br>2.1. The buyer can access the user interface based on the buyer\u00b4s Website Registration. From its user<br>interface, the buyer can perform the ordering of goods (hereinafter referred: \u201cUser Account\u201d).<br>Providing the web interface store available, the buyer can also order goods without registration; directly<br>from the Web Store interface.<br>2.2. When Signing-up or ordering goods via the Website, the buyer is required to truly state all personal<br>data truly and correctly. Shall there be any changes within the User Account, the User is required to<br>update the Account in accordance with such changes. Therefore, placing order, the data (provided by<br>the buyer within the User Account or the Seller) is considered correct.<br>2.3. The User Account Access is secured by a User Name and Password. Regarding the access<br>information to the User Account the buyer is required to act confidentiality.<br>2.4. The buyer has no authorization to pass the use of the User Account onto a third party.<br>2.5. Providing the User Account has not been active for over a period of 12 months, or the buyer<br>breaches in the sales contract, including Business Terms, the seller is fully entitled to cancel deactivate<br>such User Account.<br>2.6. The buyer is fully aware of occasional disconnection of the User Account access; due to technical<br>HW\/SW maintenance on the vendor or third part behalf.<\/p>\n<p><strong>3. SIGNING AN AGREEMENT<\/strong><br>3.1 The goods presented on Web Store Interface (hereinafter referred to: WSI) are presented for informative purposes only and the seller has no obligation to conclude a purchase contract for such. Section\u00a7 1732 (2) of the Czech Civil Code does not apply.<br>3.2. Regarding the goods, the WSI contains information about the goods, including the price indication of each item as well as refund conditions (providing an item to be returned is of such character that cannot be returned via mail.) Goods\u00b4 prices include V.A.T. and fees added. Product prices remain valid for the period of being displayed on the WSI. This provision does not limit the seller\u2019s entitlement to<br>commit a purchase contract upon individual agreement.<br>3.3. The WSI also includes information related to the stock packaging and delivery conditions and applies for the Czech Republic only.<br>3.4. To order the goods via WSI , the order form is to be filled out by the buyer, containing in particular:<br>3.4.1. Goods ordered (entered into WSI e-shopping card)<br>3.4.2. Way of the purchase payment, delivery details required<br>3.4.3. Delivery costs (further on as: \u201cOrder\u201d).<br>3.5. Prior to sending the Order to the seller, the buyer is entitled to check and modify the data the<br>buyer has entered into the Order. The buyer\u2019s permitted to identify and correct errors which have<br>occurred. The Order is sent by the buyer to the seller by clicking the \u201cOrder\u201d button. The details given<br>in the Order are considered correct. Successful delivery of the Order is due to be confirmed by the<br>Seller via e-mail, to the buyer\u2019s e-mail address listed in the User Account or in the Order (hereinafter<br>referred: \u201cBuyer\u2019s e-address\u201d).<br>3.6. The seller\u00b4s behalf is entitled to claim additional details due to the Order specifics, (quantity,<br>purchase price, estimated transport costs). The part is entitled to contact the buyer in order to confirm<br>the Order (e.g. via phone, in written, etc.)<br>3.7. The seller\u00b4s and the buyer\u00b4s became contractually linked upon the delivery acceptance of the Order<br>and is sent to the buyer via e-mail, to the buyer\u00b4s contact details.<br>3.8. The buyer agrees to use non-face to face means of communication concluding the purchase<br>contract, (e.g. Internet cost, telephone call costs etc.) Such costs are fully covered by the buyer\u00b4s behalf,<br>providing it does not alter from basic charges.<\/p>\n<p><strong>4. PRICE OF GOODS AND PAYMENT CONDITIONS<\/strong><br>4.1. Under the Purchase Contract, the buyer may commit the payment for the goods and delivery in the<br>following manner:<\/p>\n<ul>\n<li>in cash at: Tis\u00e1 333, 403 36 Tis\u00e1, the Czech Republic;<\/li>\n<li>in cash according to the buyer\u00b4s requirements within the Order;<\/li>\n<li>bank transfer onto: account No. 277370354\/0300, registered with \u010cSOB (hereinafter referred<br>\u201cSeller Account\u201d);<\/li>\n<li>via credit card;<\/li>\n<\/ul>\n<p>4.2. Atop the purchase price, the buyer is required to cover the packaging and delivery costs at the rate<br>agreed. Unless otherwise specified, the purchase price and the costs associated with the delivery of the<br>goods are further understood.<br>4.3. The seller does not claim any deposit or other similar payment in advance. This means no prejudice<br>to the provisions of 4.6. of the Terms and Conditions regarding the obligation to pay the purchase<br>price of the goods in advance.<br>4.4 Cash payment or cash delivery of the purchased price is payable upon its acceptance. Non-cash<br>payment to be made within 3 days post the purchase contract concluded.<br>4.5. Upon non-cash payment, the buyer is required to include payment reference number of the<br>purchase price. The purchaser\u2019s obligation to pay the purchase price is understood as fulfilled upon the<br>relevant amount got successfully transferred onto the seller\u2019s account.<br>4.6. Providing the buyer does not receive an additional Order confirmation (Article 3.6), the seller is<br>entitled full payment of the purchase matter before it has been dispatched to the buyer. \u00a7 2119 (1) of<br>the Czech Civil Code does not apply.<br>4.7. Discount price supplied by the seller is for one item each and does not apply to more than one<br>item at a time.<br>4.8. The seller is obliged to issue a tax included receipt-invoice to the purchaser providing it is<br>customary within the trade or under legal regulations, in respect of payments made under the purchase<br>contract. The seller is a VAT taxpayer. The tax included receipt-invoice is issued by the seller to the<br>purchaser after paying the price of the goods and is obliged to send it to the e-mail address of the<br>buyer.<\/p>\n<p><strong>5. CONTRACT WITHDRAW CONDITIONS<\/strong><br>5.1. In accordance with \u00a7 1837 of the Czech Civil Code, The Buyer is, inter alia, fully aware of the<br>following:<br>The Contract cannot be withdrawn providing the product had been altered upon the buyer\u00b4s previous<br>request.<br>The Contract cannot be withdrawn providing the product expiration period is short by its nature.<br>The Contract cannot be withdrawn providing the delivery has been irreversibly mixed with other<br>goods. The Contract cannot be withdrawn for goods in sealed packaging once unpacked. Such goods<br>cannot be returned for hygienic reasons.<br>The Contract cannot be withdrawn for the delivery of a sound or pictorial recording or a computer<br>program, both original.<br>5.2. In accordance with Section 1829 (1) of the Czech Civil Code and providing the case is not referred<br>within 5.1 of the Terms and Conditions, or providing the Contract cannot be withdrawn, the buyer is<br>entitled to withdraw from the Purchase Contract up to fourteen (14) days from the delivery date.<br>Providing the delivery consists of several types of goods or the delivery of several parts of the purchase<br>contract, this period runs from the date of the last delivery. The withdrawal from the Contract must be<br>sent to the seller within the period specified in the previous sentence. In order to withdraw from the<br>Contract, the buyer may use the Withdraw template provided by the seller in the Condition Appendix.<br>The withdrawal from the Contract is made by the buyer, inter alia, to the seller\u2019s address or to the<br>seller\u2019s e-mail: sales@virgingrip.com<br>5.3. In the event of the Contract withdrawal 5.2 of the Conditions, the purchase Contract is cancelled<br>from the Contract issue date. The goods must be returned to the seller within 14 (fourteen) days since<br>the Contract withdrawal to the seller. Providing the buyer withdraws from the purchase Contract, the<br>buyer bears the costs associated with the return of the goods to the seller, even in cases the goods<br>cannot be returned by their usual postal route.<br>5.4. In the event of withdrawal under Article 5.2 of the Terms and Conditions, the Seller shall return<br>the funds received from the Buyer within 14 (fourteen) days of withdrawal from the Purchase<br>Agreement in the same manner as the Seller has accepted from the Buyer. The seller is also entitled to<br>return the performance provided by the buyer upon returning the goods to the buyer or otherwise,<br>provided the buyer agrees and does not incur any additional costs to the buyer. Providing the buyer<br>withdraws from the purchase Contract, the seller is not obliged to return the received funds to the<br>buyer until the buyer returns the goods or proves the goods have been dispatched to the seller.<br>5.5. The seller is entitled to indemnify unilaterally the buyer\u2019s claim for a refund of the purchase price.<br>5.6. Providing the buyer has the right to withdraw from the Contract in accordance with the provision<br>of section 1829 (1) of the Czech Civil Code, \u00a7 1829 the seller is also entitled to withdraw from the<br>Contract at any time providing the goods got acquired by the buyer. In such a case, the seller shall<br>return an amount of the purchase price to the buyer, to the account specified by the buyer without<br>further due.<br>5.7. Providing a gift is supplied to the buyer along with the goods, the Gift Agreement between the<br>seller and the buyer is concluded only in the event of the buyer\u00b4s withdrawal from the purchase<br>contract, which means the gift agreement has repealed and the buyer is obliged to return the goods and<br>the gift to the seller it was supplied by.<\/p>\n<p><strong>6. TRANSPORTATION AND SUPPLY OF GOODS<\/strong><br>6.1. Providing the mode of transport is agreed upon according to the buyer\u2019s special requirement, the<br>buyer bears the risk of any additional costs associated with this mode of transport.<br>6.2. Providing the seller is obliged to deliver the goods in the place specified by the buyer within the<br>Order, according to the purchase Contract, the buyer is obliged to accept the goods upon delivery.<br>6.3. Repeated delivery or its manner other than that stated in the Order, the buyer is obliged to pay the<br>costs associated with the repeated delivery of the goods, respective costs added associated with nonstandard<br>ways of delivery.<br>6.4. Upon the goods acceptance from the transporter, the buyer is obliged to check the integrity of the<br>packaging of the goods and, in the event of any defects, to notify the carrier without undue delay. In<br>the event of a violation of the packaging indicating unauthorized entry into the consignment, the buyer<br>does not accept delivery of the consignment from the carrier.<br>6.5. Other parties\u2019 rights and obligations in the carriage of goods may be altered within the Seller\u2019s<br>Specific Delivery Terms, providing the seller has issued such.<\/p>\n<p><strong>7. RIGHTS OF DEFECTED PERFORMACE<\/strong><br>7.1. The rights and obligations of the parties regarding defective performance applied as stated within<br>generally binding legal regulations ((in particular \u00a7 of Sections 1914 to 1925, Sections 2099 to 2117 and<br>Sections 2161 to 2174 of the Czech Civil Code and Consumer Protection Act 634\/1992 Coll. as<br>amended).<br>7.2. Regarding the goods, the seller is obliged to supply the buyer with goods featuring no defects. In<br>particular, upon the buyer\u00b4s acquisition, the seller\u00b4s behalf bears responsibility for the goods, as<br>followed:<br>7.2.1. The goods are of characteristics that the parties have negotiated and, in the absence of an<br>arrangement, possess such characteristics as the seller or the manufacturer has described or which the<br>buyer expects regarding the nature of advertised features of such goods.<br>7.2.2. The goods meet its quality proclaimed by the terms of use stated by the seller or their usual<br>purpose.<br>7.2.3. The goods exhibit properties agreed by both parts, by realizations of a sample agreed or a<br>model template; providing the quality remains in accordance with the sample or the template.<br>7.2.4. The goods are of appropriate quantity, degree or weight and<br>7.2.5. The goods comply with legal requirements.<br>7.3. The provisions 7.2 of the Conditions do not apply to goods sold at a lower price for a defect for<br>which the price agreed lowered; for used goods-wear due to the terms of Use, for the quality proven<br>goods proved to the buyer upon the purchase act, or providing resulted by its nature.<br>7.4. Regarding a defect within six months from the date of purchase, the goods are deemed to have<br>been defective already at the purchase act. The buyer is entitled to claim the right to a defect that occurs<br>on consumer goods within twenty-four months of the purchase act.<br>7.5. Rights of defective performance are exercised by the buyer at the seller\u2019s premises or address,<br>where acceptance of the claim is possible regarding the range of goods sold, eventually at the registered<br>office or business location.<br>7.6. Other rights and obligations of the parties related to the seller\u2019s liability for defects may be<br>regulated by the seller\u2019s Claim conditions.<\/p>\n<p><strong>8. OTHER RIGHTS AND OBLIGATIONS OF THE CONTRACTING PARTIES<\/strong><br>8.1. The buyer acquires ownership of the goods by paying the full purchase price of the goods.<br>8.2. The seller is not bound by any codes of conduct related to the buyer in terms of \u00a7 1826 (1) e) the<br>Czech Civil Code.<br>8.3. The extrajudicial settlement of the consumer litigation from the sales agreement to be subject to<br>The Czech Commercial Inspection, with the registered office; \u010cesk\u00e1 obchodn\u00ed inspekce; at Gorazdova 1969\/24, 120 00 Praha 2, the Czech Republic I\u010c: 000 20 869, Internet address: http:\/\/www.coi.cz<br>8.4. The seller is authorized to sell the goods on the basis of a Trade License (\u017divnostensk\u00e9 opr\u00e1vn\u011bn\u00ed).<br>The trade license inspection is implemented by the relevant Trade-licence Office within its competence.<br>Supervision of the personal data protection is implemented by the Office for Personal Data Protection.<br>The Czech Trade Inspection (\u010cesk\u00e1 obchodn\u00ed inspekce) exercises, among others, the supervision of the<br>observance of Act No. 634\/1992 Coll., On Consumer Protection, as amended.<br>8.5. The buyer is fully aware of possible changing circumstances may occur in accordance with \u00a7 1765<br>(2) of the Czech Civil Code.<\/p>\n<p><strong>9. PERSONAL DATA PROTECTION<\/strong><br>Terms and conditions<br>1) Pursuant to the provisions of the Regulation (EU) of the European Parliament and the Council<br>of 27 April 2016 on the protection of natural persons with regard to the processing of personal<br>data and on the free movement of such data, and repealing Directive 95\/46\/EC (hereinafter<br>referred to as the \u201cGDPR\u201d) you hereby grant your consent VirginGrip s.r.o with its seat in Tis\u00e1<br>382, 403 36 Tis\u00e1, Czech republic, (company ID no.: 05579406) hereinafter referred to as the<br>\u201cController\u201d) to process your personal data:<\/p>\n<ul>\n<li>full name<\/li>\n<li>phone number<\/li>\n<li>e-mail (hereinafter referred to as \u201cPersonal Data\u201d)<\/li>\n<li>address (hereinafter referred to as \u201cPersonal Data\u201d)<\/li>\n<\/ul>\n<p>2) We process Personal Data based on your explicit consent.<br>3) Your Personal Data is processed for the purposes of processing your requests for delivery of<br>ordered goods by our company.<br>4) Processing period: 1 year of the consent date. Once the said period expires, we shall duly delete<br>your data.<br>5) Personal Data is processed by the Controller, however, it can be also processed by the<br>following Processors: Hosting operator: ACTIVE 24, s.r.o., ID no.: 25115804, e-shop<br>administrator: Ji\u0159\u00ed Mikula, ID no.: 72625431, campaign manager: Core1 s.r.o., ID no.: 04976959<br>6) You hereby give your explicit consent to the above-mentioned processing. Personal data is<br>provided on the voluntary basis. You can always revoke your consent by simply clicking on this<br>link: Unsubscribe.<br>7) Subject to the GDPR Regulation you have the following rights:<br>a. to withdraw your consent at any time;<br>b. to request information about Personal Data processing from us;<br>c. to request access to Personal Data from us;<br>d. to request that we rectify imprecise Personal Data, that we supplement or update it,<br>if applicable;<br>e. to request that we immediately erase personal data;<br>f. to request that we restrict Personal Data processing;<br>g. to request that we transmit Personal Data in a machine-readable format;<br>h. in case of any doubts as to the lawfulness of the Personal Data processing you can<br>contact our company via grip@virgingrip.com<br>10. COOKIES COMMERCIAL MAIL &amp; COOKIES DOWNLOAD<br>10.1. The buyer agrees to provide the goods related information, services or business to the buyer\u2019s<br>electronic address and agrees to send the sales announcements to the buyer\u2019s e-address.<br>10.2. Buyer agrees to store so-called cookies on his computer. Providing the purchase on the website<br>and the seller\u2019s obligations under the purchase contract are fulfilled without the so-called cookies being<br>stored on the purchaser\u2019s computer, the buyer is entitled to withdraw the consent under the preceding<br>sentence at any time.<\/p>\n<p><strong>11. DELIVERY CONDITIONS<\/strong><br>11.1. Deliveries to the buyer are sent to the buyer\u2019s e-address.<\/p>\n<p><strong>12. FINAL PROVISIONS<\/strong><br>12.1. Providing the relation based on the sales Contract contains an international (foreign) element, the<br>parties agree that acts performed are under the Legislation of the Czech Republic. This does not affect<br>the consumer\u2019s rights under generally binding legal regulations.<br>12.2. Providing some of such provisions of the Terms and Conditions act or become invalid or<br>ineffective, instead of the invalid clauses, a provision occurs. Such provisions approximate the terms up<br>to a maximum extend. The invalidity or ineffectiveness of such provision is with no prejudice to the<br>validity of other provisions.<br>12.3. The Purchase Contract, including the Terms and Conditions, is archived by the Seller in electronic<br>form and secured.<br>12.4. The Appendix on Terms and Conditions contains a withdrawal template from the purchase<br>Contract.<br>12.5. Seller\u00b4s delivery address:<\/p>\n<p>VirignGrip s.r.o, Tis\u00e1 382, 403 36 Tis\u00e1, the Czech Republic,<br>e-mail address:&nbsp;<a href=\"mailto:sales@virgingrip.com\">sales@virgingrip.com<\/a>,<br>phone: +420 775 961 968<\/p>\n<p>In Tis\u00e1, 02. 11. 2020<\/p>\t\t\t\t\t\t\t\t<\/div>\n\t\t\t\t\t<\/div>\n\t\t\t\t<\/div>\n\t\t\t\t<\/div>\n\t\t","protected":false},"excerpt":{"rendered":"<p>Company name:VirginGrip s.r.o. (Ltd.)based: Tis\u00e1 382, 403 36 Tis\u00e1, the Czech Republic,Company Registration Number: 055 79 406Registered in the Commercial Register at the Regional Court in \u00dast\u00ed nad Labem, the Czech Republic,Section C, Insert 38496Sale of goods via on-line store at:www.blockids.eu 1. INTRODUCTORY PROVISIONS1.1. These Business Terms and Conditions (hereinafter referred to as the \u201cBusiness [&hellip;]<\/p>\n","protected":false},"author":3,"featured_media":0,"parent":0,"menu_order":0,"comment_status":"closed","ping_status":"closed","template":"","meta":{"_acf_changed":false,"footnotes":""},"class_list":["post-5278","page","type-page","status-publish","hentry"],"acf":[],"_links":{"self":[{"href":"https:\/\/blockids.eu\/en\/wp-json\/wp\/v2\/pages\/5278","targetHints":{"allow":["GET"]}}],"collection":[{"href":"https:\/\/blockids.eu\/en\/wp-json\/wp\/v2\/pages"}],"about":[{"href":"https:\/\/blockids.eu\/en\/wp-json\/wp\/v2\/types\/page"}],"author":[{"embeddable":true,"href":"https:\/\/blockids.eu\/en\/wp-json\/wp\/v2\/users\/3"}],"replies":[{"embeddable":true,"href":"https:\/\/blockids.eu\/en\/wp-json\/wp\/v2\/comments?post=5278"}],"version-history":[{"count":10,"href":"https:\/\/blockids.eu\/en\/wp-json\/wp\/v2\/pages\/5278\/revisions"}],"predecessor-version":[{"id":7675,"href":"https:\/\/blockids.eu\/en\/wp-json\/wp\/v2\/pages\/5278\/revisions\/7675"}],"wp:attachment":[{"href":"https:\/\/blockids.eu\/en\/wp-json\/wp\/v2\/media?parent=5278"}],"curies":[{"name":"wp","href":"https:\/\/api.w.org\/{rel}","templated":true}]}}