{"id":5129,"date":"2026-01-16T12:42:59","date_gmt":"2026-01-16T12:42:59","guid":{"rendered":"https:\/\/blockids.eu\/payment-and-transport-options"},"modified":"2026-02-25T17:13:16","modified_gmt":"2026-02-25T17:13:16","slug":"payment-and-transport-options","status":"publish","type":"page","link":"https:\/\/blockids.eu\/en\/payment-and-transport-options","title":{"rendered":"Payment and transport options"},"content":{"rendered":"\t\t<div data-elementor-type=\"wp-page\" data-elementor-id=\"5129\" class=\"elementor elementor-5129 elementor-113\" data-elementor-post-type=\"page\">\n\t\t\t\t<div class=\"elementor-element elementor-element-602c3f8 e-con-full e-flex e-con e-parent\" data-id=\"602c3f8\" data-element_type=\"container\" data-e-type=\"container\">\n\t\t\t\t<div class=\"elementor-element elementor-element-aceb29d elementor-widget elementor-widget-heading\" data-id=\"aceb29d\" data-element_type=\"widget\" data-e-type=\"widget\" data-widget_type=\"heading.default\">\n\t\t\t\t\t<h1 class=\"elementor-heading-title elementor-size-default\">Payment and transport options<\/h1>\t\t\t\t<\/div>\n\t\t\t\t<div class=\"elementor-element elementor-element-2c1d0bf elementor-widget elementor-widget-text-editor\" data-id=\"2c1d0bf\" data-element_type=\"widget\" data-e-type=\"widget\" data-widget_type=\"text-editor.default\">\n\t\t\t\t\t\t\t\t\t<p data-start=\"322\" data-end=\"395\">We offer two payment options:<\/p>\t\t\t\t\t\t\t\t<\/div>\n\t\t<div class=\"elementor-element elementor-element-eca171a e-con-full e-flex e-con e-child\" data-id=\"eca171a\" data-element_type=\"container\" data-e-type=\"container\">\n\t\t<div class=\"elementor-element elementor-element-c176e4f e-con-full e-flex e-con e-child\" data-id=\"c176e4f\" data-element_type=\"container\" data-e-type=\"container\">\n\t\t\t\t<div class=\"elementor-element elementor-element-5410c33 elementor-position-inline-start elementor-view-default elementor-mobile-position-block-start elementor-widget elementor-widget-icon-box\" data-id=\"5410c33\" data-element_type=\"widget\" data-e-type=\"widget\" data-widget_type=\"icon-box.default\">\n\t\t\t\t\t\t\t<div class=\"elementor-icon-box-wrapper\">\n\n\t\t\t\t\t\t<div class=\"elementor-icon-box-icon\">\n\t\t\t\t<span  class=\"elementor-icon\">\n\t\t\t\t<svg xmlns=\"http:\/\/www.w3.org\/2000\/svg\" width=\"512\" height=\"512\" viewBox=\"0 0 14 14\"><path fill=\"none\" stroke=\"#000000\" stroke-linecap=\"round\" stroke-linejoin=\"round\" d=\"M12.91 5.5H1.09c-.56 0-.8-.61-.36-.9L6.64.73a.71.71 0 0 1 .72 0l5.91 3.87c.44.29.2.9-.36.9M13 11H1a.5.5 0 0 0-.5.5V13a.5.5 0 0 0 .5.5h12a.5.5 0 0 0 .5-.5v-1.5a.5.5 0 0 0-.5-.5M2 5.5V11m3.333-5.5V11m3.334-5.5V11M12 5.5V11\"><\/path><\/svg>\t\t\t\t<\/span>\n\t\t\t<\/div>\n\t\t\t\n\t\t\t\t\t\t<div class=\"elementor-icon-box-content\">\n\n\t\t\t\t\t\t\t\t\t<h3 class=\"elementor-icon-box-title\">\n\t\t\t\t\t\t<span  >\n\t\t\t\t\t\t\tBank Transfer\t\t\t\t\t\t<\/span>\n\t\t\t\t\t<\/h3>\n\t\t\t\t\n\t\t\t\t\t\t\t\t\t<p class=\"elementor-icon-box-description\">\n\t\t\t\t\t\tAccount nr.: 288316812\/0300<br><br><b>IBAN:<\/b> CZ2503000000000288316812<br><b>BIC\/SWIFT:<\/b> CEKOCZPP<br><br>Please provide your order number as a variable symbol\t\t\t\t\t<\/p>\n\t\t\t\t\n\t\t\t<\/div>\n\t\t\t\n\t\t<\/div>\n\t\t\t\t\t\t<\/div>\n\t\t\t\t<\/div>\n\t\t<div class=\"elementor-element elementor-element-a31ff64 e-con-full e-flex e-con e-child\" data-id=\"a31ff64\" data-element_type=\"container\" data-e-type=\"container\">\n\t\t\t\t<div class=\"elementor-element elementor-element-415965b elementor-position-inline-start elementor-view-default elementor-mobile-position-block-start elementor-widget elementor-widget-icon-box\" data-id=\"415965b\" data-element_type=\"widget\" data-e-type=\"widget\" data-widget_type=\"icon-box.default\">\n\t\t\t\t\t\t\t<div class=\"elementor-icon-box-wrapper\">\n\n\t\t\t\t\t\t<div class=\"elementor-icon-box-icon\">\n\t\t\t\t<span  class=\"elementor-icon\">\n\t\t\t\t<svg xmlns=\"http:\/\/www.w3.org\/2000\/svg\" width=\"512\" height=\"512\" viewBox=\"0 0 16 16\"><path fill=\"#000000\" d=\"M0 2v12h16V2H0zm15 11H1V8h14v5zm0-8H1V3h14v2z\"><\/path><path fill=\"#000000\" d=\"M10 11h3v1h-3v-1zm-8 0h6v1H2v-1z\"><\/path><\/svg>\t\t\t\t<\/span>\n\t\t\t<\/div>\n\t\t\t\n\t\t\t\t\t\t<div class=\"elementor-icon-box-content\">\n\n\t\t\t\t\t\t\t\t\t<h3 class=\"elementor-icon-box-title\">\n\t\t\t\t\t\t<span  >\n\t\t\t\t\t\t\tCredit Card\t\t\t\t\t\t<\/span>\n\t\t\t\t\t<\/h3>\n\t\t\t\t\n\t\t\t\t\t\t\t\t\t<p class=\"elementor-icon-box-description\">\n\t\t\t\t\t\tWe can arrange shipping to your home, the climbing walls are packed on a pallet and are quite heavy. It is good to take this into account.\t\t\t\t\t<\/p>\n\t\t\t\t\n\t\t\t<\/div>\n\t\t\t\n\t\t<\/div>\n\t\t\t\t\t\t<\/div>\n\t\t\t\t<\/div>\n\t\t\t\t<\/div>\n\t\t<div class=\"elementor-element elementor-element-7b48a3b e-con-full e-flex e-con e-child\" data-id=\"7b48a3b\" data-element_type=\"container\" data-e-type=\"container\">\n\t\t<div class=\"elementor-element elementor-element-c9f94fe e-con-full e-flex e-con e-child\" data-id=\"c9f94fe\" data-element_type=\"container\" data-e-type=\"container\">\n\t\t\t\t<div class=\"elementor-element elementor-element-3b28efd elementor-position-inline-start elementor-view-default elementor-mobile-position-block-start elementor-widget elementor-widget-icon-box\" data-id=\"3b28efd\" data-element_type=\"widget\" data-e-type=\"widget\" data-widget_type=\"icon-box.default\">\n\t\t\t\t\t\t\t<div class=\"elementor-icon-box-wrapper\">\n\n\t\t\t\t\t\t<div class=\"elementor-icon-box-icon\">\n\t\t\t\t<span  class=\"elementor-icon\">\n\t\t\t\t<svg xmlns=\"http:\/\/www.w3.org\/2000\/svg\" width=\"512\" height=\"512\" viewBox=\"0 0 512 512\"><path fill=\"#000000\" d=\"m210.6 44.39l-7-4.39c-13.7-8.4-30.8-13.28-45.5-8.7c-15.8 4.92-28.4 17.09-35 35.37l-9.4-4.84c-16.2-8.34-24.68-8.47-31.71-5.31c-5.61 2.51-11.46 8.55-18.09 17.37l82.4 63.71c12.9 4.2 31.8 4.1 50.7-.8c19-4.9 37.9-14.5 51.7-27.4l31.1-76.9c-27.4-21.65-52.4-9.11-69.2 11.89zm53.1 76.51c-17 17.2-42.3 28.8-62 34c-6.9 1.8-13.8 3.1-20.5 3.8c-3.7 6.1-6.8 12.3-9.2 18.5c4.8 24.4 13.8 44.4 27.3 60.8l-14.4 12c-8.3-10-15.7-20.8-21.3-32.8c-.9 23.2 4.3 47.2 12.8 72.2l-17.7 6c-15.6-45.6-20.9-92.3 1-136.3c-7.4-.6-14.4-2-20.9-4.3l-.3-.1c-4.3 4.1-8.4 8.4-12.3 12.9c-31.57 36.6-48.96 85.3-39.86 123.2c4.87 20.3 13.6 39.5 26.16 55.9c18.4-.4 35.8 0 51.6 6c7.5-.8 15.2-1.3 23.2-1.3c28.5 0 54.3 5.3 73.8 14.5c7.6 3.6 14.5 7.9 20 12.8c0-5.3.8-11 2.4-15.2c-8.9-8.4-14.5-18.6-14.5-30.2c0-16.1 10.7-29.4 26.2-39c0-4.6.9-9 2.5-13.2c-10.1-8.7-16.6-19.5-16.6-32.1c0-7.9 2.6-15.1 7-21.6c-4.4-6.4-7-13.6-7-21.5c0-3.9.6-7.5 1.7-11c-9.7-8.6-15.8-19.2-15.8-31.4c0-12.1 6-22.6 15.6-31.1c-5.9-4.6-12.2-8.5-18.9-11.5zm111.4 2.3c-26 0-49.5 5.5-65.6 13.6c-16.2 8.1-23.8 18.1-23.8 26.7c0 8.7 7.6 18.7 23.8 26.8c16.1 8.1 39.6 13.6 65.6 13.6c11.3 0 22-1.1 31.9-2.9v-17c13.9-2.1 25.4-5.9 32.8-10.8v17.6c12.5-3.6 24.5-16.9 24.8-27.3c0-8.6-7.6-18.6-23.8-26.7c-16.2-8.1-39.6-13.6-65.7-13.6zm96.5 67.7c-3.3 3.5-7.2 6.8-11.6 9.8l.2 29c12.6-7.5 18.5-16.2 18.5-23.8c0-4.8-2.3-10-7.1-15zm-171.8 15.4c.3 8.6 7.9 18.3 23.8 26.3c16.2 8.2 39.6 13.6 65.7 13.6c16.3 0 31.6-2.2 44.7-5.8l.7-27.2c-17.2 6-37.6 9.3-59.6 9.3c-28.5 0-54.4-5.7-74-15.5c-.5-.2-.9-.5-1.3-.7zm2 34.8c-1.4 2.7-2 5.4-2 7.9c0 8.7 7.6 18.7 23.8 26.8c16.2 8.1 39.6 13.5 65.7 13.5c13.2 0 25.7-1.3 37-3.8v-24c-11.6 2.2-24 3.3-37 3.3c-28.6 0-54.5-5.6-74.1-15.5c-4.9-2.4-9.4-5.2-13.4-8.2zm174.9 0c-6.1 4.3-11.4 7.5-17.6 10.2v22.3c13.3-7.7 19.6-16.7 19.6-24.6c0-2.5-.6-5.2-2-7.9zm7.5 36.8c-2 2-4.2 3.9-6.6 5.8v32.4c10.3-7 15.3-14.7 15.3-21.7c0-5.3-2.9-11-8.7-16.5zm-170.1 14c-.1.9-.2 1.7-.2 2.5c0 8.7 7.6 18.6 23.8 26.7c16.2 8.2 39.7 13.6 65.7 13.6c14.9 0 29.1-1.8 41.4-4.8V300c-16.3 5.2-35.2 8-55.5 8c-28.6 0-54.5-5.7-74.1-15.5c-.4-.2-.7-.4-1.1-.6zm-13.6 21.4c-8.7 6.5-12.8 13.6-12.8 20c0 8.7 7.6 18.6 23.8 26.8c16.2 8.1 39.6 13.5 65.7 13.5c9.5 0 18.7-.7 27.3-2v-18.2h-1.1c-28.6 0-54.5-5.7-74.1-15.6c-12.5-6.2-22.9-14.5-28.8-24.5zM463 343.9c-7.9 2.8-16.5 5.1-25.7 6.6v12.1c1.9-.8 3.8-1.6 5.6-2.5c9.8-5 16.4-10.6 20.1-16.2zm9.2 18.2c-3.8 3.8-8.2 7.2-13.1 10.3V401c13.3-7.6 19.6-16.6 19.6-24.5c0-4.6-2.1-9.6-6.5-14.4zm-348.7 2.8c-10.2.1-21.2 1.4-32.6 4.1c-22.81 5.3-42.42 15-55.22 25.7c-12.8 10.6-17.8 21.4-16.3 29.1c1.5 7.7 9.4 14.8 24.8 18.9c15.35 4 36.82 4.2 59.62-1.1c9.2-2.2 17.8-5 25.7-8.3v-20.7c14.6-6.5 25.5-14.3 30.4-21.9v24.4c12.1-10.4 16.8-20.8 15.4-28.4c-1.4-7.7-9.4-14.8-24.8-18.8c-7.7-2-16.9-3.1-27-3zm64.6 5.2c2.7 3.9 4.6 8.3 5.6 13.2c1.1 6 .6 11.8-1.2 17.5c9.9 2.6 18.9 6.1 26.7 10.5c4.4 2.4 8.5 5.3 12.1 8.3c9-2.1 16.6-5.1 22-8.7v20.6c16.1-7.6 23.5-16.9 23.5-24.3c0-7.5-7.4-16.8-23.6-24.4c-16.1-7.5-39.3-12.6-65.1-12.7zm111.8 5c-.1.4-.1.9-.1 1.4c0 8.7 7.6 18.6 23.8 26.8c16.2 8.1 39.6 13.5 65.7 13.5c13.2 0 25.7-1.4 37-3.8v-26.9c-14.8 4-31.5 6.2-49.1 6.2c-28.6 0-54.5-5.7-74.1-15.5c-1.1-.6-2.2-1.2-3.2-1.7zm2.8 37.3c-2 3.3-2.9 6.5-2.9 9.6c0 8.7 7.6 18.6 23.8 26.8c16.2 8.1 39.6 13.5 65.7 13.5c13.2 0 25.7-1.4 37-3.8v-26.4c-11.6 2.2-24 3.4-37 3.4c-28.6 0-54.5-5.7-74.1-15.6c-4.5-2.2-8.7-4.7-12.5-7.5zm173.1 0c-5.8 3.9-10.9 7-16.7 9.5v24.6c13.3-7.6 19.6-16.6 19.6-24.5c0-3.1-.9-6.3-2.9-9.6zm-292.6 5.4c-3.5 4.4-7.6 8.6-12.2 12.4c-15.6 13.1-37.6 23.7-63 29.6c-9.06 2.1-18.06 3.4-26.7 4.1c3.2 5.3 8.83 10.5 17.07 15.1c13.63 7.7 33.63 12.9 55.83 12.9c10.1 0 19.7-1.1 28.5-3v-20.8c13.8-2.1 25.4-5.9 32.8-10.8v18.4c10-7 14.8-14.9 14.8-22.4c0-8.7-6.5-18-20.2-25.7c-7.4-4.1-16.6-7.5-26.9-9.8z\"><\/path><\/svg>\t\t\t\t<\/span>\n\t\t\t<\/div>\n\t\t\t\n\t\t\t\t\t\t<div class=\"elementor-icon-box-content\">\n\n\t\t\t\t\t\t\t\t\t<h3 class=\"elementor-icon-box-title\">\n\t\t\t\t\t\t<span  >\n\t\t\t\t\t\t\tHotovost p\u0159i osobn\u00edm odb\u011bru\t\t\t\t\t\t<\/span>\n\t\t\t\t\t<\/h3>\n\t\t\t\t\n\t\t\t\t\t\t\t\t\t<p class=\"elementor-icon-box-description\">\n\t\t\t\t\t\tPlatba v hotovosti je mo\u017en\u00e1 p\u0159i osobn\u00edm odb\u011bru v na\u0161\u00ed provozovn\u011b:<br><br><b>VirginGrip s.r.o. \u2013 provozovna \u00dast\u00ed nad Labem<\/b><br>Dr\u00e1\u017e\u010fansk\u00e1 814<br>400 07 \u00dast\u00ed nad Labem \u2013 Ne\u0161t\u011bmice<br>\u010cesk\u00e1 republika\t\t\t\t\t<\/p>\n\t\t\t\t\n\t\t\t<\/div>\n\t\t\t\n\t\t<\/div>\n\t\t\t\t\t\t<\/div>\n\t\t\t\t<\/div>\n\t\t<div class=\"elementor-element elementor-element-6160562 e-con-full e-flex e-con e-child\" data-id=\"6160562\" data-element_type=\"container\" data-e-type=\"container\">\n\t\t\t\t<div class=\"elementor-element elementor-element-b2e50cf elementor-position-inline-start elementor-view-default elementor-mobile-position-block-start elementor-widget elementor-widget-icon-box\" data-id=\"b2e50cf\" data-element_type=\"widget\" data-e-type=\"widget\" data-widget_type=\"icon-box.default\">\n\t\t\t\t\t\t\t<div class=\"elementor-icon-box-wrapper\">\n\n\t\t\t\t\t\t<div class=\"elementor-icon-box-icon\">\n\t\t\t\t<span  class=\"elementor-icon\">\n\t\t\t\t<svg xmlns=\"http:\/\/www.w3.org\/2000\/svg\" width=\"512\" height=\"512\" viewBox=\"0 0 32 32\"><path fill=\"#000000\" d=\"M4 16h12v2H4zm-2-5h10v2H2z\"><\/path><path fill=\"#000000\" d=\"m29.919 16.606l-3-7A.999.999 0 0 0 26 9h-3V7a1 1 0 0 0-1-1H6v2h15v12.556A3.992 3.992 0 0 0 19.142 23h-6.284a4 4 0 1 0 0 2h6.284a3.98 3.98 0 0 0 7.716 0H29a1 1 0 0 0 1-1v-7a.997.997 0 0 0-.081-.394ZM9 26a2 2 0 1 1 2-2a2.002 2.002 0 0 1-2 2Zm14-15h2.34l2.144 5H23Zm0 15a2 2 0 1 1 2-2a2.002 2.002 0 0 1-2 2Zm5-3h-1.142A3.995 3.995 0 0 0 23 20v-2h5Z\"><\/path><\/svg>\t\t\t\t<\/span>\n\t\t\t<\/div>\n\t\t\t\n\t\t\t\t\t\t<div class=\"elementor-icon-box-content\">\n\n\t\t\t\t\t\t\t\t\t<h3 class=\"elementor-icon-box-title\">\n\t\t\t\t\t\t<span  >\n\t\t\t\t\t\t\tDopravu zajist\u00edme a\u017e k v\u00e1m dom\u016f\t\t\t\t\t\t<\/span>\n\t\t\t\t\t<\/h3>\n\t\t\t\t\n\t\t\t\t\t\t\t\t\t<p class=\"elementor-icon-box-description\">\n\t\t\t\t\t\tnbsp\t\t\t\t\t<\/p>\n\t\t\t\t\n\t\t\t<\/div>\n\t\t\t\n\t\t<\/div>\n\t\t\t\t\t\t<\/div>\n\t\t\t\t<\/div>\n\t\t\t\t<\/div>\n\t\t\t\t<\/div>\n\t\t\t\t<\/div>\n\t\t","protected":false},"excerpt":{"rendered":"<p>We offer two payment options: Bank Transfer Account nr.: 288316812\/0300 IBAN: CZ2503000000000288316812BIC\/SWIFT: CEKOCZPP Please provide your order number as a variable symbol Credit Card We can arrange shipping to your home, the climbing walls are packed on a pallet and are quite heavy. It is good to take this into account. Hotovost p\u0159i osobn\u00edm odb\u011bru [&hellip;]<\/p>\n","protected":false},"author":2,"featured_media":0,"parent":0,"menu_order":0,"comment_status":"closed","ping_status":"closed","template":"","meta":{"_acf_changed":false,"footnotes":""},"class_list":["post-5129","page","type-page","status-publish","hentry"],"acf":[],"_links":{"self":[{"href":"https:\/\/blockids.eu\/en\/wp-json\/wp\/v2\/pages\/5129","targetHints":{"allow":["GET"]}}],"collection":[{"href":"https:\/\/blockids.eu\/en\/wp-json\/wp\/v2\/pages"}],"about":[{"href":"https:\/\/blockids.eu\/en\/wp-json\/wp\/v2\/types\/page"}],"author":[{"embeddable":true,"href":"https:\/\/blockids.eu\/en\/wp-json\/wp\/v2\/users\/2"}],"replies":[{"embeddable":true,"href":"https:\/\/blockids.eu\/en\/wp-json\/wp\/v2\/comments?post=5129"}],"version-history":[{"count":1,"href":"https:\/\/blockids.eu\/en\/wp-json\/wp\/v2\/pages\/5129\/revisions"}],"predecessor-version":[{"id":5134,"href":"https:\/\/blockids.eu\/en\/wp-json\/wp\/v2\/pages\/5129\/revisions\/5134"}],"wp:attachment":[{"href":"https:\/\/blockids.eu\/en\/wp-json\/wp\/v2\/media?parent=5129"}],"curies":[{"name":"wp","href":"https:\/\/api.w.org\/{rel}","templated":true}]}}