{"id":5111,"date":"2026-01-16T12:43:11","date_gmt":"2026-01-16T12:43:11","guid":{"rendered":"https:\/\/blockids.eu\/complaints-procedure"},"modified":"2026-02-25T16:44:10","modified_gmt":"2026-02-25T16:44:10","slug":"complaints-procedure","status":"publish","type":"page","link":"https:\/\/blockids.eu\/en\/complaints-procedure","title":{"rendered":"Complaints procedure"},"content":{"rendered":"\t\t<div data-elementor-type=\"wp-page\" data-elementor-id=\"5111\" class=\"elementor elementor-5111 elementor-115\" data-elementor-post-type=\"page\">\n\t\t\t\t<div class=\"elementor-element elementor-element-ceb441b e-con-full e-flex e-con e-parent\" data-id=\"ceb441b\" data-element_type=\"container\" data-e-type=\"container\">\n\t\t\t\t<div class=\"elementor-element elementor-element-6243c37 elementor-widget elementor-widget-heading\" data-id=\"6243c37\" data-element_type=\"widget\" data-e-type=\"widget\" data-widget_type=\"heading.default\">\n\t\t\t\t\t<h2 class=\"elementor-heading-title elementor-size-default\">Complaints procedure<\/h2>\t\t\t\t<\/div>\n\t\t<div class=\"elementor-element elementor-element-cdfa4e5 e-con-full e-flex e-con e-child\" data-id=\"cdfa4e5\" data-element_type=\"container\" data-e-type=\"container\">\n\t\t<div class=\"elementor-element elementor-element-bb56734 e-con-full e-flex e-con e-child\" data-id=\"bb56734\" data-element_type=\"container\" data-e-type=\"container\">\n\t\t\t\t<div class=\"elementor-element elementor-element-f4523fa elementor-widget elementor-widget-text-editor\" data-id=\"f4523fa\" data-element_type=\"widget\" data-e-type=\"widget\" data-widget_type=\"text-editor.default\">\n\t\t\t\t\t\t\t\t\t<p>Our simple warranty conditions do not discourage you from possible claims. Just send us an email or give us a call. Specify the name of the person who\u00b4d placed the Order, your email address associated with the Order, and images of the defect. Providing a design or material defect\u00b4s occurred, we need to be informed in order to fix it.   <\/p><p>This Claim Code is a part of the Terms and Conditions at www.blockids.eu, the owner and operator is as followed:<\/p><p>Seller: VirginGrip s.r.o.<br>Registered office at: Tis\u00e1 382, 403 36 Tis\u00e1, Czech republic<br>I\u010cO: 05579406 Registered: Commercial Register kept by the Regional Court in \u00dast\u00ed nad Labem, Section C, Insert 38496<br>Contact: sales@virgingrip.com, mob .: +420 724482300<\/p><p><span class=\"text-tiny\">The provisions of Act No. 89\/2012 Sb., The Civil Code and Act No. 634\/1992 Sb., On Consumer Protection (No. 634\/1992 Sb.), as amended, govern this Complaint Code. The Complaint Rules supplement business Terms and apply to consumer goods (hereinafter &#8220;Goods&#8221;) in which the Buyer&#8217;s liability for defects (hereinafter &#8220;Complaints&#8221;) is exercised during the warranty period.<\/span><\/p><p>At VirginGrip we pay great attention to the quality and design of our products, be it climbing holds, wooden structures or Blockids climbing walls. We strive to supply only the best products to the market. <\/p><ul><li><strong>Climbing holds<\/strong><br>Providing a defect occurs on a VirginGrip climbing hold such as a crack or a hole has not been drilled correctly, please, do not hesitate to contact us and we shall replace the hold. Providing the climbing hold needs to be checked and examined in order to find out the cause of the fault, the standard costs associated with the return of the goods to the company address are fully covered by the VG behalf. <br> <\/li><li><strong>Landing mats<\/strong><br>After receiving the landing mattresses, carry out a routine visual inspection of the technical condition, especially of the outer shell of the mattress. If a defect is found, the foam filling can be removed and only the damaged packaging sent back to us. <br> <\/li><li><strong>Wooden climbing boards<\/strong><br>Upon receipt, perform a routine visual inspection of the technical condition. Check that there are no missing internal threads or pre-drilled holes for installing the climbing wall on the wall. In case of any deficiency, please contact us and we will definitely solve the problem with you.  <br> <\/li><\/ul><h4>Replacement or claims do not apply to the following<\/h4><ul><li>Cosmetic defects associated with the nature of mechanical properties of the polyurethane material and\/or wooden boards, such as wood pattern under transparent varnish<\/li><li>Our holds and climbing walls are designed for flat walls only. The Warranty does not apply to defects or cracks caused by their use on uneven or wavy surfaces. <\/li><\/ul><p>We shall contact you, either via email or phone, as soon as we can; maximum within 30 days from the date of the Claim issue. To avoid ambiguity, fill out the official Claim Form supplied.<\/p><p>Thank you, your VirginGrip team.<\/p>\t\t\t\t\t\t\t\t<\/div>\n\t\t\t\t<\/div>\n\t\t\t\t<\/div>\n\t\t\t\t<div class=\"elementor-element elementor-element-07a4415 elementor-widget elementor-widget-heading\" data-id=\"07a4415\" data-element_type=\"widget\" data-e-type=\"widget\" data-widget_type=\"heading.default\">\n\t\t\t\t\t<h3 class=\"elementor-heading-title elementor-size-default\"><a href=\"https:\/\/drive.google.com\/file\/d\/18JXDQwyxw7qoTd2bq89kWyZ03tKcyDsZ\/view?usp=sharing\" target=\"_blank\" rel=\"noopener\">Attachment: Complaint form (PDF 60 kB)<\/a><\/h3>\t\t\t\t<\/div>\n\t\t\t\t<\/div>\n\t\t\t\t<\/div>\n\t\t","protected":false},"excerpt":{"rendered":"<p>Our simple warranty conditions do not discourage you from possible claims. Just send us an email or give us a call. Specify the name of the person who\u00b4d placed the Order, your email address associated with the Order, and images of the defect. Providing a design or material defect\u00b4s occurred, we need to be informed [&hellip;]<\/p>\n","protected":false},"author":2,"featured_media":0,"parent":0,"menu_order":0,"comment_status":"closed","ping_status":"closed","template":"","meta":{"_acf_changed":false,"footnotes":""},"class_list":["post-5111","page","type-page","status-publish","hentry"],"acf":[],"_links":{"self":[{"href":"https:\/\/blockids.eu\/en\/wp-json\/wp\/v2\/pages\/5111","targetHints":{"allow":["GET"]}}],"collection":[{"href":"https:\/\/blockids.eu\/en\/wp-json\/wp\/v2\/pages"}],"about":[{"href":"https:\/\/blockids.eu\/en\/wp-json\/wp\/v2\/types\/page"}],"author":[{"embeddable":true,"href":"https:\/\/blockids.eu\/en\/wp-json\/wp\/v2\/users\/2"}],"replies":[{"embeddable":true,"href":"https:\/\/blockids.eu\/en\/wp-json\/wp\/v2\/comments?post=5111"}],"version-history":[{"count":1,"href":"https:\/\/blockids.eu\/en\/wp-json\/wp\/v2\/pages\/5111\/revisions"}],"predecessor-version":[{"id":5112,"href":"https:\/\/blockids.eu\/en\/wp-json\/wp\/v2\/pages\/5111\/revisions\/5112"}],"wp:attachment":[{"href":"https:\/\/blockids.eu\/en\/wp-json\/wp\/v2\/media?parent=5111"}],"curies":[{"name":"wp","href":"https:\/\/api.w.org\/{rel}","templated":true}]}}