{"id":4987,"date":"2026-01-16T14:11:52","date_gmt":"2026-01-16T14:11:52","guid":{"rendered":"https:\/\/blockids.eu\/about-us"},"modified":"2026-02-25T11:09:08","modified_gmt":"2026-02-25T11:09:08","slug":"about-us","status":"publish","type":"page","link":"https:\/\/blockids.eu\/en\/about-us","title":{"rendered":"About us"},"content":{"rendered":"\t\t<div data-elementor-type=\"wp-page\" data-elementor-id=\"4987\" class=\"elementor elementor-4987 elementor-148\" data-elementor-post-type=\"page\">\n\t\t\t\t<div class=\"elementor-element elementor-element-a0541cf e-con-full e-flex e-con e-parent\" data-id=\"a0541cf\" data-element_type=\"container\" data-e-type=\"container\">\n\t\t\t\t<div class=\"elementor-element elementor-element-b8b9e8e elementor-widget elementor-widget-heading\" data-id=\"b8b9e8e\" data-element_type=\"widget\" data-e-type=\"widget\" data-widget_type=\"heading.default\">\n\t\t\t\t\t<h1 class=\"elementor-heading-title elementor-size-default\">About us<\/h1>\t\t\t\t<\/div>\n\t\t<div class=\"elementor-element elementor-element-23a51bc e-con-full e-flex e-con e-child\" data-id=\"23a51bc\" data-element_type=\"container\" data-e-type=\"container\">\n\t\t<div class=\"elementor-element elementor-element-32a5173 e-con-full e-flex e-con e-child\" data-id=\"32a5173\" data-element_type=\"container\" data-e-type=\"container\">\n\t\t\t\t<div class=\"elementor-element elementor-element-d1e023e elementor-widget elementor-widget-heading\" data-id=\"d1e023e\" data-element_type=\"widget\" data-e-type=\"widget\" data-widget_type=\"heading.default\">\n\t\t\t\t\t<h3 class=\"elementor-heading-title elementor-size-default\">Climbing is a lifestyle for us. When we have free time, we like to be somewhere in the countryside. But climbing also needs good conditions and training. In winter or rain, you just climb indoors on artificial walls. <\/h3>\t\t\t\t<\/div>\n\t\t\t\t<\/div>\n\t\t<div class=\"elementor-element elementor-element-e6b847a e-con-full e-flex e-con e-child\" data-id=\"e6b847a\" data-element_type=\"container\" data-e-type=\"container\">\n\t\t\t\t<div class=\"elementor-element elementor-element-c204b63 elementor-widget elementor-widget-theme-site-logo elementor-widget-image\" data-id=\"c204b63\" data-element_type=\"widget\" data-e-type=\"widget\" data-widget_type=\"theme-site-logo.default\">\n\t\t\t\t\t\t\t\t\t\t\t<a href=\"https:\/\/blockids.eu\/en\">\n\t\t\t<img decoding=\"async\" width=\"227\" height=\"60\" src=\"https:\/\/blockids.eu\/wp-content\/uploads\/2026\/01\/BK-logo.svg\" class=\"attachment-full size-full wp-image-67\" alt=\"\" \/>\t\t\t\t<\/a>\n\t\t\t\t\t\t\t\t\t\t\t<\/div>\n\t\t\t\t<\/div>\n\t\t\t\t<\/div>\n\t\t\t\t<div class=\"elementor-element elementor-element-4631d14 elementor-widget elementor-widget-text-editor\" data-id=\"4631d14\" data-element_type=\"widget\" data-e-type=\"widget\" data-widget_type=\"text-editor.default\">\n\t\t\t\t\t\t\t\t\t<p>Since 2016 at <u><a href=\"https:\/\/www.virgingrip.com\/cs\/\" target=\"_blank\" rel=\"noopener\">VirginGrip, s.r.o.<\/a><\/u> we have been making climbing holds and wooden structures for professional climbers and for those who just try it for fun or for the physical fitness. The concept of BLOCKids came about quite naturally. We wanted to add to the offer for the smallest climbers. We have taught our own children their first steps on the rocks, so we know how to build a suitable climbing wall for them. <\/p><p>The company is located in the &#8220;super area&#8221; in Tis\u00e1. In 2023 we opened a new plant in \u00dast\u00ed nad Labem, where we design and manufacture the holds using modern processes. We use dyed <u><a href=\"https:\/\/www.virgingrip.com\/cs\/virgingrip-vyroba\/\" target=\"_blank\" rel=\"noopener\">ECO polyurethane<\/a><\/u> for this. We also design the metal accessories and other elements ourselves and outsource them from local suppliers. This means that our products have 100% Czech origin. <\/p>\t\t\t\t\t\t\t\t<\/div>\n\t\t\t\t<div class=\"elementor-element elementor-element-b4c19bd elementor-widget elementor-widget-image\" data-id=\"b4c19bd\" data-element_type=\"widget\" data-e-type=\"widget\" data-widget_type=\"image.default\">\n\t\t\t\t\t\t\t\t\t\t\t\t\t\t\t<img fetchpriority=\"high\" decoding=\"async\" width=\"800\" height=\"400\" src=\"https:\/\/blockids.eu\/wp-content\/uploads\/2026\/01\/img-o-nas-1024x512.webp\" class=\"attachment-large size-large wp-image-4986\" alt=\"\" srcset=\"https:\/\/blockids.eu\/wp-content\/uploads\/2026\/01\/img-o-nas-1024x512.webp 1024w, https:\/\/blockids.eu\/wp-content\/uploads\/2026\/01\/img-o-nas-600x300.webp 600w, https:\/\/blockids.eu\/wp-content\/uploads\/2026\/01\/img-o-nas-300x150.webp 300w, https:\/\/blockids.eu\/wp-content\/uploads\/2026\/01\/img-o-nas-768x384.webp 768w, https:\/\/blockids.eu\/wp-content\/uploads\/2026\/01\/img-o-nas-1536x768.webp 1536w, https:\/\/blockids.eu\/wp-content\/uploads\/2026\/01\/img-o-nas.webp 1800w\" sizes=\"(max-width: 800px) 100vw, 800px\" \/>\t\t\t\t\t\t\t\t\t\t\t\t\t\t\t<\/div>\n\t\t\t\t<div class=\"elementor-element elementor-element-b41404b elementor-widget elementor-widget-text-editor\" data-id=\"b41404b\" data-element_type=\"widget\" data-e-type=\"widget\" data-widget_type=\"text-editor.default\">\n\t\t\t\t\t\t\t\t\t<p>We deliver climbing holds all over the world, we have customers all over Europe, but also in Asia or the USA. <br><br> We are always looking for new designs and greener ways. <\/p><p>We do not compromise on quality. <strong>BLOCKids \u2013 a wall from climbers for your children.<\/strong><\/p>\t\t\t\t\t\t\t\t<\/div>\n\t\t\t\t<\/div>\n\t\t\t\t<\/div>\n\t\t","protected":false},"excerpt":{"rendered":"<p>Climbing is a lifestyle for us. When we have free time, we like to be somewhere in the countryside. But climbing also needs good conditions and training. In winter or rain, you just climb indoors on artificial walls. Since 2016 at VirginGrip, s.r.o. we have been making climbing holds and wooden structures for professional climbers [&hellip;]<\/p>\n","protected":false},"author":2,"featured_media":0,"parent":0,"menu_order":0,"comment_status":"closed","ping_status":"closed","template":"","meta":{"_acf_changed":false,"footnotes":""},"class_list":["post-4987","page","type-page","status-publish","hentry"],"acf":[],"_links":{"self":[{"href":"https:\/\/blockids.eu\/en\/wp-json\/wp\/v2\/pages\/4987","targetHints":{"allow":["GET"]}}],"collection":[{"href":"https:\/\/blockids.eu\/en\/wp-json\/wp\/v2\/pages"}],"about":[{"href":"https:\/\/blockids.eu\/en\/wp-json\/wp\/v2\/types\/page"}],"author":[{"embeddable":true,"href":"https:\/\/blockids.eu\/en\/wp-json\/wp\/v2\/users\/2"}],"replies":[{"embeddable":true,"href":"https:\/\/blockids.eu\/en\/wp-json\/wp\/v2\/comments?post=4987"}],"version-history":[{"count":2,"href":"https:\/\/blockids.eu\/en\/wp-json\/wp\/v2\/pages\/4987\/revisions"}],"predecessor-version":[{"id":4989,"href":"https:\/\/blockids.eu\/en\/wp-json\/wp\/v2\/pages\/4987\/revisions\/4989"}],"wp:attachment":[{"href":"https:\/\/blockids.eu\/en\/wp-json\/wp\/v2\/media?parent=4987"}],"curies":[{"name":"wp","href":"https:\/\/api.w.org\/{rel}","templated":true}]}}