{"id":7329,"date":"2026-02-06T14:20:30","date_gmt":"2026-02-06T14:20:30","guid":{"rendered":"https:\/\/blockids.eu\/?post_type=product&#038;p=7329"},"modified":"2026-04-02T11:15:24","modified_gmt":"2026-04-02T11:15:24","slug":"abgerundete-blockids-indoor-platten-linkes-rechteck","status":"publish","type":"product","link":"https:\/\/blockids.eu\/de\/product\/abgerundete-blockids-indoor-platten-linkes-rechteck","title":{"rendered":"Abgerundete BLOCKids Indoor-Platten \u2013 linkes Rechteck"},"content":{"rendered":"<p>W\u00fcrde eine Wandgestaltung mit abgerundeten Ecken besser zu eurer Wohnung passen?<\/p>\n<p>Kein Problem. Der Schweizer Innenarchitekt Mike Helmy vom Designstudio UnicornKids hat an alles gedacht. W\u00e4hlt zwischen zwei Versionen der abgerundeten BLOCKids-Kletterboards.<\/p>\n<p>Die Wand wirkt koh\u00e4renter, und ihr k\u00f6nnt mit einer Kombination von dreieckigen Profilen spielen, um ein wirklich originelles St\u00fcck zu schaffen. Ihr k\u00f6nnt die Boards um 180\u00b0 drehen. Seid kreativ, aber denkt daran, gut zu planen, denn ihr k\u00f6nnt nicht willk\u00fcrlich linke und rechte Teile vertauschen.\u00a0Skizziert also vorab eure Wunschkombinationen auf Papier oder nutzt einfach unseren Online-Konfigurator und habt Spa\u00df beim Einkaufen.<\/p>\n<p>W\u00e4hlt aus zwei Designvarianten beider Profile<\/p>\n","protected":false},"excerpt":{"rendered":"<p>Das separate abgerundete BLOCKids-Board mit den Ma\u00dfen 1180 x 780 mm wird mit allem Zubeh\u00f6r geliefert, das f\u00fcr die zus\u00e4tzliche Installation ben\u00f6tigt wird!<\/p>\n","protected":false},"featured_media":7324,"template":"","meta":{"_acf_changed":false},"product_brand":[],"product_cat":[139,122],"product_tag":[],"class_list":{"0":"post-7329","1":"product","2":"type-product","3":"status-publish","4":"has-post-thumbnail","6":"product_cat-einzelne-indoor-kletterwand-paneele","7":"product_cat-indoor-kletterwaende","9":"first","10":"instock","11":"taxable","12":"shipping-taxable","13":"purchasable","14":"product-type-simple"},"acf":[],"_links":{"self":[{"href":"https:\/\/blockids.eu\/de\/wp-json\/wp\/v2\/product\/7329","targetHints":{"allow":["GET"]}}],"collection":[{"href":"https:\/\/blockids.eu\/de\/wp-json\/wp\/v2\/product"}],"about":[{"href":"https:\/\/blockids.eu\/de\/wp-json\/wp\/v2\/types\/product"}],"wp:featuredmedia":[{"embeddable":true,"href":"https:\/\/blockids.eu\/de\/wp-json\/wp\/v2\/media\/7324"}],"wp:attachment":[{"href":"https:\/\/blockids.eu\/de\/wp-json\/wp\/v2\/media?parent=7329"}],"wp:term":[{"taxonomy":"product_brand","embeddable":true,"href":"https:\/\/blockids.eu\/de\/wp-json\/wp\/v2\/product_brand?post=7329"},{"taxonomy":"product_cat","embeddable":true,"href":"https:\/\/blockids.eu\/de\/wp-json\/wp\/v2\/product_cat?post=7329"},{"taxonomy":"product_tag","embeddable":true,"href":"https:\/\/blockids.eu\/de\/wp-json\/wp\/v2\/product_tag?post=7329"}],"curies":[{"name":"wp","href":"https:\/\/api.w.org\/{rel}","templated":true}]}}