{"id":7322,"date":"2026-02-06T14:20:23","date_gmt":"2026-02-06T14:20:23","guid":{"rendered":"https:\/\/blockids.eu\/?post_type=product&#038;p=7322"},"modified":"2026-04-02T11:10:20","modified_gmt":"2026-04-02T11:10:20","slug":"einzelne-blockids-indoor-platten-rechteck","status":"publish","type":"product","link":"https:\/\/blockids.eu\/de\/product\/einzelne-blockids-indoor-platten-rechteck","title":{"rendered":"Einzelne BLOCKids Indoor-Platten \u2013 Rechteck"},"content":{"rendered":"<p>Dieses Kletterboard ist aus 18 mm Birkensperrholz gefertigt. Auf der R\u00fcckseite des Boards befindet sich ein Rahmen. Die Gesamttiefe eines Boards betr\u00e4gt 36 mm einschlie\u00dflich dem Rahmen. Jedes Board hat 20 L\u00f6cher f\u00fcr Klettergriffe.<\/p>\n","protected":false},"excerpt":{"rendered":"<p>Das separate rechteckige BLOCKids-Board mit den Ma\u00dfen 1180 x 780 mm wird mit allem Zubeh\u00f6r geliefert, das f\u00fcr die zus\u00e4tzliche Installation ben\u00f6tigt wird! So kann die BLOCKids-Wand mit euren Kindern wachsen.<\/p>\n","protected":false},"featured_media":7314,"template":"","meta":{"_acf_changed":false},"product_brand":[],"product_cat":[139,122],"product_tag":[],"class_list":{"0":"post-7322","1":"product","2":"type-product","3":"status-publish","4":"has-post-thumbnail","6":"product_cat-einzelne-indoor-kletterwand-paneele","7":"product_cat-indoor-kletterwaende","9":"first","10":"instock","11":"taxable","12":"shipping-taxable","13":"purchasable","14":"product-type-simple"},"acf":[],"_links":{"self":[{"href":"https:\/\/blockids.eu\/de\/wp-json\/wp\/v2\/product\/7322","targetHints":{"allow":["GET"]}}],"collection":[{"href":"https:\/\/blockids.eu\/de\/wp-json\/wp\/v2\/product"}],"about":[{"href":"https:\/\/blockids.eu\/de\/wp-json\/wp\/v2\/types\/product"}],"wp:featuredmedia":[{"embeddable":true,"href":"https:\/\/blockids.eu\/de\/wp-json\/wp\/v2\/media\/7314"}],"wp:attachment":[{"href":"https:\/\/blockids.eu\/de\/wp-json\/wp\/v2\/media?parent=7322"}],"wp:term":[{"taxonomy":"product_brand","embeddable":true,"href":"https:\/\/blockids.eu\/de\/wp-json\/wp\/v2\/product_brand?post=7322"},{"taxonomy":"product_cat","embeddable":true,"href":"https:\/\/blockids.eu\/de\/wp-json\/wp\/v2\/product_cat?post=7322"},{"taxonomy":"product_tag","embeddable":true,"href":"https:\/\/blockids.eu\/de\/wp-json\/wp\/v2\/product_tag?post=7322"}],"curies":[{"name":"wp","href":"https:\/\/api.w.org\/{rel}","templated":true}]}}