{"id":7131,"date":"2026-02-06T14:20:23","date_gmt":"2026-02-06T14:20:23","guid":{"rendered":"https:\/\/blockids.eu\/?post_type=product&#038;p=7131"},"modified":"2026-04-01T16:39:14","modified_gmt":"2026-04-01T16:39:14","slug":"einzelne-blockids-outdoor-platte-rechtes-dreieck","status":"publish","type":"product","link":"https:\/\/blockids.eu\/de\/product\/einzelne-blockids-outdoor-platte-rechtes-dreieck","title":{"rendered":"Einzelne BLOCKids Outdoor-Platte \u2013 rechtes Dreieck"},"content":{"rendered":"<p>Dieses Kletterboard ist aus 18 mm Birkensperrholz gefertigt. Auf der R\u00fcckseite des Boards befindet sich ein Rahmen. Die Gesamttiefe eines Boards betr\u00e4gt 36 mm einschlie\u00dflich dem Rahmen. Jedes Board hat 9 L\u00f6cher f\u00fcr Klettergriffe.<\/p>\n","protected":false},"excerpt":{"rendered":"<p>Wir liefern die BLOCKids Single Dreiecksplatte mit Katheten 1180 x 780 mm mit allem notwendigen Zubeh\u00f6r f\u00fcr den nachtr\u00e4glichen Einbau! Dadurch kann die BLOCKids Wand mit Ihren Kindern mitwachsen.<\/p>\n","protected":false},"featured_media":7125,"template":"","meta":{"_acf_changed":false},"product_brand":[],"product_cat":[145,141],"product_tag":[],"class_list":{"0":"post-7131","1":"product","2":"type-product","3":"status-publish","4":"has-post-thumbnail","6":"product_cat-einzelne-outdoor-kletterwand-paneele","7":"product_cat-outdoor-kletterwaende","9":"first","10":"instock","11":"taxable","12":"shipping-taxable","13":"purchasable","14":"product-type-simple"},"acf":[],"_links":{"self":[{"href":"https:\/\/blockids.eu\/de\/wp-json\/wp\/v2\/product\/7131","targetHints":{"allow":["GET"]}}],"collection":[{"href":"https:\/\/blockids.eu\/de\/wp-json\/wp\/v2\/product"}],"about":[{"href":"https:\/\/blockids.eu\/de\/wp-json\/wp\/v2\/types\/product"}],"wp:featuredmedia":[{"embeddable":true,"href":"https:\/\/blockids.eu\/de\/wp-json\/wp\/v2\/media\/7125"}],"wp:attachment":[{"href":"https:\/\/blockids.eu\/de\/wp-json\/wp\/v2\/media?parent=7131"}],"wp:term":[{"taxonomy":"product_brand","embeddable":true,"href":"https:\/\/blockids.eu\/de\/wp-json\/wp\/v2\/product_brand?post=7131"},{"taxonomy":"product_cat","embeddable":true,"href":"https:\/\/blockids.eu\/de\/wp-json\/wp\/v2\/product_cat?post=7131"},{"taxonomy":"product_tag","embeddable":true,"href":"https:\/\/blockids.eu\/de\/wp-json\/wp\/v2\/product_tag?post=7131"}],"curies":[{"name":"wp","href":"https:\/\/api.w.org\/{rel}","templated":true}]}}