{"id":6825,"date":"2026-02-06T14:20:31","date_gmt":"2026-02-06T14:20:31","guid":{"rendered":"https:\/\/blockids.eu\/?post_type=product&#038;p=6825"},"modified":"2026-04-02T11:30:09","modified_gmt":"2026-04-02T11:30:09","slug":"fallschutzbelag-fuer-den-aussenbereich-blockids-4","status":"publish","type":"product","link":"https:\/\/blockids.eu\/de\/product\/fallschutzbelag-fuer-den-aussenbereich-blockids-4","title":{"rendered":"Fallschutzbelag f\u00fcr den Au\u00dfenbereich BLOCKids 4"},"content":{"rendered":"<p>F\u00fcr BLOCKids-Kletterw\u00e4nde im \u00f6ffentlichen Au\u00dfenbereich bieten wir die Lieferung und Montage zertifizierter Fallschutzbel\u00e4ge an. Diese sind verpflichtender Bestandteil jeder \u00f6ffentlich zug\u00e4nglichen Kletterwand \u2013 z.\u202fB. auf Schulh\u00f6fen, Spielpl\u00e4tzen oder in Parks. Die Bel\u00e4ge erf\u00fcllen geltende Sicherheitsnormen, d\u00e4mpfen Aufpralle, sind wetterbest\u00e4ndig und auch bei intensiver Nutzung besonders langlebig. Wir bieten sie in verschiedenen Gr\u00f6\u00dfen und Farbvarianten an.<\/p>\n<p>Kontaktieren Sie uns \u2013 wir erstellen Ihnen gerne ein individuelles Angebot inklusive Montage vor Ort!<\/p>\n<p>&nbsp;<\/p>\n","protected":false},"excerpt":{"rendered":"<p class=\"desc\">Unsere Fallschutzbel\u00e4ge f\u00fcr den Au\u00dfenbereich erf\u00fcllen die Sicherheitsnormen, d\u00e4mpfen Aufpralle, sind witterungsbest\u00e4ndig und langlebig \u2013 auch bei h\u00e4ufiger Nutzung. Wir bieten sie in verschiedenen Gr\u00f6\u00dfen und Farbvarianten an.<\/p>\n","protected":false},"featured_media":6824,"template":"","meta":{"_acf_changed":false},"product_brand":[],"product_cat":[173,146,136],"product_tag":[194],"class_list":{"0":"post-6825","1":"product","2":"type-product","3":"status-publish","4":"has-post-thumbnail","6":"product_cat-fallschutzbelage-fur-den-ausenbereich","7":"product_cat-fallschutzmatten-und-turnmatten","8":"product_cat-outdoor-fallschutzflaechen","9":"product_tag-ausenbereich","11":"first","12":"instock","13":"taxable","14":"shipping-taxable","15":"purchasable","16":"product-type-variable"},"acf":[],"_links":{"self":[{"href":"https:\/\/blockids.eu\/de\/wp-json\/wp\/v2\/product\/6825","targetHints":{"allow":["GET"]}}],"collection":[{"href":"https:\/\/blockids.eu\/de\/wp-json\/wp\/v2\/product"}],"about":[{"href":"https:\/\/blockids.eu\/de\/wp-json\/wp\/v2\/types\/product"}],"wp:featuredmedia":[{"embeddable":true,"href":"https:\/\/blockids.eu\/de\/wp-json\/wp\/v2\/media\/6824"}],"wp:attachment":[{"href":"https:\/\/blockids.eu\/de\/wp-json\/wp\/v2\/media?parent=6825"}],"wp:term":[{"taxonomy":"product_brand","embeddable":true,"href":"https:\/\/blockids.eu\/de\/wp-json\/wp\/v2\/product_brand?post=6825"},{"taxonomy":"product_cat","embeddable":true,"href":"https:\/\/blockids.eu\/de\/wp-json\/wp\/v2\/product_cat?post=6825"},{"taxonomy":"product_tag","embeddable":true,"href":"https:\/\/blockids.eu\/de\/wp-json\/wp\/v2\/product_tag?post=6825"}],"curies":[{"name":"wp","href":"https:\/\/api.w.org\/{rel}","templated":true}]}}