{"id":4914,"date":"2026-02-06T14:20:16","date_gmt":"2026-02-06T14:20:16","guid":{"rendered":"https:\/\/blockids.eu\/?post_type=product&#038;p=4914"},"modified":"2026-02-24T19:24:45","modified_gmt":"2026-02-24T19:24:45","slug":"kletterwand-fur-kinder-im-garten-blockids-2","status":"publish","type":"product","link":"https:\/\/blockids.eu\/de\/product\/kletterwand-fur-kinder-im-garten-blockids-2","title":{"rendered":"Kletterwand f\u00fcr Kinder im Garten BLOCKids 2"},"content":{"rendered":"<p>Kleine Kletterwand f\u00fcr kleinere Outdoor-Fl\u00e4chen. Wenn euer Kind gr\u00f6\u00dfer wird, k\u00f6nnt ihr BLOCKids 2 ganz einfach mit weiteren Komponenten aus unserem Angebot erweitern.\u00a0<\/p>\n<p>Dieses Set besteht aus zwei rechteckigen Boards aus 18 mm Outdoor-Sperrholz. Jedes Board hat 20 L\u00f6cher f\u00fcr Klettergriffe. Ihr k\u00f6nnt die Position der Klettergriffe an unseren W\u00e4nden jederzeit ganz einfach \u00e4ndern, damit eure Kinder in Bewegung bleiben!<\/p>\n","protected":false},"excerpt":{"rendered":"<p>Kleine Kletterwand f\u00fcr kleinere Outdoor-Fl\u00e4chen. Wenn euer Kind gr\u00f6\u00dfer wird, k\u00f6nnt ihr BLOCKids 2 ganz einfach mit weiteren Komponenten aus unserem Angebot erweitern.\u00a0 Dieses Set besteht aus zwei rechteckigen Boards aus 18 mm Outdoor-Sperrholz. Jedes Board hat 20 L\u00f6cher f\u00fcr Klettergriffe. Ihr k\u00f6nnt die Position der Klettergriffe an unseren W\u00e4nden jederzeit ganz einfach \u00e4ndern, damit [&hellip;]<\/p>\n","protected":false},"featured_media":4907,"template":"","meta":{"_acf_changed":false},"product_brand":[],"product_cat":[142,141],"product_tag":[],"class_list":{"0":"post-4914","1":"product","2":"type-product","3":"status-publish","4":"has-post-thumbnail","6":"product_cat-kletterwand-fur-den-garten","7":"product_cat-outdoor-kletterwaende","9":"first","10":"instock","11":"taxable","12":"shipping-taxable","13":"purchasable","14":"product-type-variable"},"acf":[],"_links":{"self":[{"href":"https:\/\/blockids.eu\/de\/wp-json\/wp\/v2\/product\/4914","targetHints":{"allow":["GET"]}}],"collection":[{"href":"https:\/\/blockids.eu\/de\/wp-json\/wp\/v2\/product"}],"about":[{"href":"https:\/\/blockids.eu\/de\/wp-json\/wp\/v2\/types\/product"}],"wp:featuredmedia":[{"embeddable":true,"href":"https:\/\/blockids.eu\/de\/wp-json\/wp\/v2\/media\/4907"}],"wp:attachment":[{"href":"https:\/\/blockids.eu\/de\/wp-json\/wp\/v2\/media?parent=4914"}],"wp:term":[{"taxonomy":"product_brand","embeddable":true,"href":"https:\/\/blockids.eu\/de\/wp-json\/wp\/v2\/product_brand?post=4914"},{"taxonomy":"product_cat","embeddable":true,"href":"https:\/\/blockids.eu\/de\/wp-json\/wp\/v2\/product_cat?post=4914"},{"taxonomy":"product_tag","embeddable":true,"href":"https:\/\/blockids.eu\/de\/wp-json\/wp\/v2\/product_tag?post=4914"}],"curies":[{"name":"wp","href":"https:\/\/api.w.org\/{rel}","templated":true}]}}