{"id":4898,"date":"2026-02-06T14:20:17","date_gmt":"2026-02-06T14:20:17","guid":{"rendered":"https:\/\/blockids.eu\/?post_type=product&#038;p=4898"},"modified":"2026-04-02T11:45:47","modified_gmt":"2026-04-02T11:45:47","slug":"kletterwand-fur-kinder-im-garten-blockids-10","status":"publish","type":"product","link":"https:\/\/blockids.eu\/de\/product\/kletterwand-fur-kinder-im-garten-blockids-10","title":{"rendered":"Kletterwand f\u00fcr Kinder im Garten BLOCKids 10"},"content":{"rendered":"<p>Wir empfehlen dringend, diese Wand mit unserem Kletterzubeh\u00f6r zu erg\u00e4nzen, das nicht nur f\u00fcr die Kinder, sondern auch f\u00fcr euch Eltern ist. Wir empfehlen die Klettergriffe aus dem Kletterzubeh\u00f6r, wie zum Beispiel unsere Kartoffeln oder die Leisten Bumerangs. Diese sind ein echtes Klettertraining und st\u00e4rken den ganzen K\u00f6rper&#8230;. Diese stellen ein echtes Kletter-Workout und ein Ganzk\u00f6rper-Workout dar &#8230; Unsere Holzkonstruktionen dagegen lockern eine gro\u00dfe Fl\u00e4che auf und erg\u00e4nzen die Wand perfekt.<\/p>\n<p>Dieses Set besteht aus zehn rechteckigen Boards aus 18 mm Outdoor-Sperrholz. Jedes Board hat 20 L\u00f6cher f\u00fcr Klettergriffe. Ihr k\u00f6nnt die Position der Klettergriffe an unseren W\u00e4nden jederzeit ganz einfach \u00e4ndern, damit eure Kinder in Bewegung bleiben!<\/p>\n","protected":false},"excerpt":{"rendered":"<p>Wir empfehlen dringend, diese Wand mit unserem Kletterzubeh\u00f6r zu erg\u00e4nzen, das nicht nur f\u00fcr die Kinder, sondern auch f\u00fcr euch Eltern ist. Wir empfehlen die Klettergriffe aus dem Kletterzubeh\u00f6r, wie zum Beispiel unsere Kartoffeln oder die Leisten Bumerangs. Diese sind ein echtes Klettertraining und st\u00e4rken den ganzen K\u00f6rper&#8230;. Diese stellen ein echtes Kletter-Workout und ein [&hellip;]<\/p>\n","protected":false},"featured_media":4887,"template":"","meta":{"_acf_changed":false},"product_brand":[],"product_cat":[142,144,141,143],"product_tag":[],"class_list":{"0":"post-4898","1":"product","2":"type-product","3":"status-publish","4":"has-post-thumbnail","6":"product_cat-kletterwand-fur-den-garten","7":"product_cat-kletterwand-fuer-staedte-und-gemeinden","8":"product_cat-outdoor-kletterwaende","9":"product_cat-kletterwand-fuer-kindergarten-und-schule-2","11":"first","12":"instock","13":"taxable","14":"shipping-taxable","15":"purchasable","16":"product-type-variable"},"acf":[],"_links":{"self":[{"href":"https:\/\/blockids.eu\/de\/wp-json\/wp\/v2\/product\/4898","targetHints":{"allow":["GET"]}}],"collection":[{"href":"https:\/\/blockids.eu\/de\/wp-json\/wp\/v2\/product"}],"about":[{"href":"https:\/\/blockids.eu\/de\/wp-json\/wp\/v2\/types\/product"}],"wp:featuredmedia":[{"embeddable":true,"href":"https:\/\/blockids.eu\/de\/wp-json\/wp\/v2\/media\/4887"}],"wp:attachment":[{"href":"https:\/\/blockids.eu\/de\/wp-json\/wp\/v2\/media?parent=4898"}],"wp:term":[{"taxonomy":"product_brand","embeddable":true,"href":"https:\/\/blockids.eu\/de\/wp-json\/wp\/v2\/product_brand?post=4898"},{"taxonomy":"product_cat","embeddable":true,"href":"https:\/\/blockids.eu\/de\/wp-json\/wp\/v2\/product_cat?post=4898"},{"taxonomy":"product_tag","embeddable":true,"href":"https:\/\/blockids.eu\/de\/wp-json\/wp\/v2\/product_tag?post=4898"}],"curies":[{"name":"wp","href":"https:\/\/api.w.org\/{rel}","templated":true}]}}