{"id":4874,"date":"2026-02-06T14:20:17","date_gmt":"2026-02-06T14:20:17","guid":{"rendered":"https:\/\/blockids.eu\/?post_type=product&#038;p=4874"},"modified":"2026-04-02T11:48:06","modified_gmt":"2026-04-02T11:48:06","slug":"kletterwand-fur-kinder-im-garten-blockids-8","status":"publish","type":"product","link":"https:\/\/blockids.eu\/de\/product\/kletterwand-fur-kinder-im-garten-blockids-8","title":{"rendered":"Kletterwand f\u00fcr Kinder im Garten BLOCKids 8"},"content":{"rendered":"<p>Die gro\u00dfe Fl\u00e4che bietet viele M\u00f6glichkeiten zum Klettern und eure Kinder werden viel Platz zum Bewegen und Training haben. Sie kann nat\u00fcrlich mit unserem Kletterzubeh\u00f6r erg\u00e4nzt werden, das nicht nur f\u00fcr die Kinder, sondern auch f\u00fcr euch Eltern gedacht ist. Ihr m\u00fcsst nur anfangen \u2026<\/p>\n<p>Ihr erhaltet acht rechteckige Boards aus 18 mm Outdoor-Sperrholz. Jedes Board hat 20 L\u00f6cher f\u00fcr Klettergriffe. Ihr k\u00f6nnt die Position der Klettergriffe an unseren W\u00e4nden jederzeit ganz einfach \u00e4ndern, damit eure Kinder in Bewegung bleiben!<\/p>\n","protected":false},"excerpt":{"rendered":"<p>Die gro\u00dfe Fl\u00e4che bietet viele M\u00f6glichkeiten zum Klettern und eure Kinder werden viel Platz zum Bewegen und Training haben. Sie kann nat\u00fcrlich mit unserem Kletterzubeh\u00f6r erg\u00e4nzt werden, das nicht nur f\u00fcr die Kinder, sondern auch f\u00fcr euch Eltern gedacht ist. Ihr m\u00fcsst nur anfangen \u2026 Ihr erhaltet acht rechteckige Boards aus 18 mm Outdoor-Sperrholz. Jedes [&hellip;]<\/p>\n","protected":false},"featured_media":4860,"template":"","meta":{"_acf_changed":false},"product_brand":[],"product_cat":[142,144,141,143],"product_tag":[],"class_list":{"0":"post-4874","1":"product","2":"type-product","3":"status-publish","4":"has-post-thumbnail","6":"product_cat-kletterwand-fur-den-garten","7":"product_cat-kletterwand-fuer-staedte-und-gemeinden","8":"product_cat-outdoor-kletterwaende","9":"product_cat-kletterwand-fuer-kindergarten-und-schule-2","11":"first","12":"instock","13":"featured","14":"taxable","15":"shipping-taxable","16":"purchasable","17":"product-type-variable"},"acf":[],"_links":{"self":[{"href":"https:\/\/blockids.eu\/de\/wp-json\/wp\/v2\/product\/4874","targetHints":{"allow":["GET"]}}],"collection":[{"href":"https:\/\/blockids.eu\/de\/wp-json\/wp\/v2\/product"}],"about":[{"href":"https:\/\/blockids.eu\/de\/wp-json\/wp\/v2\/types\/product"}],"wp:featuredmedia":[{"embeddable":true,"href":"https:\/\/blockids.eu\/de\/wp-json\/wp\/v2\/media\/4860"}],"wp:attachment":[{"href":"https:\/\/blockids.eu\/de\/wp-json\/wp\/v2\/media?parent=4874"}],"wp:term":[{"taxonomy":"product_brand","embeddable":true,"href":"https:\/\/blockids.eu\/de\/wp-json\/wp\/v2\/product_brand?post=4874"},{"taxonomy":"product_cat","embeddable":true,"href":"https:\/\/blockids.eu\/de\/wp-json\/wp\/v2\/product_cat?post=4874"},{"taxonomy":"product_tag","embeddable":true,"href":"https:\/\/blockids.eu\/de\/wp-json\/wp\/v2\/product_tag?post=4874"}],"curies":[{"name":"wp","href":"https:\/\/api.w.org\/{rel}","templated":true}]}}