{"id":4844,"date":"2026-02-06T14:20:17","date_gmt":"2026-02-06T14:20:17","guid":{"rendered":"https:\/\/blockids.eu\/?post_type=product&#038;p=4844"},"modified":"2026-04-02T11:48:41","modified_gmt":"2026-04-02T11:48:41","slug":"kletterwand-fur-kinder-im-garten-blockids-6","status":"publish","type":"product","link":"https:\/\/blockids.eu\/de\/product\/kletterwand-fur-kinder-im-garten-blockids-6","title":{"rendered":"Kletterwand f\u00fcr Kinder im Garten BLOCKids 6"},"content":{"rendered":"<p>Ihr k\u00f6nnt sie auch mit Holzvolumen von uns erg\u00e4nzen, die neue Bewegungsm\u00f6glichkeiten an der Kletterwand schaffen, wie z. B. \u00dcberh\u00e4nge oder Seitengriffe. F\u00fcr gr\u00f6\u00dfere Kinder oder auch Eltern empfehlen wir Klettergriffe aus dem Zubeh\u00f6r, wie zum Beispiel unsere Kartoffeln oder die Leisten Bumerangs. Diese sind ein echtes Klettertraining und st\u00e4rken den ganzen K\u00f6rper&#8230;<\/p>\n<p>Das Basis-Set umfasst sechs rechteckigen Boards aus 18 mm Outdoor-Sperrholz. Jedes Board hat 20 L\u00f6cher f\u00fcr Klettergriffe. Ihr k\u00f6nnt die Position der Klettergriffe an unseren W\u00e4nden jederzeit ganz einfach \u00e4ndern, damit eure Kinder in Bewegung bleiben!<\/p>\n","protected":false},"excerpt":{"rendered":"<p>Ihr k\u00f6nnt sie auch mit Holzvolumen von uns erg\u00e4nzen, die neue Bewegungsm\u00f6glichkeiten an der Kletterwand schaffen, wie z. B. \u00dcberh\u00e4nge oder Seitengriffe. F\u00fcr gr\u00f6\u00dfere Kinder oder auch Eltern empfehlen wir Klettergriffe aus dem Zubeh\u00f6r, wie zum Beispiel unsere Kartoffeln oder die Leisten Bumerangs. Diese sind ein echtes Klettertraining und st\u00e4rken den ganzen K\u00f6rper&#8230; Das Basis-Set [&hellip;]<\/p>\n","protected":false},"featured_media":4832,"template":"","meta":{"_acf_changed":false},"product_brand":[],"product_cat":[142,144,141,143],"product_tag":[],"class_list":{"0":"post-4844","1":"product","2":"type-product","3":"status-publish","4":"has-post-thumbnail","6":"product_cat-kletterwand-fur-den-garten","7":"product_cat-kletterwand-fuer-staedte-und-gemeinden","8":"product_cat-outdoor-kletterwaende","9":"product_cat-kletterwand-fuer-kindergarten-und-schule-2","11":"first","12":"instock","13":"taxable","14":"shipping-taxable","15":"purchasable","16":"product-type-variable"},"acf":[],"_links":{"self":[{"href":"https:\/\/blockids.eu\/de\/wp-json\/wp\/v2\/product\/4844","targetHints":{"allow":["GET"]}}],"collection":[{"href":"https:\/\/blockids.eu\/de\/wp-json\/wp\/v2\/product"}],"about":[{"href":"https:\/\/blockids.eu\/de\/wp-json\/wp\/v2\/types\/product"}],"wp:featuredmedia":[{"embeddable":true,"href":"https:\/\/blockids.eu\/de\/wp-json\/wp\/v2\/media\/4832"}],"wp:attachment":[{"href":"https:\/\/blockids.eu\/de\/wp-json\/wp\/v2\/media?parent=4844"}],"wp:term":[{"taxonomy":"product_brand","embeddable":true,"href":"https:\/\/blockids.eu\/de\/wp-json\/wp\/v2\/product_brand?post=4844"},{"taxonomy":"product_cat","embeddable":true,"href":"https:\/\/blockids.eu\/de\/wp-json\/wp\/v2\/product_cat?post=4844"},{"taxonomy":"product_tag","embeddable":true,"href":"https:\/\/blockids.eu\/de\/wp-json\/wp\/v2\/product_tag?post=4844"}],"curies":[{"name":"wp","href":"https:\/\/api.w.org\/{rel}","templated":true}]}}