{"id":4818,"date":"2026-02-06T14:20:17","date_gmt":"2026-02-06T14:20:17","guid":{"rendered":"https:\/\/blockids.eu\/?post_type=product&#038;p=4818"},"modified":"2026-02-24T19:24:59","modified_gmt":"2026-02-24T19:24:59","slug":"kletterwand-fur-kinder-im-garten-blockids-4","status":"publish","type":"product","link":"https:\/\/blockids.eu\/de\/product\/kletterwand-fur-kinder-im-garten-blockids-4","title":{"rendered":"Kletterwand f\u00fcr Kinder im Garten BLOCKids 4"},"content":{"rendered":"<p>Die BLOCKids 4 Kletterwand ist eine tolle Fl\u00e4che f\u00fcr die Entwicklung der k\u00f6rperlichen F\u00e4higkeiten eurer Kinder. Erg\u00e4nzt werden kann sie mit weiteren Klettergriffen von uns, die neue Bewegungsm\u00f6glichkeiten an der Kletterwand schaffen.<\/p>\n<p>Ihr erhaltet von uns vier Boards aus 18 mm Outdoor-Sperrholz und Klettergriffen. Jedes Board hat einen Rahmen auf der R\u00fcckseite und die Gesamttiefe eines Boards betr\u00e4gt 18 mm. Jedes Board hat 20 L\u00f6cher f\u00fcr Klettergriffe. Ihr k\u00f6nnt die Position der Klettergriffe an unseren W\u00e4nden jederzeit ganz einfach \u00e4ndern, damit eure Kinder in Bewegung bleiben!<\/p>\n","protected":false},"excerpt":{"rendered":"<p>Die BLOCKids 4 Kletterwand ist eine tolle Fl\u00e4che f\u00fcr die Entwicklung der k\u00f6rperlichen F\u00e4higkeiten eurer Kinder. Erg\u00e4nzt werden kann sie mit weiteren Klettergriffen von uns, die neue Bewegungsm\u00f6glichkeiten an der Kletterwand schaffen. Ihr erhaltet von uns vier Boards aus 18 mm Outdoor-Sperrholz und Klettergriffen. Jedes Board hat einen Rahmen auf der R\u00fcckseite und die Gesamttiefe [&hellip;]<\/p>\n","protected":false},"featured_media":4810,"template":"","meta":{"_acf_changed":false},"product_brand":[],"product_cat":[142,144,141,143],"product_tag":[],"class_list":{"0":"post-4818","1":"product","2":"type-product","3":"status-publish","4":"has-post-thumbnail","6":"product_cat-kletterwand-fur-den-garten","7":"product_cat-kletterwand-fuer-staedte-und-gemeinden","8":"product_cat-outdoor-kletterwaende","9":"product_cat-kletterwand-fuer-kindergarten-und-schule-2","11":"first","12":"instock","13":"taxable","14":"shipping-taxable","15":"purchasable","16":"product-type-variable"},"acf":[],"_links":{"self":[{"href":"https:\/\/blockids.eu\/de\/wp-json\/wp\/v2\/product\/4818","targetHints":{"allow":["GET"]}}],"collection":[{"href":"https:\/\/blockids.eu\/de\/wp-json\/wp\/v2\/product"}],"about":[{"href":"https:\/\/blockids.eu\/de\/wp-json\/wp\/v2\/types\/product"}],"wp:featuredmedia":[{"embeddable":true,"href":"https:\/\/blockids.eu\/de\/wp-json\/wp\/v2\/media\/4810"}],"wp:attachment":[{"href":"https:\/\/blockids.eu\/de\/wp-json\/wp\/v2\/media?parent=4818"}],"wp:term":[{"taxonomy":"product_brand","embeddable":true,"href":"https:\/\/blockids.eu\/de\/wp-json\/wp\/v2\/product_brand?post=4818"},{"taxonomy":"product_cat","embeddable":true,"href":"https:\/\/blockids.eu\/de\/wp-json\/wp\/v2\/product_cat?post=4818"},{"taxonomy":"product_tag","embeddable":true,"href":"https:\/\/blockids.eu\/de\/wp-json\/wp\/v2\/product_tag?post=4818"}],"curies":[{"name":"wp","href":"https:\/\/api.w.org\/{rel}","templated":true}]}}