{"id":4800,"date":"2026-02-06T14:20:17","date_gmt":"2026-02-06T14:20:17","guid":{"rendered":"https:\/\/blockids.eu\/?post_type=product&#038;p=4800"},"modified":"2026-02-24T19:24:50","modified_gmt":"2026-02-24T19:24:50","slug":"kletterwand-fur-kinder-im-garten-blockids-3","status":"publish","type":"product","link":"https:\/\/blockids.eu\/de\/product\/kletterwand-fur-kinder-im-garten-blockids-3","title":{"rendered":"Kletterwand f\u00fcr Kinder im Garten BLOCKids 3"},"content":{"rendered":"<p>Diese Kletterwand enth\u00e4lt drei rechteckige Boards, die horizontal installiert werden. Der Vorteil ist die gleiche H\u00f6he als andere Kletterw\u00e4nde, aber es gen\u00fcgt wenig Platz.<\/p>\n<p>Dieses Set besteht aus drei rechteckigen Boards aus 18 mm Outdoor-Sperrholz. Jedes Board hat 20 L\u00f6cher f\u00fcr Klettergriffe. Ihr k\u00f6nnt die Position der Klettergriffe an unseren W\u00e4nden jederzeit ganz einfach \u00e4ndern, damit eure Kinder in Bewegung bleiben!<\/p>\n","protected":false},"excerpt":{"rendered":"<p>Diese Kletterwand enth\u00e4lt drei rechteckige Boards, die horizontal installiert werden. Der Vorteil ist die gleiche H\u00f6he als andere Kletterw\u00e4nde, aber es gen\u00fcgt wenig Platz. Dieses Set besteht aus drei rechteckigen Boards aus 18 mm Outdoor-Sperrholz. Jedes Board hat 20 L\u00f6cher f\u00fcr Klettergriffe. Ihr k\u00f6nnt die Position der Klettergriffe an unseren W\u00e4nden jederzeit ganz einfach \u00e4ndern, [&hellip;]<\/p>\n","protected":false},"featured_media":4796,"template":"","meta":{"_acf_changed":false},"product_brand":[],"product_cat":[142,141],"product_tag":[],"class_list":{"0":"post-4800","1":"product","2":"type-product","3":"status-publish","4":"has-post-thumbnail","6":"product_cat-kletterwand-fur-den-garten","7":"product_cat-outdoor-kletterwaende","9":"first","10":"instock","11":"taxable","12":"shipping-taxable","13":"purchasable","14":"product-type-variable"},"acf":[],"_links":{"self":[{"href":"https:\/\/blockids.eu\/de\/wp-json\/wp\/v2\/product\/4800","targetHints":{"allow":["GET"]}}],"collection":[{"href":"https:\/\/blockids.eu\/de\/wp-json\/wp\/v2\/product"}],"about":[{"href":"https:\/\/blockids.eu\/de\/wp-json\/wp\/v2\/types\/product"}],"wp:featuredmedia":[{"embeddable":true,"href":"https:\/\/blockids.eu\/de\/wp-json\/wp\/v2\/media\/4796"}],"wp:attachment":[{"href":"https:\/\/blockids.eu\/de\/wp-json\/wp\/v2\/media?parent=4800"}],"wp:term":[{"taxonomy":"product_brand","embeddable":true,"href":"https:\/\/blockids.eu\/de\/wp-json\/wp\/v2\/product_brand?post=4800"},{"taxonomy":"product_cat","embeddable":true,"href":"https:\/\/blockids.eu\/de\/wp-json\/wp\/v2\/product_cat?post=4800"},{"taxonomy":"product_tag","embeddable":true,"href":"https:\/\/blockids.eu\/de\/wp-json\/wp\/v2\/product_tag?post=4800"}],"curies":[{"name":"wp","href":"https:\/\/api.w.org\/{rel}","templated":true}]}}