{"id":4789,"date":"2026-02-06T14:20:22","date_gmt":"2026-02-06T14:20:22","guid":{"rendered":"https:\/\/blockids.eu\/?post_type=product&#038;p=4789"},"modified":"2026-03-31T07:37:19","modified_gmt":"2026-03-31T07:37:19","slug":"tafelboard-als-teil-einer-kletterwand","status":"publish","type":"product","link":"https:\/\/blockids.eu\/de\/product\/tafelboard-als-teil-einer-kletterwand","title":{"rendered":"Tafelboard als Teil einer Kletterwand"},"content":{"rendered":"<p>Bei der Bestellung einer Tafel als Teil einer Kletterwand ersetzen wir automatisch ein Kletterboard aus dem Standard BLOCKids Set durch diese eine separate Komponente. Das Tafelboard wird ohne vorgebohrte L\u00f6cher f\u00fcr Klettergriffe geliefert, wegen dem bequemen Malen.<\/p>\n<p>Wenn ihr dennoch die Oberfl\u00e4che der Platte an eurer Kletterwand zum Klettern nutzen wollt, verwendet einfach das von uns gelieferte Zubeh\u00f6r. Dies sind 5 St\u00fcck spezielle Metallreduzierungen (\u00dcberg\u00e4nge) f\u00fcr Bolzenschrauben. Dank diesen k\u00f6nnen auf diesem Board zus\u00e4tzlich Klettergriffe angebracht werden.\u00a0 Unsere Tafel kann sowohl im Innen- als auch im Au\u00dfenbereich angebracht werden.<\/p>\n","protected":false},"excerpt":{"rendered":"<p>Bei der Bestellung einer Tafel als Teil einer Kletterwand ersetzen wir automatisch ein Kletterboard aus dem Standard BLOCKids Set durch diese eine separate Komponente. Das Tafelboard wird ohne vorgebohrte L\u00f6cher f\u00fcr Klettergriffe geliefert, wegen dem bequemen Malen. Wenn ihr dennoch die Oberfl\u00e4che der Platte an eurer Kletterwand zum Klettern nutzen wollt, verwendet einfach das von [&hellip;]<\/p>\n","protected":false},"featured_media":4781,"template":"","meta":{"_acf_changed":false},"product_brand":[],"product_cat":[140,187],"product_tag":[],"class_list":{"0":"post-4789","1":"product","2":"type-product","3":"status-publish","4":"has-post-thumbnail","6":"product_cat-klettergriffe-und-zubehor","7":"product_cat-tafel","9":"first","10":"instock","11":"taxable","12":"shipping-taxable","13":"purchasable","14":"product-type-simple"},"acf":[],"_links":{"self":[{"href":"https:\/\/blockids.eu\/de\/wp-json\/wp\/v2\/product\/4789","targetHints":{"allow":["GET"]}}],"collection":[{"href":"https:\/\/blockids.eu\/de\/wp-json\/wp\/v2\/product"}],"about":[{"href":"https:\/\/blockids.eu\/de\/wp-json\/wp\/v2\/types\/product"}],"wp:featuredmedia":[{"embeddable":true,"href":"https:\/\/blockids.eu\/de\/wp-json\/wp\/v2\/media\/4781"}],"wp:attachment":[{"href":"https:\/\/blockids.eu\/de\/wp-json\/wp\/v2\/media?parent=4789"}],"wp:term":[{"taxonomy":"product_brand","embeddable":true,"href":"https:\/\/blockids.eu\/de\/wp-json\/wp\/v2\/product_brand?post=4789"},{"taxonomy":"product_cat","embeddable":true,"href":"https:\/\/blockids.eu\/de\/wp-json\/wp\/v2\/product_cat?post=4789"},{"taxonomy":"product_tag","embeddable":true,"href":"https:\/\/blockids.eu\/de\/wp-json\/wp\/v2\/product_tag?post=4789"}],"curies":[{"name":"wp","href":"https:\/\/api.w.org\/{rel}","templated":true}]}}