{"id":4749,"date":"2026-02-06T14:20:28","date_gmt":"2026-02-06T14:20:28","guid":{"rendered":"https:\/\/blockids.eu\/?post_type=product&#038;p=4749"},"modified":"2026-03-31T07:49:58","modified_gmt":"2026-03-31T07:49:58","slug":"bolzen-m10schraube-m5-reduzierung-10-stuck","status":"publish","type":"product","link":"https:\/\/blockids.eu\/de\/product\/bolzen-m10schraube-m5-reduzierung-10-stuck","title":{"rendered":"Bolzen M10\/Schraube M5 Reduzierung &#8211; 10 St\u00fcck"},"content":{"rendered":"<p>Seid ihr durch die vorbestimmte Position der Gewinde f\u00fcr die Montage der Griffe und der Tritte eingeschr\u00e4nkt? M\u00f6chtet ihr die Griffe an einer anderen Stelle der Kletterwand anbringen, damit die Kinder sie besser erreichen k\u00f6nnen? Durch die Reduzierung k\u00f6nnt ihr die Griffe \u00fcberall mit einer kleineren Schraube befestigen. Ihr k\u00f6nnt sie auch an unseren BLOCKids-Boards befestigen.<\/p>\n","protected":false},"excerpt":{"rendered":"<p>Seid ihr durch die vorbestimmte Position der Gewinde f\u00fcr die Montage der Griffe und der Tritte eingeschr\u00e4nkt? M\u00f6chtet ihr die Griffe an einer anderen Stelle der Kletterwand anbringen, damit die Kinder sie besser erreichen k\u00f6nnen? Durch die Reduzierung k\u00f6nnt ihr die Griffe \u00fcberall mit einer kleineren Schraube befestigen. Ihr k\u00f6nnt sie auch an unseren BLOCKids-Boards [&hellip;]<\/p>\n","protected":false},"featured_media":4746,"template":"","meta":{"_acf_changed":false},"product_brand":[],"product_cat":[191,57],"product_tag":[],"class_list":{"0":"post-4749","1":"product","2":"type-product","3":"status-publish","4":"has-post-thumbnail","6":"product_cat-installationsmaterial","7":"product_cat-montagezubehoer","9":"first","10":"instock","11":"taxable","12":"shipping-taxable","13":"purchasable","14":"product-type-simple"},"acf":[],"_links":{"self":[{"href":"https:\/\/blockids.eu\/de\/wp-json\/wp\/v2\/product\/4749","targetHints":{"allow":["GET"]}}],"collection":[{"href":"https:\/\/blockids.eu\/de\/wp-json\/wp\/v2\/product"}],"about":[{"href":"https:\/\/blockids.eu\/de\/wp-json\/wp\/v2\/types\/product"}],"wp:featuredmedia":[{"embeddable":true,"href":"https:\/\/blockids.eu\/de\/wp-json\/wp\/v2\/media\/4746"}],"wp:attachment":[{"href":"https:\/\/blockids.eu\/de\/wp-json\/wp\/v2\/media?parent=4749"}],"wp:term":[{"taxonomy":"product_brand","embeddable":true,"href":"https:\/\/blockids.eu\/de\/wp-json\/wp\/v2\/product_brand?post=4749"},{"taxonomy":"product_cat","embeddable":true,"href":"https:\/\/blockids.eu\/de\/wp-json\/wp\/v2\/product_cat?post=4749"},{"taxonomy":"product_tag","embeddable":true,"href":"https:\/\/blockids.eu\/de\/wp-json\/wp\/v2\/product_tag?post=4749"}],"curies":[{"name":"wp","href":"https:\/\/api.w.org\/{rel}","templated":true}]}}