{"id":4741,"date":"2026-02-06T14:20:28","date_gmt":"2026-02-06T14:20:28","guid":{"rendered":"https:\/\/blockids.eu\/?post_type=product&#038;p=4741"},"modified":"2026-03-31T07:49:45","modified_gmt":"2026-03-31T07:49:45","slug":"sicherheitsstopfen-fur-locher-fur-klettergriffbefestigungen-100-stuck","status":"publish","type":"product","link":"https:\/\/blockids.eu\/de\/product\/sicherheitsstopfen-fur-locher-fur-klettergriffbefestigungen-100-stuck","title":{"rendered":"Sicherheitsstopfen f\u00fcr L\u00f6cher f\u00fcr Klettergriffbefestigungen &#8211; 100 St\u00fcck"},"content":{"rendered":"<p>Der Stopfen verhindert, dass Kinder ihre Finger in ein unbenutztes Loch f\u00fcr die Montage von Klettergriffen stecken. Der Stopfen erh\u00f6ht auch den Schutz der Gewinde vor Korrosion der Outdoor-W\u00e4nde bei schlechtem Wetter.<\/p>\n","protected":false},"excerpt":{"rendered":"<p>Der Stopfen verhindert, dass Kinder ihre Finger in ein unbenutztes Loch f\u00fcr die Montage von Klettergriffen stecken. Der Stopfen erh\u00f6ht auch den Schutz der Gewinde vor Korrosion der Outdoor-W\u00e4nde bei schlechtem Wetter.<\/p>\n","protected":false},"featured_media":4740,"template":"","meta":{"_acf_changed":false},"product_brand":[],"product_cat":[191,57],"product_tag":[],"class_list":{"0":"post-4741","1":"product","2":"type-product","3":"status-publish","4":"has-post-thumbnail","6":"product_cat-installationsmaterial","7":"product_cat-montagezubehoer","9":"first","10":"instock","11":"taxable","12":"shipping-taxable","13":"purchasable","14":"product-type-simple"},"acf":[],"_links":{"self":[{"href":"https:\/\/blockids.eu\/de\/wp-json\/wp\/v2\/product\/4741","targetHints":{"allow":["GET"]}}],"collection":[{"href":"https:\/\/blockids.eu\/de\/wp-json\/wp\/v2\/product"}],"about":[{"href":"https:\/\/blockids.eu\/de\/wp-json\/wp\/v2\/types\/product"}],"wp:featuredmedia":[{"embeddable":true,"href":"https:\/\/blockids.eu\/de\/wp-json\/wp\/v2\/media\/4740"}],"wp:attachment":[{"href":"https:\/\/blockids.eu\/de\/wp-json\/wp\/v2\/media?parent=4741"}],"wp:term":[{"taxonomy":"product_brand","embeddable":true,"href":"https:\/\/blockids.eu\/de\/wp-json\/wp\/v2\/product_brand?post=4741"},{"taxonomy":"product_cat","embeddable":true,"href":"https:\/\/blockids.eu\/de\/wp-json\/wp\/v2\/product_cat?post=4741"},{"taxonomy":"product_tag","embeddable":true,"href":"https:\/\/blockids.eu\/de\/wp-json\/wp\/v2\/product_tag?post=4741"}],"curies":[{"name":"wp","href":"https:\/\/api.w.org\/{rel}","templated":true}]}}