{"id":4737,"date":"2026-02-06T14:20:29","date_gmt":"2026-02-06T14:20:29","guid":{"rendered":"https:\/\/blockids.eu\/?post_type=product&#038;p=4737"},"modified":"2026-03-31T07:48:22","modified_gmt":"2026-03-31T07:48:22","slug":"montagewerkzeug-fur-den-einbau-des-hulsenankers","status":"publish","type":"product","link":"https:\/\/blockids.eu\/de\/product\/montagewerkzeug-fur-den-einbau-des-hulsenankers","title":{"rendered":"Montagewerkzeug f\u00fcr den Einbau des H\u00fclsenankers"},"content":{"rendered":"<p>Ihr ben\u00f6tigt dieses Werkzeug, um den Einbau der H\u00fclsenanker sicher durchzuf\u00fchren. Dadurch kann sich der D\u00fcbel in der Wand ausbreiten, so dass er auch dann sicher sitzt, wenn kein tieferes Loch gebohrt werden kann.<\/p>\n<p>Der Kunststoffgriff und der Fingerschutz erm\u00f6glichen eine bequeme und sichere Handhabung.<\/p>\n","protected":false},"excerpt":{"rendered":"<p>Ihr ben\u00f6tigt dieses Werkzeug, um den Einbau der H\u00fclsenanker sicher durchzuf\u00fchren. Dadurch kann sich der D\u00fcbel in der Wand ausbreiten, so dass er auch dann sicher sitzt, wenn kein tieferes Loch gebohrt werden kann. Der Kunststoffgriff und der Fingerschutz erm\u00f6glichen eine bequeme und sichere Handhabung.<\/p>\n","protected":false},"featured_media":4736,"template":"","meta":{"_acf_changed":false},"product_brand":[],"product_cat":[183,57],"product_tag":[],"class_list":{"0":"post-4737","1":"product","2":"type-product","3":"status-publish","4":"has-post-thumbnail","6":"product_cat-montagewerkzeuge","7":"product_cat-montagezubehoer","9":"first","10":"instock","11":"taxable","12":"shipping-taxable","13":"purchasable","14":"product-type-simple"},"acf":[],"_links":{"self":[{"href":"https:\/\/blockids.eu\/de\/wp-json\/wp\/v2\/product\/4737","targetHints":{"allow":["GET"]}}],"collection":[{"href":"https:\/\/blockids.eu\/de\/wp-json\/wp\/v2\/product"}],"about":[{"href":"https:\/\/blockids.eu\/de\/wp-json\/wp\/v2\/types\/product"}],"wp:featuredmedia":[{"embeddable":true,"href":"https:\/\/blockids.eu\/de\/wp-json\/wp\/v2\/media\/4736"}],"wp:attachment":[{"href":"https:\/\/blockids.eu\/de\/wp-json\/wp\/v2\/media?parent=4737"}],"wp:term":[{"taxonomy":"product_brand","embeddable":true,"href":"https:\/\/blockids.eu\/de\/wp-json\/wp\/v2\/product_brand?post=4737"},{"taxonomy":"product_cat","embeddable":true,"href":"https:\/\/blockids.eu\/de\/wp-json\/wp\/v2\/product_cat?post=4737"},{"taxonomy":"product_tag","embeddable":true,"href":"https:\/\/blockids.eu\/de\/wp-json\/wp\/v2\/product_tag?post=4737"}],"curies":[{"name":"wp","href":"https:\/\/api.w.org\/{rel}","templated":true}]}}