{"id":4733,"date":"2026-02-06T14:20:29","date_gmt":"2026-02-06T14:20:29","guid":{"rendered":"https:\/\/blockids.eu\/?post_type=product&#038;p=4733"},"modified":"2026-03-31T07:48:17","modified_gmt":"2026-03-31T07:48:17","slug":"hulsenanker-fur-installationen-in-festem-mauerwerk-50-stuck","status":"publish","type":"product","link":"https:\/\/blockids.eu\/de\/product\/hulsenanker-fur-installationen-in-festem-mauerwerk-50-stuck","title":{"rendered":"H\u00fclsenanker f\u00fcr Installationen in festem Mauerwerk &#8211; 50 St\u00fcck"},"content":{"rendered":"<p>Der H\u00fclsenanker wird \u00fcberall dort gesch\u00e4tzt, wo Klettergriffe direkt an der Wand befestigt werden sollen, ohne Sperrholzplatten zu verwenden.<\/p>\n<p>1 Anker = 1 Gewinde f\u00fcr 1 Klettergriff<\/p>\n<p>Verwendet zum Vorbohren einen Bohrer aus unserem Sortiment.<\/p>\n<p>F\u00fcr die Montage ben\u00f6tigt ihr au\u00dferdem ein Montagewerkzeug, das wir euch gerne zusammen mit dem Anker liefern.<\/p>\n","protected":false},"excerpt":{"rendered":"<p>Der H\u00fclsenanker wird \u00fcberall dort gesch\u00e4tzt, wo Klettergriffe direkt an der Wand befestigt werden sollen, ohne Sperrholzplatten zu verwenden. 1 Anker = 1 Gewinde f\u00fcr 1 Klettergriff Verwendet zum Vorbohren einen Bohrer aus unserem Sortiment. F\u00fcr die Montage ben\u00f6tigt ihr au\u00dferdem ein Montagewerkzeug, das wir euch gerne zusammen mit dem Anker liefern.<\/p>\n","protected":false},"featured_media":4732,"template":"","meta":{"_acf_changed":false},"product_brand":[],"product_cat":[183,57],"product_tag":[],"class_list":{"0":"post-4733","1":"product","2":"type-product","3":"status-publish","4":"has-post-thumbnail","6":"product_cat-montagewerkzeuge","7":"product_cat-montagezubehoer","9":"first","10":"instock","11":"taxable","12":"shipping-taxable","13":"purchasable","14":"product-type-simple"},"acf":[],"_links":{"self":[{"href":"https:\/\/blockids.eu\/de\/wp-json\/wp\/v2\/product\/4733","targetHints":{"allow":["GET"]}}],"collection":[{"href":"https:\/\/blockids.eu\/de\/wp-json\/wp\/v2\/product"}],"about":[{"href":"https:\/\/blockids.eu\/de\/wp-json\/wp\/v2\/types\/product"}],"wp:featuredmedia":[{"embeddable":true,"href":"https:\/\/blockids.eu\/de\/wp-json\/wp\/v2\/media\/4732"}],"wp:attachment":[{"href":"https:\/\/blockids.eu\/de\/wp-json\/wp\/v2\/media?parent=4733"}],"wp:term":[{"taxonomy":"product_brand","embeddable":true,"href":"https:\/\/blockids.eu\/de\/wp-json\/wp\/v2\/product_brand?post=4733"},{"taxonomy":"product_cat","embeddable":true,"href":"https:\/\/blockids.eu\/de\/wp-json\/wp\/v2\/product_cat?post=4733"},{"taxonomy":"product_tag","embeddable":true,"href":"https:\/\/blockids.eu\/de\/wp-json\/wp\/v2\/product_tag?post=4733"}],"curies":[{"name":"wp","href":"https:\/\/api.w.org\/{rel}","templated":true}]}}