{"id":4720,"date":"2026-02-06T14:20:29","date_gmt":"2026-02-06T14:20:29","guid":{"rendered":"https:\/\/blockids.eu\/?post_type=product&#038;p=4720"},"modified":"2026-03-31T07:42:50","modified_gmt":"2026-03-31T07:42:50","slug":"l-formiger-imbusschlussel-8-mm","status":"publish","type":"product","link":"https:\/\/blockids.eu\/de\/product\/l-formiger-imbusschlussel-8-mm","title":{"rendered":"L-f\u00f6rmiger Imbusschl\u00fcssel 8 mm"},"content":{"rendered":"<p>Schraubenschl\u00fcssel f\u00fcr die Befestigung der Klettergriffe an der Wand. Lasst eure Kinder bei der Aufstellung und Installation mitmachen, dann haben sie mehr Spa\u00df am Klettern.<\/p>\n<p>Anmerkung: Der Imbusschl\u00fcssel ist beim Kauf von Einzelboards nicht in der Verpackung enthalten<\/p>\n","protected":false},"excerpt":{"rendered":"<p>Schraubenschl\u00fcssel f\u00fcr die Befestigung der Klettergriffe an der Wand. Lasst eure Kinder bei der Aufstellung und Installation mitmachen, dann haben sie mehr Spa\u00df am Klettern. Anmerkung: Der Imbusschl\u00fcssel ist beim Kauf von Einzelboards nicht in der Verpackung enthalten<\/p>\n","protected":false},"featured_media":4719,"template":"","meta":{"_acf_changed":false},"product_brand":[],"product_cat":[183,57],"product_tag":[],"class_list":{"0":"post-4720","1":"product","2":"type-product","3":"status-publish","4":"has-post-thumbnail","6":"product_cat-montagewerkzeuge","7":"product_cat-montagezubehoer","9":"first","10":"instock","11":"taxable","12":"shipping-taxable","13":"purchasable","14":"product-type-simple"},"acf":[],"_links":{"self":[{"href":"https:\/\/blockids.eu\/de\/wp-json\/wp\/v2\/product\/4720","targetHints":{"allow":["GET"]}}],"collection":[{"href":"https:\/\/blockids.eu\/de\/wp-json\/wp\/v2\/product"}],"about":[{"href":"https:\/\/blockids.eu\/de\/wp-json\/wp\/v2\/types\/product"}],"wp:featuredmedia":[{"embeddable":true,"href":"https:\/\/blockids.eu\/de\/wp-json\/wp\/v2\/media\/4719"}],"wp:attachment":[{"href":"https:\/\/blockids.eu\/de\/wp-json\/wp\/v2\/media?parent=4720"}],"wp:term":[{"taxonomy":"product_brand","embeddable":true,"href":"https:\/\/blockids.eu\/de\/wp-json\/wp\/v2\/product_brand?post=4720"},{"taxonomy":"product_cat","embeddable":true,"href":"https:\/\/blockids.eu\/de\/wp-json\/wp\/v2\/product_cat?post=4720"},{"taxonomy":"product_tag","embeddable":true,"href":"https:\/\/blockids.eu\/de\/wp-json\/wp\/v2\/product_tag?post=4720"}],"curies":[{"name":"wp","href":"https:\/\/api.w.org\/{rel}","templated":true}]}}