{"id":4712,"date":"2026-02-06T14:20:29","date_gmt":"2026-02-06T14:20:29","guid":{"rendered":"https:\/\/blockids.eu\/?post_type=product&#038;p=4712"},"modified":"2026-03-31T07:42:39","modified_gmt":"2026-03-31T07:42:39","slug":"t-mutter-mit-innengewinde-100-stuck","status":"publish","type":"product","link":"https:\/\/blockids.eu\/de\/product\/t-mutter-mit-innengewinde-100-stuck","title":{"rendered":"T-Mutter mit Innengewinde  &#8211; 100 St\u00fcck"},"content":{"rendered":"<p>Baut ihr eure Wand selbst? T-Muttern werden praktisch sein.<\/p>\n<p>Sie bieten eine hohe Festigkeit und Stabilit\u00e4t, die durch die Befestigung mit zwei Schrauben unterst\u00fctzt wird. Sie eignen sich f\u00fcr den Einsatz in unzug\u00e4nglichen Bereichen der Wand.<\/p>\n<p>Die Schrauben sind im Preis des Produkts enthalten.<\/p>\n","protected":false},"excerpt":{"rendered":"<p>Baut ihr eure Wand selbst? T-Muttern werden praktisch sein. Sie bieten eine hohe Festigkeit und Stabilit\u00e4t, die durch die Befestigung mit zwei Schrauben unterst\u00fctzt wird. Sie eignen sich f\u00fcr den Einsatz in unzug\u00e4nglichen Bereichen der Wand. Die Schrauben sind im Preis des Produkts enthalten.<\/p>\n","protected":false},"featured_media":4711,"template":"","meta":{"_acf_changed":false},"product_brand":[],"product_cat":[191,57],"product_tag":[],"class_list":{"0":"post-4712","1":"product","2":"type-product","3":"status-publish","4":"has-post-thumbnail","6":"product_cat-installationsmaterial","7":"product_cat-montagezubehoer","9":"first","10":"instock","11":"taxable","12":"shipping-taxable","13":"purchasable","14":"product-type-simple"},"acf":[],"_links":{"self":[{"href":"https:\/\/blockids.eu\/de\/wp-json\/wp\/v2\/product\/4712","targetHints":{"allow":["GET"]}}],"collection":[{"href":"https:\/\/blockids.eu\/de\/wp-json\/wp\/v2\/product"}],"about":[{"href":"https:\/\/blockids.eu\/de\/wp-json\/wp\/v2\/types\/product"}],"wp:featuredmedia":[{"embeddable":true,"href":"https:\/\/blockids.eu\/de\/wp-json\/wp\/v2\/media\/4711"}],"wp:attachment":[{"href":"https:\/\/blockids.eu\/de\/wp-json\/wp\/v2\/media?parent=4712"}],"wp:term":[{"taxonomy":"product_brand","embeddable":true,"href":"https:\/\/blockids.eu\/de\/wp-json\/wp\/v2\/product_brand?post=4712"},{"taxonomy":"product_cat","embeddable":true,"href":"https:\/\/blockids.eu\/de\/wp-json\/wp\/v2\/product_cat?post=4712"},{"taxonomy":"product_tag","embeddable":true,"href":"https:\/\/blockids.eu\/de\/wp-json\/wp\/v2\/product_tag?post=4712"}],"curies":[{"name":"wp","href":"https:\/\/api.w.org\/{rel}","templated":true}]}}