{"id":4708,"date":"2026-02-12T16:54:17","date_gmt":"2026-02-12T16:54:17","guid":{"rendered":"https:\/\/blockids.eu\/?post_type=product&#038;p=4708"},"modified":"2026-03-31T06:26:17","modified_gmt":"2026-03-31T06:26:17","slug":"haptischer-balancierbalken-blockids","status":"publish","type":"product","link":"https:\/\/blockids.eu\/de\/product\/haptischer-balancierbalken-blockids","title":{"rendered":"Haptischer Balancierbalken BLOCKids"},"content":{"rendered":"<p>Der haptische Balancierbalken von BLOCKids kombiniert Spa\u00df mit gezielter F\u00f6rderung der kindlichen Entwicklung. Dank der vier Elemente (je 87 cm lang) l\u00e4sst er sich flexibel einsetzen \u2013 als kurze Balance-Strecke oder zu einer fast 3,5 m langen Linie verbunden. Unterschiedliche Oberfl\u00e4chen regen Kinder an, ihren Tastsinn und ihr Gleichgewicht einzusetzen und dadurch Koordination, Sicherheit beim Gehen und Konzentration zu st\u00e4rken.<\/p>\n<p>Der Balken eignet sich ideal f\u00fcr Kinderg\u00e4rten, Schulen, Physio- und Ergotherapiezentren oder \u00f6ffentliche Spielpl\u00e4tze \u2013 aber auch f\u00fcr Familien zuhause, die Bewegung und Spa\u00df verbinden m\u00f6chten.<\/p>\n<p>Geeignet f\u00fcr Kinder ab 3 Jahren.<\/p>\n","protected":false},"excerpt":{"rendered":"<p>Der haptische Balancierbalken von BLOCKids kombiniert Spa\u00df mit gezielter F\u00f6rderung der kindlichen Entwicklung. Dank der vier Elemente (je 87 cm lang) l\u00e4sst er sich flexibel einsetzen \u2013 als kurze Balance-Strecke oder zu einer fast 3,5 m langen Linie verbunden. Unterschiedliche Oberfl\u00e4chen regen Kinder an, ihren Tastsinn und ihr Gleichgewicht einzusetzen und dadurch Koordination, Sicherheit beim [&hellip;]<\/p>\n","protected":false},"featured_media":4703,"template":"","meta":{"_acf_changed":false},"product_brand":[],"product_cat":[140,189],"product_tag":[],"class_list":{"0":"post-4708","1":"product","2":"type-product","3":"status-publish","4":"has-post-thumbnail","6":"product_cat-klettergriffe-und-zubehor","7":"product_cat-trainingselemente","9":"first","10":"instock","11":"taxable","12":"shipping-taxable","13":"purchasable","14":"product-type-simple"},"acf":[],"_links":{"self":[{"href":"https:\/\/blockids.eu\/de\/wp-json\/wp\/v2\/product\/4708","targetHints":{"allow":["GET"]}}],"collection":[{"href":"https:\/\/blockids.eu\/de\/wp-json\/wp\/v2\/product"}],"about":[{"href":"https:\/\/blockids.eu\/de\/wp-json\/wp\/v2\/types\/product"}],"wp:featuredmedia":[{"embeddable":true,"href":"https:\/\/blockids.eu\/de\/wp-json\/wp\/v2\/media\/4703"}],"wp:attachment":[{"href":"https:\/\/blockids.eu\/de\/wp-json\/wp\/v2\/media?parent=4708"}],"wp:term":[{"taxonomy":"product_brand","embeddable":true,"href":"https:\/\/blockids.eu\/de\/wp-json\/wp\/v2\/product_brand?post=4708"},{"taxonomy":"product_cat","embeddable":true,"href":"https:\/\/blockids.eu\/de\/wp-json\/wp\/v2\/product_cat?post=4708"},{"taxonomy":"product_tag","embeddable":true,"href":"https:\/\/blockids.eu\/de\/wp-json\/wp\/v2\/product_tag?post=4708"}],"curies":[{"name":"wp","href":"https:\/\/api.w.org\/{rel}","templated":true}]}}