{"id":4620,"date":"2026-02-06T14:20:22","date_gmt":"2026-02-06T14:20:22","guid":{"rendered":"https:\/\/blockids.eu\/?post_type=product&#038;p=4620"},"modified":"2026-03-30T23:12:52","modified_gmt":"2026-03-30T23:12:52","slug":"fallschutzmatten-fur-kinder-blockids-78-x-78-cm","status":"publish","type":"product","link":"https:\/\/blockids.eu\/de\/product\/fallschutzmatten-fur-kinder-blockids-78-x-78-cm","title":{"rendered":"Fallschutzmatten f\u00fcr Kinder BLOCKids 78 x 78 cm"},"content":{"rendered":"<p>Die Sturzmatte BLOCKids mit Anti-Rutsch-Behandlung ist 70 mm dick und entspricht mit exakten Ma\u00dfen von 780 x 780 mm der Breite der einzelnen Boards der Kletterwand. Die einzelnen Matten sind mit einem doppelseitigen Klettverschluss verbunden, der\u00a0 ungewolltes Trennen verhindert und das Stapeln der einzelnen Matten \u00fcbereinander erm\u00f6glicht. Sie k\u00f6nnen leicht abgewischt werden und die H\u00fclle kann sogar gewaschen werden. Man kann sie trennen und sie k\u00f6nnen als Spielelement, als Sportmatte f\u00fcr das Training, kleiner Sitz oder als Bett f\u00fcr einen Freund dienen &#8230;<\/p>\n<p><i>Technische Beschreibung: Die7 80x 780 x 70 mm gro\u00dfe Matte wurde nach der EN 1177 Sto\u00dfpr\u00fcfung getestet und zertifiziert. Die Unterseite der Matte besteht aus rutschfestem Stoff und die Oberseite aus hochwertigem, schmutz- und staubabweisendem Gewebe. Der Stoff ist waschbar, einfach den Schmutz mit einem feuchten Tuch abwischen und dann trocken wischen. Bei starker Verschmutzung kann der Stoff bei 30 Grad gewaschen werden. Die F\u00fcllung besteht aus rekonstituiertem Polyurethanschaum und kann mit Hilfe eines Rei\u00dfverschlusses, f\u00fcr den Fall des Waschens, herausgenommen werden. Alle verwendeten Materialien sind gesundheitlich unbedenklich.<\/i><\/p>\n","protected":false},"excerpt":{"rendered":"<p>Die Sturzmatte BLOCKids mit Anti-Rutsch-Behandlung ist 70 mm dick und entspricht mit exakten Ma\u00dfen von 780 x 780 mm der Breite der einzelnen Boards der Kletterwand. Die einzelnen Matten sind mit einem doppelseitigen Klettverschluss verbunden, der\u00a0 ungewolltes Trennen verhindert und das Stapeln der einzelnen Matten \u00fcbereinander erm\u00f6glicht. Sie k\u00f6nnen leicht abgewischt werden und die H\u00fclle [&hellip;]<\/p>\n","protected":false},"featured_media":4612,"template":"","meta":{"_acf_changed":false},"product_brand":[],"product_cat":[168,146],"product_tag":[],"class_list":{"0":"post-4620","1":"product","2":"type-product","3":"status-publish","4":"has-post-thumbnail","6":"product_cat-fallschutzmatten-turnmatten","7":"product_cat-fallschutzmatten-und-turnmatten","9":"first","10":"instock","11":"featured","12":"taxable","13":"shipping-taxable","14":"purchasable","15":"product-type-simple"},"acf":[],"_links":{"self":[{"href":"https:\/\/blockids.eu\/de\/wp-json\/wp\/v2\/product\/4620","targetHints":{"allow":["GET"]}}],"collection":[{"href":"https:\/\/blockids.eu\/de\/wp-json\/wp\/v2\/product"}],"about":[{"href":"https:\/\/blockids.eu\/de\/wp-json\/wp\/v2\/types\/product"}],"wp:featuredmedia":[{"embeddable":true,"href":"https:\/\/blockids.eu\/de\/wp-json\/wp\/v2\/media\/4612"}],"wp:attachment":[{"href":"https:\/\/blockids.eu\/de\/wp-json\/wp\/v2\/media?parent=4620"}],"wp:term":[{"taxonomy":"product_brand","embeddable":true,"href":"https:\/\/blockids.eu\/de\/wp-json\/wp\/v2\/product_brand?post=4620"},{"taxonomy":"product_cat","embeddable":true,"href":"https:\/\/blockids.eu\/de\/wp-json\/wp\/v2\/product_cat?post=4620"},{"taxonomy":"product_tag","embeddable":true,"href":"https:\/\/blockids.eu\/de\/wp-json\/wp\/v2\/product_tag?post=4620"}],"curies":[{"name":"wp","href":"https:\/\/api.w.org\/{rel}","templated":true}]}}