{"id":4602,"date":"2026-02-06T14:20:23","date_gmt":"2026-02-06T14:20:23","guid":{"rendered":"https:\/\/blockids.eu\/?post_type=product&#038;p=4602"},"modified":"2026-04-27T06:27:35","modified_gmt":"2026-04-27T06:27:35","slug":"blockids-10-sturzmatte-fur-offentliche-bereiche","status":"publish","type":"product","link":"https:\/\/blockids.eu\/de\/product\/blockids-10-sturzmatte-fur-offentliche-bereiche","title":{"rendered":"BLOCKids 10-Sturzmatte f\u00fcr \u00f6ffentliche Bereiche"},"content":{"rendered":"<p>Die gro\u00dfen BLOCkids-Sturzmatten m\u00fcssen in \u00f6ffentlichen Bereichen, in denen mehrere Kinder oder sogar Erwachsene gleichzeitig klettern, verwendet werden. Wir sprechen von Kinderg\u00e4rten und Schulen, \u00f6ffentlichen Turnhallen oder Sportzentren, gro\u00dfen Rehabilitationszentren usw.<\/p>\n<p>Die Matten k\u00f6nnen durch L\u00f6sen der Klettverschl\u00fcsse leicht getrennt, gestapelt oder an die Wand gelehnt werden. Die einzelnen Matten k\u00f6nnen auch als separate Spielelemente oder f\u00fcr Sport\u00fcbungen oder Kinderyoga genutzt werden &#8230;<\/p>\n<p>Sie k\u00f6nnen leicht abgewischt werden und die H\u00fclle kann sogar nach dem Entfernen der F\u00fcllung gewaschen werden. Die Unterseite ist mit einer rutschfesten Behandlung versehen. Erh\u00e4ltlich in vier Farben &#8211; gelb, gr\u00fcn, rot und blau!<\/p>\n<p>Das Format der BLOCKids-Sturzmatten ber\u00fccksichtigt die Gr\u00f6\u00dfe der Wand, die Anforderungen der Norm f\u00fcr einen sicheren Sturzbereich und die maximale H\u00f6he des so genannten &#8222;kritischen&#8220; Sturzes, die in unserem Fall 1,59 Meter betr\u00e4gt (maximale Griffh\u00f6he minus einen Meter).<\/p>\n","protected":false},"excerpt":{"rendered":"<p>Die gro\u00dfen BLOCkids-Sturzmatten m\u00fcssen in \u00f6ffentlichen Bereichen, in denen mehrere Kinder oder sogar Erwachsene gleichzeitig klettern, verwendet werden. Wir sprechen von Kinderg\u00e4rten und Schulen, \u00f6ffentlichen Turnhallen oder Sportzentren, gro\u00dfen Rehabilitationszentren usw. Die Matten k\u00f6nnen durch L\u00f6sen der Klettverschl\u00fcsse leicht getrennt, gestapelt oder an die Wand gelehnt werden. Die einzelnen Matten k\u00f6nnen auch als separate Spielelemente [&hellip;]<\/p>\n","protected":false},"featured_media":4592,"template":"","meta":{"_acf_changed":false},"product_brand":[],"product_cat":[168,146],"product_tag":[],"class_list":{"0":"post-4602","1":"product","2":"type-product","3":"status-publish","4":"has-post-thumbnail","6":"product_cat-fallschutzmatten-turnmatten","7":"product_cat-fallschutzmatten-und-turnmatten","9":"first","10":"instock","11":"taxable","12":"shipping-taxable","13":"purchasable","14":"product-type-variable"},"acf":[],"_links":{"self":[{"href":"https:\/\/blockids.eu\/de\/wp-json\/wp\/v2\/product\/4602","targetHints":{"allow":["GET"]}}],"collection":[{"href":"https:\/\/blockids.eu\/de\/wp-json\/wp\/v2\/product"}],"about":[{"href":"https:\/\/blockids.eu\/de\/wp-json\/wp\/v2\/types\/product"}],"wp:featuredmedia":[{"embeddable":true,"href":"https:\/\/blockids.eu\/de\/wp-json\/wp\/v2\/media\/4592"}],"wp:attachment":[{"href":"https:\/\/blockids.eu\/de\/wp-json\/wp\/v2\/media?parent=4602"}],"wp:term":[{"taxonomy":"product_brand","embeddable":true,"href":"https:\/\/blockids.eu\/de\/wp-json\/wp\/v2\/product_brand?post=4602"},{"taxonomy":"product_cat","embeddable":true,"href":"https:\/\/blockids.eu\/de\/wp-json\/wp\/v2\/product_cat?post=4602"},{"taxonomy":"product_tag","embeddable":true,"href":"https:\/\/blockids.eu\/de\/wp-json\/wp\/v2\/product_tag?post=4602"}],"curies":[{"name":"wp","href":"https:\/\/api.w.org\/{rel}","templated":true}]}}