{"id":4514,"date":"2026-02-06T14:20:30","date_gmt":"2026-02-06T14:20:30","guid":{"rendered":"https:\/\/blockids.eu\/?post_type=product&#038;p=4514"},"modified":"2026-03-30T23:11:10","modified_gmt":"2026-03-30T23:11:10","slug":"fallschutzmatten-fur-kinder-blockids-100-x-78-cm","status":"publish","type":"product","link":"https:\/\/blockids.eu\/de\/product\/fallschutzmatten-fur-kinder-blockids-100-x-78-cm","title":{"rendered":"Fallschutzmatten f\u00fcr Kinder BLOCKids 100 x 78 cm"},"content":{"rendered":"<p>Die gr\u00f6\u00dfere BLOCKids-Fallschutzmatte mit rutschfester Unterseite ist 70 mm hoch und misst 1000 \u00d7 780 mm \u2013 perfekt passend zur Breite eines Kletterwand-Panels. Die Standardl\u00e4nge von 78 cm haben wir f\u00fcr noch mehr Sicherheit auf 100 cm verl\u00e4ngert. Da jedoch nicht jeder Raum diese L\u00e4nge zul\u00e4sst, k\u00f6nnen Sie zwischen 78 cm und 100 cm w\u00e4hlen \u2013 je nachdem, was besser zu Ihrem Platz passt. Die einzelnen Matten sind mit einem doppelseitigen Klettverschluss verbunden, der\u00a0 ungewolltes Trennen verhindert und das Stapeln der einzelnen Matten \u00fcbereinander erm\u00f6glicht. Sie k\u00f6nnen leicht abgewischt werden und die H\u00fclle kann sogar gewaschen werden. Man kann sie trennen und sie k\u00f6nnen als Spielelement, als Sportmatte f\u00fcr das Training, kleiner Sitz oder als Bett f\u00fcr einen Freund dienen &#8230;<\/p>\n<p><i>Technische Beschreibung: Die 1000 x 780 x 70 mm gro\u00dfe Matte wurde nach der EN 1177 Sto\u00dfpr\u00fcfung getestet und zertifiziert. Die Unterseite der Matte besteht aus rutschfestem Stoff und die Oberseite aus hochwertigem, schmutz- und staubabweisendem Gewebe. Der Stoff ist waschbar, einfach den Schmutz mit einem feuchten Tuch abwischen und dann trocken wischen. Bei starker Verschmutzung kann der Stoff bei 30 Grad gewaschen werden. Die F\u00fcllung besteht aus rekonstituiertem Polyurethanschaum und kann mit Hilfe eines Rei\u00dfverschlusses, f\u00fcr den Fall des Waschens, herausgenommen werden. Alle verwendeten Materialien sind gesundheitlich unbedenklich.<\/i><\/p>\n","protected":false},"excerpt":{"rendered":"<p>Die gr\u00f6\u00dfere BLOCKids-Fallschutzmatte mit rutschfester Unterseite ist 70 mm hoch und misst 1000 \u00d7 780 mm \u2013 perfekt passend zur Breite eines Kletterwand-Panels. Die Standardl\u00e4nge von 78 cm haben wir f\u00fcr noch mehr Sicherheit auf 100 cm verl\u00e4ngert. Da jedoch nicht jeder Raum diese L\u00e4nge zul\u00e4sst, k\u00f6nnen Sie zwischen 78 cm und 100 cm w\u00e4hlen [&hellip;]<\/p>\n","protected":false},"featured_media":4505,"template":"","meta":{"_acf_changed":false},"product_brand":[],"product_cat":[168,146],"product_tag":[],"class_list":{"0":"post-4514","1":"product","2":"type-product","3":"status-publish","4":"has-post-thumbnail","6":"product_cat-fallschutzmatten-turnmatten","7":"product_cat-fallschutzmatten-und-turnmatten","9":"first","10":"instock","11":"taxable","12":"shipping-taxable","13":"purchasable","14":"product-type-simple"},"acf":[],"_links":{"self":[{"href":"https:\/\/blockids.eu\/de\/wp-json\/wp\/v2\/product\/4514","targetHints":{"allow":["GET"]}}],"collection":[{"href":"https:\/\/blockids.eu\/de\/wp-json\/wp\/v2\/product"}],"about":[{"href":"https:\/\/blockids.eu\/de\/wp-json\/wp\/v2\/types\/product"}],"wp:featuredmedia":[{"embeddable":true,"href":"https:\/\/blockids.eu\/de\/wp-json\/wp\/v2\/media\/4505"}],"wp:attachment":[{"href":"https:\/\/blockids.eu\/de\/wp-json\/wp\/v2\/media?parent=4514"}],"wp:term":[{"taxonomy":"product_brand","embeddable":true,"href":"https:\/\/blockids.eu\/de\/wp-json\/wp\/v2\/product_brand?post=4514"},{"taxonomy":"product_cat","embeddable":true,"href":"https:\/\/blockids.eu\/de\/wp-json\/wp\/v2\/product_cat?post=4514"},{"taxonomy":"product_tag","embeddable":true,"href":"https:\/\/blockids.eu\/de\/wp-json\/wp\/v2\/product_tag?post=4514"}],"curies":[{"name":"wp","href":"https:\/\/api.w.org\/{rel}","templated":true}]}}