{"id":4494,"date":"2026-02-06T14:20:31","date_gmt":"2026-02-06T14:20:31","guid":{"rendered":"https:\/\/blockids.eu\/?post_type=product&#038;p=4494"},"modified":"2026-03-30T23:16:06","modified_gmt":"2026-03-30T23:16:06","slug":"softblocks-wurfel-set-spielwurfel-aus-schaumstoff-mit-zahlen","status":"publish","type":"product","link":"https:\/\/blockids.eu\/de\/product\/softblocks-wurfel-set-spielwurfel-aus-schaumstoff-mit-zahlen","title":{"rendered":"SoftBLOCKS W\u00fcrfel-Set \u2013 Spielw\u00fcrfel aus Schaumstoff mit Zahlen"},"content":{"rendered":"<p>Ein farbenfrohes Set aus sechs Schaumstoffw\u00fcrfeln mit Zahlen \u2013 ideal zum Stapeln, Z\u00e4hlen und Spielen. Leicht, sicher und vielseitig einsetzbar zu Hause, in Kitas oder Spielr\u00e4umen. Die W\u00fcrfel sind 20\u00d720 cm gro\u00df und lassen sich mit anderen SoftBLOCKS-Elementen kombinieren. Hergestellt in Tschechien.<\/p>\n","protected":false},"excerpt":{"rendered":"<p>Ein farbenfrohes Set aus sechs Schaumstoffw\u00fcrfeln mit Zahlen \u2013 ideal zum Stapeln, Z\u00e4hlen und Spielen. Leicht, sicher und vielseitig einsetzbar zu Hause, in Kitas oder Spielr\u00e4umen. Die W\u00fcrfel sind 20\u00d720 cm gro\u00df und lassen sich mit anderen SoftBLOCKS-Elementen kombinieren. Hergestellt in Tschechien.<\/p>\n","protected":false},"featured_media":4486,"template":"","meta":{"_acf_changed":false},"product_brand":[],"product_cat":[171,146,175],"product_tag":[],"class_list":{"0":"post-4494","1":"product","2":"type-product","3":"status-publish","4":"has-post-thumbnail","6":"product_cat-softblocks","7":"product_cat-fallschutzmatten-und-turnmatten","8":"product_cat-spiel-und-bewegungselemente-fur-kinder","10":"first","11":"instock","12":"taxable","13":"shipping-taxable","14":"purchasable","15":"product-type-simple"},"acf":[],"_links":{"self":[{"href":"https:\/\/blockids.eu\/de\/wp-json\/wp\/v2\/product\/4494","targetHints":{"allow":["GET"]}}],"collection":[{"href":"https:\/\/blockids.eu\/de\/wp-json\/wp\/v2\/product"}],"about":[{"href":"https:\/\/blockids.eu\/de\/wp-json\/wp\/v2\/types\/product"}],"wp:featuredmedia":[{"embeddable":true,"href":"https:\/\/blockids.eu\/de\/wp-json\/wp\/v2\/media\/4486"}],"wp:attachment":[{"href":"https:\/\/blockids.eu\/de\/wp-json\/wp\/v2\/media?parent=4494"}],"wp:term":[{"taxonomy":"product_brand","embeddable":true,"href":"https:\/\/blockids.eu\/de\/wp-json\/wp\/v2\/product_brand?post=4494"},{"taxonomy":"product_cat","embeddable":true,"href":"https:\/\/blockids.eu\/de\/wp-json\/wp\/v2\/product_cat?post=4494"},{"taxonomy":"product_tag","embeddable":true,"href":"https:\/\/blockids.eu\/de\/wp-json\/wp\/v2\/product_tag?post=4494"}],"curies":[{"name":"wp","href":"https:\/\/api.w.org\/{rel}","templated":true}]}}