{"id":4476,"date":"2026-02-06T14:20:31","date_gmt":"2026-02-06T14:20:31","guid":{"rendered":"https:\/\/blockids.eu\/?post_type=product&#038;p=4476"},"modified":"2026-03-30T23:15:18","modified_gmt":"2026-03-30T23:15:18","slug":"spielset-softblocks-rechteckiger-schaumstoffblock","status":"publish","type":"product","link":"https:\/\/blockids.eu\/de\/product\/spielset-softblocks-rechteckiger-schaumstoffblock","title":{"rendered":"Spielset |  SoftBLOCKS Rechteckiger Schaumstoffblock"},"content":{"rendered":"<p>Die leichten und stabilen Schaumstoffbl\u00f6cke erg\u00e4nzen BLOCKids-Kletterw\u00e4nde ideal oder funktionieren eigenst\u00e4ndig im Kinderzimmer, in der Kita oder im Spielraum. Kinder k\u00f6nnen sie stapeln, bewegen oder fantasievoll einsetzen \u2013 f\u00fcr aktives Spiel oder entspanntes Ausruhen. Eine sichere, ger\u00e4uscharme und pflegeleichte L\u00f6sung f\u00fcr den t\u00e4glichen Bewegungs- und Spielspa\u00df.<\/p>\n<p><i>Technische Beschreibung: Ein ausklappbar Quader mit den Ma\u00dfen 60 \u00d7 30 \u00d7 30 cm. Die Unterseite ist aus rutschfestem Stoff gefertigt, w\u00e4hrend der \u00e4u\u00dfere Bezug aus einem sehr hochwertigen Gewebe besteht, das \u00e4u\u00dferst schmutzabweisend und staubresistent ist. Der Stoff ist abwaschbar; Verschmutzungen k\u00f6nnen einfach mit einem feuchten Tuch abgewischt und anschlie\u00dfend trocken nachgewischt werden. Bei st\u00e4rkerer Verschmutzung kann der Stoff bei 30 Grad gewaschen werden. \u00a0<\/i><\/p>\n","protected":false},"excerpt":{"rendered":"<p>Die leichten und stabilen Schaumstoffbl\u00f6cke erg\u00e4nzen BLOCKids-Kletterw\u00e4nde ideal oder funktionieren eigenst\u00e4ndig im Kinderzimmer, in der Kita oder im Spielraum. Kinder k\u00f6nnen sie stapeln, bewegen oder fantasievoll einsetzen \u2013 f\u00fcr aktives Spiel oder entspanntes Ausruhen. Eine sichere, ger\u00e4uscharme und pflegeleichte L\u00f6sung f\u00fcr den t\u00e4glichen Bewegungs- und Spielspa\u00df. Technische Beschreibung: Ein ausklappbar Quader mit den Ma\u00dfen 60 [&hellip;]<\/p>\n","protected":false},"featured_media":4465,"template":"","meta":{"_acf_changed":false},"product_brand":[],"product_cat":[146,171,175],"product_tag":[],"class_list":{"0":"post-4476","1":"product","2":"type-product","3":"status-publish","4":"has-post-thumbnail","6":"product_cat-fallschutzmatten-und-turnmatten","7":"product_cat-softblocks","8":"product_cat-spiel-und-bewegungselemente-fur-kinder","10":"first","11":"instock","12":"taxable","13":"shipping-taxable","14":"purchasable","15":"product-type-simple"},"acf":[],"_links":{"self":[{"href":"https:\/\/blockids.eu\/de\/wp-json\/wp\/v2\/product\/4476","targetHints":{"allow":["GET"]}}],"collection":[{"href":"https:\/\/blockids.eu\/de\/wp-json\/wp\/v2\/product"}],"about":[{"href":"https:\/\/blockids.eu\/de\/wp-json\/wp\/v2\/types\/product"}],"wp:featuredmedia":[{"embeddable":true,"href":"https:\/\/blockids.eu\/de\/wp-json\/wp\/v2\/media\/4465"}],"wp:attachment":[{"href":"https:\/\/blockids.eu\/de\/wp-json\/wp\/v2\/media?parent=4476"}],"wp:term":[{"taxonomy":"product_brand","embeddable":true,"href":"https:\/\/blockids.eu\/de\/wp-json\/wp\/v2\/product_brand?post=4476"},{"taxonomy":"product_cat","embeddable":true,"href":"https:\/\/blockids.eu\/de\/wp-json\/wp\/v2\/product_cat?post=4476"},{"taxonomy":"product_tag","embeddable":true,"href":"https:\/\/blockids.eu\/de\/wp-json\/wp\/v2\/product_tag?post=4476"}],"curies":[{"name":"wp","href":"https:\/\/api.w.org\/{rel}","templated":true}]}}