{"id":4452,"date":"2026-02-06T14:20:31","date_gmt":"2026-02-06T14:20:31","guid":{"rendered":"https:\/\/blockids.eu\/?post_type=product&#038;p=4452"},"modified":"2026-03-30T23:09:19","modified_gmt":"2026-03-30T23:09:19","slug":"blockids-fallschutzmatte-nach-ma","status":"publish","type":"product","link":"https:\/\/blockids.eu\/de\/product\/blockids-fallschutzmatte-nach-ma","title":{"rendered":"BLOCKids &#8211; Fallschutzmatte nach Ma\u00df"},"content":{"rendered":"<p>Suchen Sie nach einer hochwertigen und dennoch g\u00fcnstigen Kletterwand inklusive Fallschutzmatte f\u00fcr Ihr bestehendes oder neues Sportzentrum? Suchen Sie eine Kletterwand mit einfacher Montage, die unser Team in nur zwei Arbeitstagen installieren kann? M\u00f6chten Sie nicht, dass die neue Wand in das Spielfeld hineinragt und weiterhin Ballspiele m\u00f6glich sind?<\/p>\n<p>Dann schreiben Sie uns oder rufen Sie uns an \u2013 wir beraten Sie gerne zur Kletterwand und Fallschutzmatte, entwerfen eine passende L\u00f6sung und erstellen Ihnen ein Budgetangebot. Wir sind f\u00fcr Sie da \u2026<\/p>\n<p>Das Unternehmen realisierte das Projekt 0462000032 &#8211; Modulare Elemente zur Erweiterung des BLOCKids-Zubeh\u00f6rsortiments, das von der Europ\u00e4ischen Union \u2013 Next Generation EU \u2013 finanziert wurde. Die F\u00f6rderung wurde im Rahmen des NPO \u2013 DESIGN CREDITS \u2013 AUFRUF Nr. 000462 bereitgestellt.<\/p>\n<ul>\n<li><a href=\"https:\/\/blockids.eu\/de\/haeufig-gestellte-fragen-und-antworten\" role=\"link\">H\u00e4ufig gestellte Fragen und Antworten<\/a><\/li>\n<li><a href=\"https:\/\/blockids.eu\/de\/zertifikate-und-technische-dokumente\" role=\"link\">Zertifikate und technische Dokumente<\/a><\/li>\n<li><a href=\"\/de\/bewertungen-und-rezensionen\" role=\"link\">Bewertungen und Rezensionen<\/a><\/li>\n<li><a href=\"https:\/\/blockids.eu\/de\/ueber-uns\" role=\"link\">\u00dcber uns<\/a><\/li>\n<li><a href=\"https:\/\/blockids.eu\/de\/impressum\" role=\"link\">Impressum<\/a><\/li>\n<li><a href=\"https:\/\/blockids.eu\/de\/partner\" role=\"link\">Partner<\/a><\/li>\n<li><a href=\"https:\/\/blockids.eu\/de\/zahlungs-und-versandoptionen\" role=\"link\">Zahlungs- und Versandoptionen<\/a><\/li>\n<li><a href=\"https:\/\/blockids.eu\/de\/beschwerdeverfahren\" role=\"link\">Beschwerdeverfahren<\/a><\/li>\n<\/ul>\n<p>Das BLOCKids-Konzept begann als ein Projekt von Kletterfreunden f\u00fcr ihre Kinder. Aber es entwickelte sich allm\u00e4hlich zu einer erstaunlichen und sinnvollen Arbeit. Alles, was wir tun, macht uns Spa\u00df, und wir arbeiten weiter an unserer Vision &#8222;Klettern f\u00fcr alle Kinder&#8220;. Die Grundidee ist &#8222;Die Wand, die mit dir w\u00e4chst&#8220;! Schaut es euch an, probiert sie aus und ihr werdet verstehen&#8230;<\/p>\n<ul>\n<li>\n<a href=\"https:\/\/blockids.eu\/de\/geschaeftsbedingungen\" role=\"link\">Geschaeftsbedingungen<\/a>\n<\/li>\n<li>\n<a href=\"\/de\/schutz-personenbezogener-daten\" role=\"link\">Schutz personenbezogener daten<\/a>\n<\/li>\n<\/ul>\n<p>\n<strong>M\u00f6chten Sie Ihre eigene Wand entwerfen?<\/strong><br \/>\n<br \/>\n\t\t\tZur Verwendung des Konfiguratortools ist eine <a class=\"js-register-modal\" href=\"\">Registrierung<\/a> erforderlich.\n\t\t<\/p>\n<p>W\u00e4hlen Sie, zu welcher Gruppe Sie geh\u00f6ren.<\/p>\n","protected":false},"excerpt":{"rendered":"<p>Suchen Sie nach einer hochwertigen und dennoch g\u00fcnstigen Kletterwand inklusive Fallschutzmatte f\u00fcr Ihr bestehendes oder neues Sportzentrum? Suchen Sie eine Kletterwand mit einfacher Montage, die unser Team in nur zwei Arbeitstagen installieren kann? M\u00f6chten Sie nicht, dass die neue Wand in das Spielfeld hineinragt und weiterhin Ballspiele m\u00f6glich sind? Dann schreiben Sie uns oder rufen [&hellip;]<\/p>\n","protected":false},"featured_media":4450,"template":"","meta":{"_acf_changed":false},"product_brand":[],"product_cat":[168,146],"product_tag":[],"class_list":{"0":"post-4452","1":"product","2":"type-product","3":"status-publish","4":"has-post-thumbnail","6":"product_cat-fallschutzmatten-turnmatten","7":"product_cat-fallschutzmatten-und-turnmatten","9":"first","10":"instock","11":"taxable","12":"shipping-taxable","13":"product-type-simple"},"acf":[],"_links":{"self":[{"href":"https:\/\/blockids.eu\/de\/wp-json\/wp\/v2\/product\/4452","targetHints":{"allow":["GET"]}}],"collection":[{"href":"https:\/\/blockids.eu\/de\/wp-json\/wp\/v2\/product"}],"about":[{"href":"https:\/\/blockids.eu\/de\/wp-json\/wp\/v2\/types\/product"}],"wp:featuredmedia":[{"embeddable":true,"href":"https:\/\/blockids.eu\/de\/wp-json\/wp\/v2\/media\/4450"}],"wp:attachment":[{"href":"https:\/\/blockids.eu\/de\/wp-json\/wp\/v2\/media?parent=4452"}],"wp:term":[{"taxonomy":"product_brand","embeddable":true,"href":"https:\/\/blockids.eu\/de\/wp-json\/wp\/v2\/product_brand?post=4452"},{"taxonomy":"product_cat","embeddable":true,"href":"https:\/\/blockids.eu\/de\/wp-json\/wp\/v2\/product_cat?post=4452"},{"taxonomy":"product_tag","embeddable":true,"href":"https:\/\/blockids.eu\/de\/wp-json\/wp\/v2\/product_tag?post=4452"}],"curies":[{"name":"wp","href":"https:\/\/api.w.org\/{rel}","templated":true}]}}