{"id":4443,"date":"2026-02-06T14:20:30","date_gmt":"2026-02-06T14:20:30","guid":{"rendered":"https:\/\/blockids.eu\/?post_type=product&#038;p=4443"},"modified":"2026-03-31T06:26:23","modified_gmt":"2026-03-31T06:26:23","slug":"klettergriffe-solaris-leisten-und-crimp","status":"publish","type":"product","link":"https:\/\/blockids.eu\/de\/product\/klettergriffe-solaris-leisten-und-crimp","title":{"rendered":"Klettergriffe Solaris &#8211; Leisten und Crimp"},"content":{"rendered":"<p>K\u00f6nnen eure Kinder schon mit verbundenen Augen die Wand hochklettern? Bereitet neue, unterhaltsame Wege f\u00fcr sie vor.<\/p>\n<p>F\u00fcr fortgeschrittene Kinder haben wir Klettergriffe mit kleineren Grifffl\u00e4chen vorbereitet. Um sich an diesen kleinen Taschen zu bewegen, muss man mehr Kraft aufwenden und gleichzeitig die F\u00e4higkeiten des K\u00f6rperschwerpunkts nutzen.<\/p>\n<p>Auch Erwachsene werden diesen zus\u00e4tzlichen Satz von Griffen zu sch\u00e4tzen wissen.<\/p>\n","protected":false},"excerpt":{"rendered":"<p>K\u00f6nnen eure Kinder schon mit verbundenen Augen die Wand hochklettern? Bereitet neue, unterhaltsame Wege f\u00fcr sie vor. F\u00fcr fortgeschrittene Kinder haben wir Klettergriffe mit kleineren Grifffl\u00e4chen vorbereitet. Um sich an diesen kleinen Taschen zu bewegen, muss man mehr Kraft aufwenden und gleichzeitig die F\u00e4higkeiten des K\u00f6rperschwerpunkts nutzen. Auch Erwachsene werden diesen zus\u00e4tzlichen Satz von Griffen [&hellip;]<\/p>\n","protected":false},"featured_media":4165,"template":"","meta":{"_acf_changed":false},"product_brand":[],"product_cat":[167,140],"product_tag":[],"class_list":{"0":"post-4443","1":"product","2":"type-product","3":"status-publish","4":"has-post-thumbnail","6":"product_cat-klettergriffe-fur-kinder","7":"product_cat-klettergriffe-und-zubehor","9":"first","10":"instock","11":"taxable","12":"shipping-taxable","13":"purchasable","14":"product-type-variable"},"acf":[],"_links":{"self":[{"href":"https:\/\/blockids.eu\/de\/wp-json\/wp\/v2\/product\/4443","targetHints":{"allow":["GET"]}}],"collection":[{"href":"https:\/\/blockids.eu\/de\/wp-json\/wp\/v2\/product"}],"about":[{"href":"https:\/\/blockids.eu\/de\/wp-json\/wp\/v2\/types\/product"}],"wp:featuredmedia":[{"embeddable":true,"href":"https:\/\/blockids.eu\/de\/wp-json\/wp\/v2\/media\/4165"}],"wp:attachment":[{"href":"https:\/\/blockids.eu\/de\/wp-json\/wp\/v2\/media?parent=4443"}],"wp:term":[{"taxonomy":"product_brand","embeddable":true,"href":"https:\/\/blockids.eu\/de\/wp-json\/wp\/v2\/product_brand?post=4443"},{"taxonomy":"product_cat","embeddable":true,"href":"https:\/\/blockids.eu\/de\/wp-json\/wp\/v2\/product_cat?post=4443"},{"taxonomy":"product_tag","embeddable":true,"href":"https:\/\/blockids.eu\/de\/wp-json\/wp\/v2\/product_tag?post=4443"}],"curies":[{"name":"wp","href":"https:\/\/api.w.org\/{rel}","templated":true}]}}