{"id":4337,"date":"2026-02-06T14:20:24","date_gmt":"2026-02-06T14:20:24","guid":{"rendered":"https:\/\/blockids.eu\/?post_type=product&#038;p=4337"},"modified":"2026-03-31T07:35:21","modified_gmt":"2026-03-31T07:35:21","slug":"klettergriff-gleichschenkligen-dreiecks-tr3","status":"publish","type":"product","link":"https:\/\/blockids.eu\/de\/product\/klettergriff-gleichschenkligen-dreiecks-tr3","title":{"rendered":"Klettergriff Gleichschenkligen Dreiecks Tr3"},"content":{"rendered":"<p>Unsere h\u00f6lzernen Volumengriffe k\u00f6nnen ein gro\u00dfartiger Teil eurer Kletterwand sein. Sie werden mit Bolzenschrauben, die wir mitliefern, befestigt. Jede Struktur verf\u00fcgt \u00fcber eine hochwertige Oberfl\u00e4che und Innengewinde f\u00fcr die Befestigung von Klettergriffen mit Schrauben, genau wie an der gesamten Wand. Hergestellt aus 18 mm Sperrholz. Die Kantenl\u00e4nge betragen 80 * 40 cm. Die H\u00f6he betr\u00e4gt 11 cm.<\/p>\n<p>Eine gro\u00dfartige Erg\u00e4nzung, die eure Wand ver\u00e4ndern wird. Probiert sie aus und ihr werdet verstehen!<\/p>\n<p>Sie k\u00f6nnen aus insgesamt drei Farbvarianten w\u00e4hlen, es ist nur eine Frage, f\u00fcr welche Farbkombination der Klettergriffe Sie sich im Grunddesign Ihrer BLOCKids Kletterwand entschieden haben.<\/p>\n","protected":false},"excerpt":{"rendered":"<p>Unsere h\u00f6lzernen Volumengriffe k\u00f6nnen ein gro\u00dfartiger Teil eurer Kletterwand sein. Sie werden mit Bolzenschrauben, die wir mitliefern, befestigt. Jede Struktur verf\u00fcgt \u00fcber eine hochwertige Oberfl\u00e4che und Innengewinde f\u00fcr die Befestigung von Klettergriffen mit Schrauben, genau wie an der gesamten Wand. Hergestellt aus 18 mm Sperrholz. Die Kantenl\u00e4nge betragen 80 * 40 cm. Die H\u00f6he betr\u00e4gt [&hellip;]<\/p>\n","protected":false},"featured_media":4334,"template":"","meta":{"_acf_changed":false},"product_brand":[],"product_cat":[181,140],"product_tag":[],"class_list":{"0":"post-4337","1":"product","2":"type-product","3":"status-publish","4":"has-post-thumbnail","6":"product_cat-klettergeruste-aus-holz","7":"product_cat-klettergriffe-und-zubehor","9":"first","10":"instock","11":"taxable","12":"shipping-taxable","13":"purchasable","14":"product-type-variable"},"acf":[],"_links":{"self":[{"href":"https:\/\/blockids.eu\/de\/wp-json\/wp\/v2\/product\/4337","targetHints":{"allow":["GET"]}}],"collection":[{"href":"https:\/\/blockids.eu\/de\/wp-json\/wp\/v2\/product"}],"about":[{"href":"https:\/\/blockids.eu\/de\/wp-json\/wp\/v2\/types\/product"}],"wp:featuredmedia":[{"embeddable":true,"href":"https:\/\/blockids.eu\/de\/wp-json\/wp\/v2\/media\/4334"}],"wp:attachment":[{"href":"https:\/\/blockids.eu\/de\/wp-json\/wp\/v2\/media?parent=4337"}],"wp:term":[{"taxonomy":"product_brand","embeddable":true,"href":"https:\/\/blockids.eu\/de\/wp-json\/wp\/v2\/product_brand?post=4337"},{"taxonomy":"product_cat","embeddable":true,"href":"https:\/\/blockids.eu\/de\/wp-json\/wp\/v2\/product_cat?post=4337"},{"taxonomy":"product_tag","embeddable":true,"href":"https:\/\/blockids.eu\/de\/wp-json\/wp\/v2\/product_tag?post=4337"}],"curies":[{"name":"wp","href":"https:\/\/api.w.org\/{rel}","templated":true}]}}