{"id":4293,"date":"2026-02-06T14:20:24","date_gmt":"2026-02-06T14:20:24","guid":{"rendered":"https:\/\/blockids.eu\/?post_type=product&#038;p=4293"},"modified":"2026-03-31T07:36:28","modified_gmt":"2026-03-31T07:36:28","slug":"blockies-zusatzlicher-satz-der-klettergriffe","status":"publish","type":"product","link":"https:\/\/blockids.eu\/de\/product\/blockies-zusatzlicher-satz-der-klettergriffe","title":{"rendered":"BLOCKies \u2013 Zus\u00e4tzlicher Satz der Klettergriffe"},"content":{"rendered":"<p>Wenn du mehr Klettergriffe an deiner Kletterwand anbringen m\u00f6chtest, ist das kein Problem. Jedes rechteckige Kletterboard hat 20 L\u00f6cher zum Anbringen von Klettergriffen, so dass ihr viel Platz habt.<\/p>\n<p>Speziell ergonomisch angepasste Formen der Klettergriffe f\u00fcr die Proportionen einer Kinderhand. Geeignet f\u00fcr die Entwicklung der motorischen F\u00e4higkeiten von Kindern. Verschiedene geometrische Formen in drei Farbkombinationen Orange \/ Blau \/ Mintgr\u00fcn und Lila).<\/p>\n","protected":false},"excerpt":{"rendered":"<p>Wenn du mehr Klettergriffe an deiner Kletterwand anbringen m\u00f6chtest, ist das kein Problem. Jedes rechteckige Kletterboard hat 20 L\u00f6cher zum Anbringen von Klettergriffen, so dass ihr viel Platz habt. Speziell ergonomisch angepasste Formen der Klettergriffe f\u00fcr die Proportionen einer Kinderhand. Geeignet f\u00fcr die Entwicklung der motorischen F\u00e4higkeiten von Kindern. Verschiedene geometrische Formen in drei Farbkombinationen [&hellip;]<\/p>\n","protected":false},"featured_media":4284,"template":"","meta":{"_acf_changed":false},"product_brand":[],"product_cat":[167,140],"product_tag":[],"class_list":{"0":"post-4293","1":"product","2":"type-product","3":"status-publish","4":"has-post-thumbnail","6":"product_cat-klettergriffe-fur-kinder","7":"product_cat-klettergriffe-und-zubehor","9":"first","10":"instock","11":"taxable","12":"shipping-taxable","13":"purchasable","14":"product-type-variable"},"acf":[],"_links":{"self":[{"href":"https:\/\/blockids.eu\/de\/wp-json\/wp\/v2\/product\/4293","targetHints":{"allow":["GET"]}}],"collection":[{"href":"https:\/\/blockids.eu\/de\/wp-json\/wp\/v2\/product"}],"about":[{"href":"https:\/\/blockids.eu\/de\/wp-json\/wp\/v2\/types\/product"}],"wp:featuredmedia":[{"embeddable":true,"href":"https:\/\/blockids.eu\/de\/wp-json\/wp\/v2\/media\/4284"}],"wp:attachment":[{"href":"https:\/\/blockids.eu\/de\/wp-json\/wp\/v2\/media?parent=4293"}],"wp:term":[{"taxonomy":"product_brand","embeddable":true,"href":"https:\/\/blockids.eu\/de\/wp-json\/wp\/v2\/product_brand?post=4293"},{"taxonomy":"product_cat","embeddable":true,"href":"https:\/\/blockids.eu\/de\/wp-json\/wp\/v2\/product_cat?post=4293"},{"taxonomy":"product_tag","embeddable":true,"href":"https:\/\/blockids.eu\/de\/wp-json\/wp\/v2\/product_tag?post=4293"}],"curies":[{"name":"wp","href":"https:\/\/api.w.org\/{rel}","templated":true}]}}