{"id":4273,"date":"2026-02-06T14:20:25","date_gmt":"2026-02-06T14:20:25","guid":{"rendered":"https:\/\/blockids.eu\/?post_type=product&#038;p=4273"},"modified":"2026-03-31T07:35:24","modified_gmt":"2026-03-31T07:35:24","slug":"klettergriff-herz","status":"publish","type":"product","link":"https:\/\/blockids.eu\/de\/product\/klettergriff-herz","title":{"rendered":"Klettergriff Herz"},"content":{"rendered":"<p>Der originelle Klettergriff, der jeden gl\u00fccklich macht! Oder sogar ein Geschenk f\u00fcr eure Lieben? Die Entscheidung liegt bei euch. Dieser herzf\u00f6rmige Klettergriff wird mit Montagezubeh\u00f6r geliefert.<\/p>\n","protected":false},"excerpt":{"rendered":"<p>Der originelle Klettergriff, der jeden gl\u00fccklich macht! Oder sogar ein Geschenk f\u00fcr eure Lieben? Die Entscheidung liegt bei euch. Dieser herzf\u00f6rmige Klettergriff wird mit Montagezubeh\u00f6r geliefert.<\/p>\n","protected":false},"featured_media":4271,"template":"","meta":{"_acf_changed":false},"product_brand":[],"product_cat":[167,140],"product_tag":[],"class_list":{"0":"post-4273","1":"product","2":"type-product","3":"status-publish","4":"has-post-thumbnail","6":"product_cat-klettergriffe-fur-kinder","7":"product_cat-klettergriffe-und-zubehor","9":"first","10":"instock","11":"taxable","12":"shipping-taxable","13":"purchasable","14":"product-type-simple"},"acf":[],"_links":{"self":[{"href":"https:\/\/blockids.eu\/de\/wp-json\/wp\/v2\/product\/4273","targetHints":{"allow":["GET"]}}],"collection":[{"href":"https:\/\/blockids.eu\/de\/wp-json\/wp\/v2\/product"}],"about":[{"href":"https:\/\/blockids.eu\/de\/wp-json\/wp\/v2\/types\/product"}],"wp:featuredmedia":[{"embeddable":true,"href":"https:\/\/blockids.eu\/de\/wp-json\/wp\/v2\/media\/4271"}],"wp:attachment":[{"href":"https:\/\/blockids.eu\/de\/wp-json\/wp\/v2\/media?parent=4273"}],"wp:term":[{"taxonomy":"product_brand","embeddable":true,"href":"https:\/\/blockids.eu\/de\/wp-json\/wp\/v2\/product_brand?post=4273"},{"taxonomy":"product_cat","embeddable":true,"href":"https:\/\/blockids.eu\/de\/wp-json\/wp\/v2\/product_cat?post=4273"},{"taxonomy":"product_tag","embeddable":true,"href":"https:\/\/blockids.eu\/de\/wp-json\/wp\/v2\/product_tag?post=4273"}],"curies":[{"name":"wp","href":"https:\/\/api.w.org\/{rel}","templated":true}]}}