{"id":4259,"date":"2026-02-06T14:20:25","date_gmt":"2026-02-06T14:20:25","guid":{"rendered":"https:\/\/blockids.eu\/?post_type=product&#038;p=4259"},"modified":"2026-03-31T07:34:07","modified_gmt":"2026-03-31T07:34:07","slug":"klettergriffe-bumerangs","status":"publish","type":"product","link":"https:\/\/blockids.eu\/de\/product\/klettergriffe-bumerangs","title":{"rendered":"Klettergriffe Bumerangs"},"content":{"rendered":"<p>Tolle Klettergriffe, sogenannte Leisten, die f\u00fcr gerade W\u00e4nde geeignet sind! Geliefert werden 5 Klettergriffe inklusive Zubeh\u00f6r f\u00fcr die Montage. Hier abgebildet in hellbraun.<\/p>\n<p>Ihr k\u00f6nnt aus insgesamt sieben Farbvarianten w\u00e4hlen, es kommt nur darauf an, welche Farbkombination von Klettergriffen ihr als Basis f\u00fcr eure BLOCKids-Kletterwand gew\u00e4hlt habt.<\/p>\n","protected":false},"excerpt":{"rendered":"<p>Tolle Klettergriffe, sogenannte Leisten, die f\u00fcr gerade W\u00e4nde geeignet sind! Geliefert werden 5 Klettergriffe inklusive Zubeh\u00f6r f\u00fcr die Montage. Hier abgebildet in hellbraun. Ihr k\u00f6nnt aus insgesamt sieben Farbvarianten w\u00e4hlen, es kommt nur darauf an, welche Farbkombination von Klettergriffen ihr als Basis f\u00fcr eure BLOCKids-Kletterwand gew\u00e4hlt habt.<\/p>\n","protected":false},"featured_media":4257,"template":"","meta":{"_acf_changed":false},"product_brand":[],"product_cat":[167,140],"product_tag":[],"class_list":{"0":"post-4259","1":"product","2":"type-product","3":"status-publish","4":"has-post-thumbnail","6":"product_cat-klettergriffe-fur-kinder","7":"product_cat-klettergriffe-und-zubehor","9":"first","10":"instock","11":"taxable","12":"shipping-taxable","13":"purchasable","14":"product-type-simple"},"acf":[],"_links":{"self":[{"href":"https:\/\/blockids.eu\/de\/wp-json\/wp\/v2\/product\/4259","targetHints":{"allow":["GET"]}}],"collection":[{"href":"https:\/\/blockids.eu\/de\/wp-json\/wp\/v2\/product"}],"about":[{"href":"https:\/\/blockids.eu\/de\/wp-json\/wp\/v2\/types\/product"}],"wp:featuredmedia":[{"embeddable":true,"href":"https:\/\/blockids.eu\/de\/wp-json\/wp\/v2\/media\/4257"}],"wp:attachment":[{"href":"https:\/\/blockids.eu\/de\/wp-json\/wp\/v2\/media?parent=4259"}],"wp:term":[{"taxonomy":"product_brand","embeddable":true,"href":"https:\/\/blockids.eu\/de\/wp-json\/wp\/v2\/product_brand?post=4259"},{"taxonomy":"product_cat","embeddable":true,"href":"https:\/\/blockids.eu\/de\/wp-json\/wp\/v2\/product_cat?post=4259"},{"taxonomy":"product_tag","embeddable":true,"href":"https:\/\/blockids.eu\/de\/wp-json\/wp\/v2\/product_tag?post=4259"}],"curies":[{"name":"wp","href":"https:\/\/api.w.org\/{rel}","templated":true}]}}