{"id":4221,"date":"2026-02-06T14:20:28","date_gmt":"2026-02-06T14:20:28","guid":{"rendered":"https:\/\/blockids.eu\/?post_type=product&#038;p=4221"},"modified":"2026-03-31T07:17:56","modified_gmt":"2026-03-31T07:17:56","slug":"klettergriffe-frosche-groe-und-positive","status":"publish","type":"product","link":"https:\/\/blockids.eu\/de\/product\/klettergriffe-frosche-groe-und-positive","title":{"rendered":"Klettergriffe Fr\u00f6sche &#8211; gro\u00dfe und positive"},"content":{"rendered":"<p>FGro\u00dfe &#8222;Jugs&#8220; f\u00fcr kleinere Kinder, die gerade anfangen zu klettern. Sie eignen sich auch f\u00fcr die letzten Schritte nach einem l\u00e4ngeren Aufstieg.<\/p>\n<p>Der einfache Griff hilft Kindern, die unsicher sind beim Abspringen, beim Herunterklettern aus h\u00f6heren Positionen.<\/p>\n","protected":false},"excerpt":{"rendered":"<p>FGro\u00dfe &#8222;Jugs&#8220; f\u00fcr kleinere Kinder, die gerade anfangen zu klettern. Sie eignen sich auch f\u00fcr die letzten Schritte nach einem l\u00e4ngeren Aufstieg. Der einfache Griff hilft Kindern, die unsicher sind beim Abspringen, beim Herunterklettern aus h\u00f6heren Positionen.<\/p>\n","protected":false},"featured_media":4217,"template":"","meta":{"_acf_changed":false},"product_brand":[],"product_cat":[167,140],"product_tag":[],"class_list":{"0":"post-4221","1":"product","2":"type-product","3":"status-publish","4":"has-post-thumbnail","6":"product_cat-klettergriffe-fur-kinder","7":"product_cat-klettergriffe-und-zubehor","9":"first","10":"instock","11":"taxable","12":"shipping-taxable","13":"purchasable","14":"product-type-variable"},"acf":[],"_links":{"self":[{"href":"https:\/\/blockids.eu\/de\/wp-json\/wp\/v2\/product\/4221","targetHints":{"allow":["GET"]}}],"collection":[{"href":"https:\/\/blockids.eu\/de\/wp-json\/wp\/v2\/product"}],"about":[{"href":"https:\/\/blockids.eu\/de\/wp-json\/wp\/v2\/types\/product"}],"wp:featuredmedia":[{"embeddable":true,"href":"https:\/\/blockids.eu\/de\/wp-json\/wp\/v2\/media\/4217"}],"wp:attachment":[{"href":"https:\/\/blockids.eu\/de\/wp-json\/wp\/v2\/media?parent=4221"}],"wp:term":[{"taxonomy":"product_brand","embeddable":true,"href":"https:\/\/blockids.eu\/de\/wp-json\/wp\/v2\/product_brand?post=4221"},{"taxonomy":"product_cat","embeddable":true,"href":"https:\/\/blockids.eu\/de\/wp-json\/wp\/v2\/product_cat?post=4221"},{"taxonomy":"product_tag","embeddable":true,"href":"https:\/\/blockids.eu\/de\/wp-json\/wp\/v2\/product_tag?post=4221"}],"curies":[{"name":"wp","href":"https:\/\/api.w.org\/{rel}","templated":true}]}}