{"id":4211,"date":"2026-02-06T14:20:28","date_gmt":"2026-02-06T14:20:28","guid":{"rendered":"https:\/\/blockids.eu\/?post_type=product&#038;p=4211"},"modified":"2026-03-31T06:30:08","modified_gmt":"2026-03-31T06:30:08","slug":"klettergriffe-kartoffeln","status":"publish","type":"product","link":"https:\/\/blockids.eu\/de\/product\/klettergriffe-kartoffeln","title":{"rendered":"Klettergriffe Kartoffeln"},"content":{"rendered":"<p>Wir k\u00f6nnen diese Klettergriffe f\u00fcr Geschicklichkeits- und Krafttraining nur empfehlen! 12 Griffe mit runden Formen und guter Oberfl\u00e4che, doch jeder ist anders. Wir wissen, dass sie an Ihrer Kletterwand gut aussehen werden, w\u00e4hlen Sie einfach die richtige Farbe. Wir liefern Klettergriffe inklusive Zubeh\u00f6r zur Montage. Hier im Bild in hellblau.<\/p>\n<p>Sie k\u00f6nnen aus insgesamt sieben Farbvarianten w\u00e4hlen, es ist nur eine Frage, welche Farbkombination der Klettergriffe Sie als Basis f\u00fcr Ihre BLOCKids Kletterwand w\u00e4hlen.<\/p>\n","protected":false},"excerpt":{"rendered":"<p>Wir k\u00f6nnen diese Klettergriffe f\u00fcr Geschicklichkeits- und Krafttraining nur empfehlen! 12 Griffe mit runden Formen und guter Oberfl\u00e4che, doch jeder ist anders. Wir wissen, dass sie an Ihrer Kletterwand gut aussehen werden, w\u00e4hlen Sie einfach die richtige Farbe. Wir liefern Klettergriffe inklusive Zubeh\u00f6r zur Montage. Hier im Bild in hellblau. Sie k\u00f6nnen aus insgesamt sieben [&hellip;]<\/p>\n","protected":false},"featured_media":4209,"template":"","meta":{"_acf_changed":false},"product_brand":[],"product_cat":[167,140],"product_tag":[],"class_list":{"0":"post-4211","1":"product","2":"type-product","3":"status-publish","4":"has-post-thumbnail","6":"product_cat-klettergriffe-fur-kinder","7":"product_cat-klettergriffe-und-zubehor","9":"first","10":"instock","11":"taxable","12":"shipping-taxable","13":"purchasable","14":"product-type-variable"},"acf":[],"_links":{"self":[{"href":"https:\/\/blockids.eu\/de\/wp-json\/wp\/v2\/product\/4211","targetHints":{"allow":["GET"]}}],"collection":[{"href":"https:\/\/blockids.eu\/de\/wp-json\/wp\/v2\/product"}],"about":[{"href":"https:\/\/blockids.eu\/de\/wp-json\/wp\/v2\/types\/product"}],"wp:featuredmedia":[{"embeddable":true,"href":"https:\/\/blockids.eu\/de\/wp-json\/wp\/v2\/media\/4209"}],"wp:attachment":[{"href":"https:\/\/blockids.eu\/de\/wp-json\/wp\/v2\/media?parent=4211"}],"wp:term":[{"taxonomy":"product_brand","embeddable":true,"href":"https:\/\/blockids.eu\/de\/wp-json\/wp\/v2\/product_brand?post=4211"},{"taxonomy":"product_cat","embeddable":true,"href":"https:\/\/blockids.eu\/de\/wp-json\/wp\/v2\/product_cat?post=4211"},{"taxonomy":"product_tag","embeddable":true,"href":"https:\/\/blockids.eu\/de\/wp-json\/wp\/v2\/product_tag?post=4211"}],"curies":[{"name":"wp","href":"https:\/\/api.w.org\/{rel}","templated":true}]}}