{"id":4205,"date":"2026-02-06T14:20:28","date_gmt":"2026-02-06T14:20:28","guid":{"rendered":"https:\/\/blockids.eu\/?post_type=product&#038;p=4205"},"modified":"2026-03-31T06:30:02","modified_gmt":"2026-03-31T06:30:02","slug":"hilfsmittel-fur-ergo-und-physio-ubungen","status":"publish","type":"product","link":"https:\/\/blockids.eu\/de\/product\/hilfsmittel-fur-ergo-und-physio-ubungen","title":{"rendered":"Hilfsmittel f\u00fcr Ergo- und Physio-\u00dcbungen"},"content":{"rendered":"<p>Dieser Klettergriff wird f\u00fcr \u00dcbungen in Ergozentren und Physiotherapiepraxen empfohlen. Wenn ihr eine gerade Anzahl kauft, 2 oder 4 St\u00fcck oder mehr, k\u00f6nnt ihr sie immer gegen\u00fcberliegend entweder horizontal, vertikal oder diagonal anbringen &#8230; Wir liefern sie immer inklusive Zubeh\u00f6r f\u00fcr die Montage. Hier abgebildet in hellblau.<\/p>\n<p>Sie k\u00f6nnen aus insgesamt sieben Farbvarianten w\u00e4hlen, es ist nur eine Frage, welche Farbkombination der Klettergriffe Sie als Basis f\u00fcr Ihre BLOCKids Kletterwand w\u00e4hlen.<\/p>\n","protected":false},"excerpt":{"rendered":"<p>Dieser Klettergriff wird f\u00fcr \u00dcbungen in Ergozentren und Physiotherapiepraxen empfohlen. Wenn ihr eine gerade Anzahl kauft, 2 oder 4 St\u00fcck oder mehr, k\u00f6nnt ihr sie immer gegen\u00fcberliegend entweder horizontal, vertikal oder diagonal anbringen &#8230; Wir liefern sie immer inklusive Zubeh\u00f6r f\u00fcr die Montage. Hier abgebildet in hellblau. Sie k\u00f6nnen aus insgesamt sieben Farbvarianten w\u00e4hlen, es [&hellip;]<\/p>\n","protected":false},"featured_media":4204,"template":"","meta":{"_acf_changed":false},"product_brand":[],"product_cat":[167,140],"product_tag":[],"class_list":{"0":"post-4205","1":"product","2":"type-product","3":"status-publish","4":"has-post-thumbnail","6":"product_cat-klettergriffe-fur-kinder","7":"product_cat-klettergriffe-und-zubehor","9":"first","10":"instock","11":"taxable","12":"shipping-taxable","13":"purchasable","14":"product-type-variable"},"acf":[],"_links":{"self":[{"href":"https:\/\/blockids.eu\/de\/wp-json\/wp\/v2\/product\/4205","targetHints":{"allow":["GET"]}}],"collection":[{"href":"https:\/\/blockids.eu\/de\/wp-json\/wp\/v2\/product"}],"about":[{"href":"https:\/\/blockids.eu\/de\/wp-json\/wp\/v2\/types\/product"}],"wp:featuredmedia":[{"embeddable":true,"href":"https:\/\/blockids.eu\/de\/wp-json\/wp\/v2\/media\/4204"}],"wp:attachment":[{"href":"https:\/\/blockids.eu\/de\/wp-json\/wp\/v2\/media?parent=4205"}],"wp:term":[{"taxonomy":"product_brand","embeddable":true,"href":"https:\/\/blockids.eu\/de\/wp-json\/wp\/v2\/product_brand?post=4205"},{"taxonomy":"product_cat","embeddable":true,"href":"https:\/\/blockids.eu\/de\/wp-json\/wp\/v2\/product_cat?post=4205"},{"taxonomy":"product_tag","embeddable":true,"href":"https:\/\/blockids.eu\/de\/wp-json\/wp\/v2\/product_tag?post=4205"}],"curies":[{"name":"wp","href":"https:\/\/api.w.org\/{rel}","templated":true}]}}