{"id":4201,"date":"2026-02-06T14:20:28","date_gmt":"2026-02-06T14:20:28","guid":{"rendered":"https:\/\/blockids.eu\/?post_type=product&#038;p=4201"},"modified":"2026-03-31T06:28:34","modified_gmt":"2026-03-31T06:28:34","slug":"kieselsteine-positive-klettergriffe","status":"publish","type":"product","link":"https:\/\/blockids.eu\/de\/product\/kieselsteine-positive-klettergriffe","title":{"rendered":"Kieselsteine &#8211;  positive Klettergriffe"},"content":{"rendered":"<p>Positive Griffe mit einer kleineren Greiffl\u00e4che sind f\u00fcr fortgeschrittene Kinder gedacht, die bereits Erfahrung mit der Bewegungskoordination an der Kletterwand haben oder mehr Kraft einsetzen k\u00f6nnen.<\/p>\n<p>Auch Erwachsene werden diesen zus\u00e4tzlichen Satz von Griffen zu sch\u00e4tzen wissen.<\/p>\n","protected":false},"excerpt":{"rendered":"<p>Positive Griffe mit einer kleineren Greiffl\u00e4che sind f\u00fcr fortgeschrittene Kinder gedacht, die bereits Erfahrung mit der Bewegungskoordination an der Kletterwand haben oder mehr Kraft einsetzen k\u00f6nnen. Auch Erwachsene werden diesen zus\u00e4tzlichen Satz von Griffen zu sch\u00e4tzen wissen.<\/p>\n","protected":false},"featured_media":4198,"template":"","meta":{"_acf_changed":false},"product_brand":[],"product_cat":[167,140],"product_tag":[],"class_list":{"0":"post-4201","1":"product","2":"type-product","3":"status-publish","4":"has-post-thumbnail","6":"product_cat-klettergriffe-fur-kinder","7":"product_cat-klettergriffe-und-zubehor","9":"first","10":"instock","11":"taxable","12":"shipping-taxable","13":"purchasable","14":"product-type-variable"},"acf":[],"_links":{"self":[{"href":"https:\/\/blockids.eu\/de\/wp-json\/wp\/v2\/product\/4201","targetHints":{"allow":["GET"]}}],"collection":[{"href":"https:\/\/blockids.eu\/de\/wp-json\/wp\/v2\/product"}],"about":[{"href":"https:\/\/blockids.eu\/de\/wp-json\/wp\/v2\/types\/product"}],"wp:featuredmedia":[{"embeddable":true,"href":"https:\/\/blockids.eu\/de\/wp-json\/wp\/v2\/media\/4198"}],"wp:attachment":[{"href":"https:\/\/blockids.eu\/de\/wp-json\/wp\/v2\/media?parent=4201"}],"wp:term":[{"taxonomy":"product_brand","embeddable":true,"href":"https:\/\/blockids.eu\/de\/wp-json\/wp\/v2\/product_brand?post=4201"},{"taxonomy":"product_cat","embeddable":true,"href":"https:\/\/blockids.eu\/de\/wp-json\/wp\/v2\/product_cat?post=4201"},{"taxonomy":"product_tag","embeddable":true,"href":"https:\/\/blockids.eu\/de\/wp-json\/wp\/v2\/product_tag?post=4201"}],"curies":[{"name":"wp","href":"https:\/\/api.w.org\/{rel}","templated":true}]}}