{"id":4193,"date":"2026-02-06T14:20:29","date_gmt":"2026-02-06T14:20:29","guid":{"rendered":"https:\/\/blockids.eu\/?post_type=product&#038;p=4193"},"modified":"2026-03-31T06:28:29","modified_gmt":"2026-03-31T06:28:29","slug":"klettergriffe-frosche-leisten-und-crimp","status":"publish","type":"product","link":"https:\/\/blockids.eu\/de\/product\/klettergriffe-frosche-leisten-und-crimp","title":{"rendered":"Klettergriffe Fr\u00f6sche &#8211; Leisten und Crimp"},"content":{"rendered":"<p>Laufen eure Kinder an der Wand hoch wie Eichh\u00f6rnchen? Besorgt f\u00fcr sie neue Kletterleisten und erweitert ihre \u00dcbungsm\u00f6glichkeiten.Klettergriffe mit einer kleineren Grifffl\u00e4che sind auch f\u00fcr j\u00fcngere, fortgeschrittene Kinder geeignet, die bereits Erfahrung mit dem Klettern haben. Aber auch f\u00fcr \u00e4ltere Kinder, die mehr Kraft aufwenden k\u00f6nnen, sind sie ein Spa\u00df.<\/p>\n<p>Auch Erwachsene werden diesen zus\u00e4tzlichen Satz von Griffen zu sch\u00e4tzen wissen.<\/p>\n","protected":false},"excerpt":{"rendered":"<p>Laufen eure Kinder an der Wand hoch wie Eichh\u00f6rnchen? Besorgt f\u00fcr sie neue Kletterleisten und erweitert ihre \u00dcbungsm\u00f6glichkeiten.Klettergriffe mit einer kleineren Grifffl\u00e4che sind auch f\u00fcr j\u00fcngere, fortgeschrittene Kinder geeignet, die bereits Erfahrung mit dem Klettern haben. Aber auch f\u00fcr \u00e4ltere Kinder, die mehr Kraft aufwenden k\u00f6nnen, sind sie ein Spa\u00df. Auch Erwachsene werden diesen zus\u00e4tzlichen [&hellip;]<\/p>\n","protected":false},"featured_media":4190,"template":"","meta":{"_acf_changed":false},"product_brand":[],"product_cat":[167,140],"product_tag":[],"class_list":{"0":"post-4193","1":"product","2":"type-product","3":"status-publish","4":"has-post-thumbnail","6":"product_cat-klettergriffe-fur-kinder","7":"product_cat-klettergriffe-und-zubehor","9":"first","10":"instock","11":"taxable","12":"shipping-taxable","13":"purchasable","14":"product-type-variable"},"acf":[],"_links":{"self":[{"href":"https:\/\/blockids.eu\/de\/wp-json\/wp\/v2\/product\/4193","targetHints":{"allow":["GET"]}}],"collection":[{"href":"https:\/\/blockids.eu\/de\/wp-json\/wp\/v2\/product"}],"about":[{"href":"https:\/\/blockids.eu\/de\/wp-json\/wp\/v2\/types\/product"}],"wp:featuredmedia":[{"embeddable":true,"href":"https:\/\/blockids.eu\/de\/wp-json\/wp\/v2\/media\/4190"}],"wp:attachment":[{"href":"https:\/\/blockids.eu\/de\/wp-json\/wp\/v2\/media?parent=4193"}],"wp:term":[{"taxonomy":"product_brand","embeddable":true,"href":"https:\/\/blockids.eu\/de\/wp-json\/wp\/v2\/product_brand?post=4193"},{"taxonomy":"product_cat","embeddable":true,"href":"https:\/\/blockids.eu\/de\/wp-json\/wp\/v2\/product_cat?post=4193"},{"taxonomy":"product_tag","embeddable":true,"href":"https:\/\/blockids.eu\/de\/wp-json\/wp\/v2\/product_tag?post=4193"}],"curies":[{"name":"wp","href":"https:\/\/api.w.org\/{rel}","templated":true}]}}