{"id":4177,"date":"2026-02-06T14:20:30","date_gmt":"2026-02-06T14:20:30","guid":{"rendered":"https:\/\/blockids.eu\/?post_type=product&#038;p=4177"},"modified":"2026-03-31T06:26:29","modified_gmt":"2026-03-31T06:26:29","slug":"klettergriffe-lagunen-kleinere-leisten-und-crimp","status":"publish","type":"product","link":"https:\/\/blockids.eu\/de\/product\/klettergriffe-lagunen-kleinere-leisten-und-crimp","title":{"rendered":"Klettergriffe Lagunen &#8211; kleinere Leisten und Crimp"},"content":{"rendered":"<p>Taschen mit kleinerem Greifbereich f\u00fcr die ersten Fingerglieder sind f\u00fcr fortgeschrittene Kletterer gedacht. Zum Klettern muss man nicht nur mehr Kraft, sondern auch bessere Koordinationsf\u00e4higkeiten einsetzen.<\/p>\n<p>Auch Erwachsene werden diesen zus\u00e4tzlichen Satz von Griffen zu sch\u00e4tzen wissen.<\/p>\n","protected":false},"excerpt":{"rendered":"<p>Taschen mit kleinerem Greifbereich f\u00fcr die ersten Fingerglieder sind f\u00fcr fortgeschrittene Kletterer gedacht. Zum Klettern muss man nicht nur mehr Kraft, sondern auch bessere Koordinationsf\u00e4higkeiten einsetzen. Auch Erwachsene werden diesen zus\u00e4tzlichen Satz von Griffen zu sch\u00e4tzen wissen.<\/p>\n","protected":false},"featured_media":4174,"template":"","meta":{"_acf_changed":false},"product_brand":[],"product_cat":[167,140],"product_tag":[],"class_list":{"0":"post-4177","1":"product","2":"type-product","3":"status-publish","4":"has-post-thumbnail","6":"product_cat-klettergriffe-fur-kinder","7":"product_cat-klettergriffe-und-zubehor","9":"first","10":"instock","11":"taxable","12":"shipping-taxable","13":"purchasable","14":"product-type-variable"},"acf":[],"_links":{"self":[{"href":"https:\/\/blockids.eu\/de\/wp-json\/wp\/v2\/product\/4177","targetHints":{"allow":["GET"]}}],"collection":[{"href":"https:\/\/blockids.eu\/de\/wp-json\/wp\/v2\/product"}],"about":[{"href":"https:\/\/blockids.eu\/de\/wp-json\/wp\/v2\/types\/product"}],"wp:featuredmedia":[{"embeddable":true,"href":"https:\/\/blockids.eu\/de\/wp-json\/wp\/v2\/media\/4174"}],"wp:attachment":[{"href":"https:\/\/blockids.eu\/de\/wp-json\/wp\/v2\/media?parent=4177"}],"wp:term":[{"taxonomy":"product_brand","embeddable":true,"href":"https:\/\/blockids.eu\/de\/wp-json\/wp\/v2\/product_brand?post=4177"},{"taxonomy":"product_cat","embeddable":true,"href":"https:\/\/blockids.eu\/de\/wp-json\/wp\/v2\/product_cat?post=4177"},{"taxonomy":"product_tag","embeddable":true,"href":"https:\/\/blockids.eu\/de\/wp-json\/wp\/v2\/product_tag?post=4177"}],"curies":[{"name":"wp","href":"https:\/\/api.w.org\/{rel}","templated":true}]}}