{"id":4156,"date":"2026-02-06T14:20:22","date_gmt":"2026-02-06T14:20:22","guid":{"rendered":"https:\/\/blockids.eu\/?post_type=product&#038;p=4156"},"modified":"2026-02-24T19:25:32","modified_gmt":"2026-02-24T19:25:32","slug":"kletterwand-fur-turnhallen-blockids-8","status":"publish","type":"product","link":"https:\/\/blockids.eu\/de\/product\/kletterwand-fur-turnhallen-blockids-8","title":{"rendered":"Kletterwand f\u00fcr Turnhallen BLOCKids 8"},"content":{"rendered":"<p>F\u00fcr Turnhallen und Sportzentren empfehlen wir, diese Wand mit unserem Kletterzubeh\u00f6r zu erg\u00e4nzen, das nicht nur f\u00fcr Kinder, sondern auch f\u00fcr Erwachsene geeignet ist. Wir empfehlen zus\u00e4tzliche Klettergriffe aus dem Kletterzubeh\u00f6r, zum Beispiel die kleinen Kletterleisten &#8222;Kartoffeln&#8220; oder &#8222;Bumerangs&#8220;. Diese f\u00fchren zum echten Klettertraining und zur St\u00e4rkung des gesamten K\u00f6rpers &#8230; Im Gegensatz dazu teilen unsere Holzstrukturen die gro\u00dfe Fl\u00e4che auf und erg\u00e4nzen gleichzeitig die Wand perfekt. Wir helfen euch gerne bei allem!\u00a0<\/p>\n<p>Bei der Installation einer Kletterwand in \u00f6ffentlichen Bereichen ist es notwendig, die Sturzfl\u00e4che unter der Wand zu bedenken. Wir empfehlen unsere gro\u00dfe Sturzmatte, die speziell f\u00fcr diese Wand entwickelt wurde, hinzuzuf\u00fcgen, falls ihr keine andere Matte habt, die gro\u00df genug ist. Diese Matte ist f\u00fcr \u00f6ffentliche Bereiche wie \u00f6ffentliche Turnhallen oder Sportzentren erforderlich. Unsere Matten sind vollst\u00e4ndig zertifiziert.<\/p>\n","protected":false},"excerpt":{"rendered":"<p>F\u00fcr Turnhallen und Sportzentren empfehlen wir, diese Wand mit unserem Kletterzubeh\u00f6r zu erg\u00e4nzen, das nicht nur f\u00fcr Kinder, sondern auch f\u00fcr Erwachsene geeignet ist. Wir empfehlen zus\u00e4tzliche Klettergriffe aus dem Kletterzubeh\u00f6r, zum Beispiel die kleinen Kletterleisten &#8222;Kartoffeln&#8220; oder &#8222;Bumerangs&#8220;. Diese f\u00fchren zum echten Klettertraining und zur St\u00e4rkung des gesamten K\u00f6rpers &#8230; Im Gegensatz dazu teilen [&hellip;]<\/p>\n","protected":false},"featured_media":4145,"template":"","meta":{"_acf_changed":false},"product_brand":[],"product_cat":[137],"product_tag":[],"class_list":{"0":"post-4156","1":"product","2":"type-product","3":"status-publish","4":"has-post-thumbnail","6":"product_cat-kletterwand-fuer-turnhalle-und-sportzentrum","8":"first","9":"instock","10":"taxable","11":"shipping-taxable","12":"purchasable","13":"product-type-variable"},"acf":[],"_links":{"self":[{"href":"https:\/\/blockids.eu\/de\/wp-json\/wp\/v2\/product\/4156","targetHints":{"allow":["GET"]}}],"collection":[{"href":"https:\/\/blockids.eu\/de\/wp-json\/wp\/v2\/product"}],"about":[{"href":"https:\/\/blockids.eu\/de\/wp-json\/wp\/v2\/types\/product"}],"wp:featuredmedia":[{"embeddable":true,"href":"https:\/\/blockids.eu\/de\/wp-json\/wp\/v2\/media\/4145"}],"wp:attachment":[{"href":"https:\/\/blockids.eu\/de\/wp-json\/wp\/v2\/media?parent=4156"}],"wp:term":[{"taxonomy":"product_brand","embeddable":true,"href":"https:\/\/blockids.eu\/de\/wp-json\/wp\/v2\/product_brand?post=4156"},{"taxonomy":"product_cat","embeddable":true,"href":"https:\/\/blockids.eu\/de\/wp-json\/wp\/v2\/product_cat?post=4156"},{"taxonomy":"product_tag","embeddable":true,"href":"https:\/\/blockids.eu\/de\/wp-json\/wp\/v2\/product_tag?post=4156"}],"curies":[{"name":"wp","href":"https:\/\/api.w.org\/{rel}","templated":true}]}}