{"id":4078,"date":"2026-02-06T14:20:17","date_gmt":"2026-02-06T14:20:17","guid":{"rendered":"https:\/\/blockids.eu\/?post_type=product&#038;p=4078"},"modified":"2026-02-24T19:24:54","modified_gmt":"2026-02-24T19:24:54","slug":"kletterwand-physiotherapie-blockids-4","status":"publish","type":"product","link":"https:\/\/blockids.eu\/de\/product\/kletterwand-physiotherapie-blockids-4","title":{"rendered":"Kletterwand Physiotherapie Blockids 4"},"content":{"rendered":"<p>Die Kletterwand BLOCKids 4 ist ein nat\u00fcrliches Mittel zur Verbesserung der Bewegungsf\u00e4higkeit im Rahmen der Beeinflussung der gesundheitlichen Probleme eurer Klienten. Unsere Kletterw\u00e4nde k\u00f6nnen an W\u00e4nden, Holzkonstruktionen und Gipskartonplatten installiert werden.<\/p>\n<p>Dieses Set besteht aus vier rechteckigen Boards aus 18 mm Birkensperrholz und Klettergriffen. Jedes Board hat einen Rahmen auf der R\u00fcckseite und die Gesamttiefe eines Boards betr\u00e4gt 36 mm einschlie\u00dflich des Holzrahmens. Jedes Board hat 20 L\u00f6cher f\u00fcr Klettergriffe. Ihr k\u00f6nnt die Position der Klettergriffe an unseren W\u00e4nden jederzeit ganz einfach \u00e4ndern, damit eure Kinder in Bewegung bleiben!<\/p>\n","protected":false},"excerpt":{"rendered":"<p>Die Kletterwand BLOCKids 4 ist ein nat\u00fcrliches Mittel zur Verbesserung der Bewegungsf\u00e4higkeit im Rahmen der Beeinflussung der gesundheitlichen Probleme eurer Klienten. Unsere Kletterw\u00e4nde k\u00f6nnen an W\u00e4nden, Holzkonstruktionen und Gipskartonplatten installiert werden. Dieses Set besteht aus vier rechteckigen Boards aus 18 mm Birkensperrholz und Klettergriffen. Jedes Board hat einen Rahmen auf der R\u00fcckseite und die Gesamttiefe [&hellip;]<\/p>\n","protected":false},"featured_media":4064,"template":"","meta":{"_acf_changed":false},"product_brand":[],"product_cat":[123],"product_tag":[],"class_list":{"0":"post-4078","1":"product","2":"type-product","3":"status-publish","4":"has-post-thumbnail","6":"product_cat-kletterwand-fuer-physiotherapie-und-ergotherapie","8":"first","9":"instock","10":"taxable","11":"shipping-taxable","12":"purchasable","13":"product-type-variable"},"acf":[],"_links":{"self":[{"href":"https:\/\/blockids.eu\/de\/wp-json\/wp\/v2\/product\/4078","targetHints":{"allow":["GET"]}}],"collection":[{"href":"https:\/\/blockids.eu\/de\/wp-json\/wp\/v2\/product"}],"about":[{"href":"https:\/\/blockids.eu\/de\/wp-json\/wp\/v2\/types\/product"}],"wp:featuredmedia":[{"embeddable":true,"href":"https:\/\/blockids.eu\/de\/wp-json\/wp\/v2\/media\/4064"}],"wp:attachment":[{"href":"https:\/\/blockids.eu\/de\/wp-json\/wp\/v2\/media?parent=4078"}],"wp:term":[{"taxonomy":"product_brand","embeddable":true,"href":"https:\/\/blockids.eu\/de\/wp-json\/wp\/v2\/product_brand?post=4078"},{"taxonomy":"product_cat","embeddable":true,"href":"https:\/\/blockids.eu\/de\/wp-json\/wp\/v2\/product_cat?post=4078"},{"taxonomy":"product_tag","embeddable":true,"href":"https:\/\/blockids.eu\/de\/wp-json\/wp\/v2\/product_tag?post=4078"}],"curies":[{"name":"wp","href":"https:\/\/api.w.org\/{rel}","templated":true}]}}