{"id":4048,"date":"2026-02-06T14:20:18","date_gmt":"2026-02-06T14:20:18","guid":{"rendered":"https:\/\/blockids.eu\/?post_type=product&#038;p=4048"},"modified":"2026-02-24T19:24:27","modified_gmt":"2026-02-24T19:24:27","slug":"kletterwand-physiotherapie-blockids-10","status":"publish","type":"product","link":"https:\/\/blockids.eu\/de\/product\/kletterwand-physiotherapie-blockids-10","title":{"rendered":"Kletterwand Physiotherapie Blockids 10"},"content":{"rendered":"<p>Es wird eine angenehme und unterhaltsame Therapieform f\u00fcr Ihre Klienten sein und kann mit mehreren Klienten parallel praktiziert werden. Es ist ein nat\u00fcrliches Mittel zur Verbesserung der Bewegungsf\u00e4higkeit im Rahmen der Beeinflussung von Gesundheitsproblemen.<\/p>\n<p>Im Kletterzubeh\u00f6r k\u00f6nnen Sie bei uns verschiedene Arten von Klettergriffen ausw\u00e4hlen, die Sie f\u00fcr die jeweiligen \u00dcbungsarten ben\u00f6tigen. Sie w\u00e4hlen ihre Position an der Wand selbst und diese Positionen k\u00f6nnen sehr schnell an die individuellen Bed\u00fcrfnisse Ihrer Kunden angepasst werden. Ob Sie sich f\u00fcr eine kleine Matratze oder eine gro\u00dfe Prallmatratze entscheiden, h\u00e4ngt von der Art Ihrer Operation ab \u2013 wir empfehlen kleine Matratzen f\u00fcr private kleinere Praxen und gro\u00dfe Prallmatratzen f\u00fcr gro\u00dfe Reha-Zentren mit Gruppentherapie.<\/p>\n<p>Dieses Set besteht aus zehn rechteckigen Boards aus 18 mm Birkensperrholz und Klettergriffen. Jedes Board hat einen Rahmen auf der R\u00fcckseite und die Gesamttiefe eines Boards betr\u00e4gt 36 mm einschlie\u00dflich des Holzrahmens. Jedes Board hat 20 L\u00f6cher f\u00fcr Klettergriffe. Ihr k\u00f6nnt die Position der Klettergriffe an unseren W\u00e4nden jederzeit ganz einfach \u00e4ndern, damit eure Kinder in Bewegung bleiben!<\/p>\n","protected":false},"excerpt":{"rendered":"<p>Es wird eine angenehme und unterhaltsame Therapieform f\u00fcr Ihre Klienten sein und kann mit mehreren Klienten parallel praktiziert werden. Es ist ein nat\u00fcrliches Mittel zur Verbesserung der Bewegungsf\u00e4higkeit im Rahmen der Beeinflussung von Gesundheitsproblemen. Im Kletterzubeh\u00f6r k\u00f6nnen Sie bei uns verschiedene Arten von Klettergriffen ausw\u00e4hlen, die Sie f\u00fcr die jeweiligen \u00dcbungsarten ben\u00f6tigen. Sie w\u00e4hlen ihre [&hellip;]<\/p>\n","protected":false},"featured_media":4028,"template":"","meta":{"_acf_changed":false},"product_brand":[],"product_cat":[123],"product_tag":[],"class_list":{"0":"post-4048","1":"product","2":"type-product","3":"status-publish","4":"has-post-thumbnail","6":"product_cat-kletterwand-fuer-physiotherapie-und-ergotherapie","8":"first","9":"instock","10":"taxable","11":"shipping-taxable","12":"purchasable","13":"product-type-variable"},"acf":[],"_links":{"self":[{"href":"https:\/\/blockids.eu\/de\/wp-json\/wp\/v2\/product\/4048","targetHints":{"allow":["GET"]}}],"collection":[{"href":"https:\/\/blockids.eu\/de\/wp-json\/wp\/v2\/product"}],"about":[{"href":"https:\/\/blockids.eu\/de\/wp-json\/wp\/v2\/types\/product"}],"wp:featuredmedia":[{"embeddable":true,"href":"https:\/\/blockids.eu\/de\/wp-json\/wp\/v2\/media\/4028"}],"wp:attachment":[{"href":"https:\/\/blockids.eu\/de\/wp-json\/wp\/v2\/media?parent=4048"}],"wp:term":[{"taxonomy":"product_brand","embeddable":true,"href":"https:\/\/blockids.eu\/de\/wp-json\/wp\/v2\/product_brand?post=4048"},{"taxonomy":"product_cat","embeddable":true,"href":"https:\/\/blockids.eu\/de\/wp-json\/wp\/v2\/product_cat?post=4048"},{"taxonomy":"product_tag","embeddable":true,"href":"https:\/\/blockids.eu\/de\/wp-json\/wp\/v2\/product_tag?post=4048"}],"curies":[{"name":"wp","href":"https:\/\/api.w.org\/{rel}","templated":true}]}}