{"id":4016,"date":"2026-02-06T14:20:18","date_gmt":"2026-02-06T14:20:18","guid":{"rendered":"https:\/\/blockids.eu\/?post_type=product&#038;p=4016"},"modified":"2026-02-24T19:25:23","modified_gmt":"2026-02-24T19:25:23","slug":"kletterwand-physiotherapie-blockids-8","status":"publish","type":"product","link":"https:\/\/blockids.eu\/de\/product\/kletterwand-physiotherapie-blockids-8","title":{"rendered":"Kletterwand Physiotherapie Blockids 8"},"content":{"rendered":"<p>Im Kletterzubeh\u00f6r k\u00f6nnt ihr bei uns verschiedene Arten von Klettergriffen ausw\u00e4hlen, wie ihr sie f\u00fcr eure \u00dcbungsart ben\u00f6tigt. Ihr w\u00e4hlt die Position an der Wand aus und diese Positionen k\u00f6nnen sehr schnell ge\u00e4ndert werden, um den individuellen Bed\u00fcrfnissen eurer Kunden gerecht zu werden.<\/p>\n<p>Unsere Kletterw\u00e4nde k\u00f6nnen an W\u00e4nden, Holzkonstruktionen und Gipskartonplatten installiert werden.<\/p>\n<p>Dieses Set besteht aus vier rechteckigen Boards aus 18 mm Birkensperrholz und Klettergriffen. Jedes Board hat einen Rahmen auf der R\u00fcckseite und die Gesamttiefe eines Boards betr\u00e4gt 36 mm einschlie\u00dflich des Holzrahmens. Jedes Board hat 20 L\u00f6cher f\u00fcr Klettergriffe. Ihr k\u00f6nnt die Position der Klettergriffe an unseren W\u00e4nden jederzeit ganz einfach \u00e4ndern, damit eure Kinder in Bewegung bleiben!<\/p>\n","protected":false},"excerpt":{"rendered":"<p>Im Kletterzubeh\u00f6r k\u00f6nnt ihr bei uns verschiedene Arten von Klettergriffen ausw\u00e4hlen, wie ihr sie f\u00fcr eure \u00dcbungsart ben\u00f6tigt. Ihr w\u00e4hlt die Position an der Wand aus und diese Positionen k\u00f6nnen sehr schnell ge\u00e4ndert werden, um den individuellen Bed\u00fcrfnissen eurer Kunden gerecht zu werden. Unsere Kletterw\u00e4nde k\u00f6nnen an W\u00e4nden, Holzkonstruktionen und Gipskartonplatten installiert werden. Dieses Set [&hellip;]<\/p>\n","protected":false},"featured_media":4003,"template":"","meta":{"_acf_changed":false},"product_brand":[],"product_cat":[123],"product_tag":[],"class_list":{"0":"post-4016","1":"product","2":"type-product","3":"status-publish","4":"has-post-thumbnail","6":"product_cat-kletterwand-fuer-physiotherapie-und-ergotherapie","8":"first","9":"instock","10":"taxable","11":"shipping-taxable","12":"purchasable","13":"product-type-variable"},"acf":[],"_links":{"self":[{"href":"https:\/\/blockids.eu\/de\/wp-json\/wp\/v2\/product\/4016","targetHints":{"allow":["GET"]}}],"collection":[{"href":"https:\/\/blockids.eu\/de\/wp-json\/wp\/v2\/product"}],"about":[{"href":"https:\/\/blockids.eu\/de\/wp-json\/wp\/v2\/types\/product"}],"wp:featuredmedia":[{"embeddable":true,"href":"https:\/\/blockids.eu\/de\/wp-json\/wp\/v2\/media\/4003"}],"wp:attachment":[{"href":"https:\/\/blockids.eu\/de\/wp-json\/wp\/v2\/media?parent=4016"}],"wp:term":[{"taxonomy":"product_brand","embeddable":true,"href":"https:\/\/blockids.eu\/de\/wp-json\/wp\/v2\/product_brand?post=4016"},{"taxonomy":"product_cat","embeddable":true,"href":"https:\/\/blockids.eu\/de\/wp-json\/wp\/v2\/product_cat?post=4016"},{"taxonomy":"product_tag","embeddable":true,"href":"https:\/\/blockids.eu\/de\/wp-json\/wp\/v2\/product_tag?post=4016"}],"curies":[{"name":"wp","href":"https:\/\/api.w.org\/{rel}","templated":true}]}}