{"id":3988,"date":"2026-02-06T14:20:18","date_gmt":"2026-02-06T14:20:18","guid":{"rendered":"https:\/\/blockids.eu\/?post_type=product&#038;p=3988"},"modified":"2026-04-02T11:44:57","modified_gmt":"2026-04-02T11:44:57","slug":"kinder-kletterwand-fur-schulen-und-kindergarten-blockids-6","status":"publish","type":"product","link":"https:\/\/blockids.eu\/de\/product\/kinder-kletterwand-fur-schulen-und-kindergarten-blockids-6","title":{"rendered":"Kinder-Kletterwand f\u00fcr Schulen und Kinderg\u00e4rten BLOCKids 6"},"content":{"rendered":"<p>Ihr k\u00f6nnt die Kletterwand auch mit Holzstrukturen von uns erg\u00e4nzen, die neue Bewegungsm\u00f6glichkeiten an der Kletterwand schaffen, wie z. B. \u00dcberh\u00e4nge oder Seitengriffe. F\u00fcr gr\u00f6\u00dfere Kinder empfehlen wir Klettergriffe aus dem Kletterzubeh\u00f6r, zum Beispiel \u201eKartoffeln\u201c oder \u201eBumerang\u201c Leisten. Diese sind echtes Klettertraining und st\u00e4rken den ganzen K\u00f6rper&#8230; Unsere Kletterw\u00e4nde k\u00f6nnen an W\u00e4nden, Holzkonstruktionen und Gipskartonplatten installiert werden.<\/p>\n<p>Dieses Set besteht aus sechs rechteckigen Boards aus 18 mm Birkensperrholz und Klettergriffen. Jedes Board hat einen Rahmen auf der R\u00fcckseite und die Gesamttiefe eines Boards betr\u00e4gt 36 mm einschlie\u00dflich des Holzrahmens. Jedes Board hat 20 L\u00f6cher f\u00fcr Klettergriffe. Ihr k\u00f6nnt die Position der Klettergriffe an unseren W\u00e4nden jederzeit ganz einfach \u00e4ndern, damit eure Kinder in Bewegung bleiben!<\/p>\n","protected":false},"excerpt":{"rendered":"<p>Ihr k\u00f6nnt die Kletterwand auch mit Holzstrukturen von uns erg\u00e4nzen, die neue Bewegungsm\u00f6glichkeiten an der Kletterwand schaffen, wie z. B. \u00dcberh\u00e4nge oder Seitengriffe. F\u00fcr gr\u00f6\u00dfere Kinder empfehlen wir Klettergriffe aus dem Kletterzubeh\u00f6r, zum Beispiel \u201eKartoffeln\u201c oder \u201eBumerang\u201c Leisten. Diese sind echtes Klettertraining und st\u00e4rken den ganzen K\u00f6rper&#8230; Unsere Kletterw\u00e4nde k\u00f6nnen an W\u00e4nden, Holzkonstruktionen und Gipskartonplatten [&hellip;]<\/p>\n","protected":false},"featured_media":3976,"template":"","meta":{"_acf_changed":false},"product_brand":[],"product_cat":[138],"product_tag":[],"class_list":{"0":"post-3988","1":"product","2":"type-product","3":"status-publish","4":"has-post-thumbnail","6":"product_cat-kletterwand-fuer-kindergarten-und-schule","8":"first","9":"instock","10":"taxable","11":"shipping-taxable","12":"purchasable","13":"product-type-variable"},"acf":[],"_links":{"self":[{"href":"https:\/\/blockids.eu\/de\/wp-json\/wp\/v2\/product\/3988","targetHints":{"allow":["GET"]}}],"collection":[{"href":"https:\/\/blockids.eu\/de\/wp-json\/wp\/v2\/product"}],"about":[{"href":"https:\/\/blockids.eu\/de\/wp-json\/wp\/v2\/types\/product"}],"wp:featuredmedia":[{"embeddable":true,"href":"https:\/\/blockids.eu\/de\/wp-json\/wp\/v2\/media\/3976"}],"wp:attachment":[{"href":"https:\/\/blockids.eu\/de\/wp-json\/wp\/v2\/media?parent=3988"}],"wp:term":[{"taxonomy":"product_brand","embeddable":true,"href":"https:\/\/blockids.eu\/de\/wp-json\/wp\/v2\/product_brand?post=3988"},{"taxonomy":"product_cat","embeddable":true,"href":"https:\/\/blockids.eu\/de\/wp-json\/wp\/v2\/product_cat?post=3988"},{"taxonomy":"product_tag","embeddable":true,"href":"https:\/\/blockids.eu\/de\/wp-json\/wp\/v2\/product_tag?post=3988"}],"curies":[{"name":"wp","href":"https:\/\/api.w.org\/{rel}","templated":true}]}}