{"id":3962,"date":"2026-02-06T14:20:18","date_gmt":"2026-02-06T14:20:18","guid":{"rendered":"https:\/\/blockids.eu\/?post_type=product&#038;p=3962"},"modified":"2026-02-24T19:25:04","modified_gmt":"2026-02-24T19:25:04","slug":"kinder-kletterwand-fur-schulen-und-kindergarten-blockids-4","status":"publish","type":"product","link":"https:\/\/blockids.eu\/de\/product\/kinder-kletterwand-fur-schulen-und-kindergarten-blockids-4","title":{"rendered":"Kinder-Kletterwand f\u00fcr Schulen und Kinderg\u00e4rten BLOCKids 4"},"content":{"rendered":"<p>Die Kletterwand BLOCKids 4 hat trotz ihrer geringen Gr\u00f6\u00dfe eine gro\u00dfe Fl\u00e4che zur Entwicklung der k\u00f6rperlichen F\u00e4higkeiten der Kinder.\u00a0<\/p>\n<p>Denkt beim Kauf unserer Kletterwand an die Sturzfl\u00e4che unter der Wand. Es ist sehr wichtig und wir empfehlen unsere gro\u00dfe Sturzmatte zu kaufen, die speziell f\u00fcr diese Wand entwickelt wurde, falls ihr nicht bereits eine andere ausreichend gro\u00dfe Matte gekauft habt. Diese Matte ist eine Voraussetzung f\u00fcr \u00f6ffentliche Bereiche wie Schulen und Kinderg\u00e4rten.<\/p>\n<p>Dieses Set besteht aus vier rechteckigen Boards aus 18 mm Birkensperrholz und Klettergriffen. Jedes Board hat einen Rahmen auf der R\u00fcckseite und die Gesamttiefe eines Boards betr\u00e4gt 36 mm einschlie\u00dflich des Holzrahmens. Jedes Board hat 20 L\u00f6cher f\u00fcr Klettergriffe. Ihr k\u00f6nnt die Position der Klettergriffe an unseren W\u00e4nden jederzeit ganz einfach \u00e4ndern, damit eure Kinder in Bewegung bleiben!<\/p>\n","protected":false},"excerpt":{"rendered":"<p>Die Kletterwand BLOCKids 4 hat trotz ihrer geringen Gr\u00f6\u00dfe eine gro\u00dfe Fl\u00e4che zur Entwicklung der k\u00f6rperlichen F\u00e4higkeiten der Kinder.\u00a0 Denkt beim Kauf unserer Kletterwand an die Sturzfl\u00e4che unter der Wand. Es ist sehr wichtig und wir empfehlen unsere gro\u00dfe Sturzmatte zu kaufen, die speziell f\u00fcr diese Wand entwickelt wurde, falls ihr nicht bereits eine andere [&hellip;]<\/p>\n","protected":false},"featured_media":3948,"template":"","meta":{"_acf_changed":false},"product_brand":[],"product_cat":[138],"product_tag":[],"class_list":{"0":"post-3962","1":"product","2":"type-product","3":"status-publish","4":"has-post-thumbnail","6":"product_cat-kletterwand-fuer-kindergarten-und-schule","8":"first","9":"instock","10":"taxable","11":"shipping-taxable","12":"purchasable","13":"product-type-variable"},"acf":[],"_links":{"self":[{"href":"https:\/\/blockids.eu\/de\/wp-json\/wp\/v2\/product\/3962","targetHints":{"allow":["GET"]}}],"collection":[{"href":"https:\/\/blockids.eu\/de\/wp-json\/wp\/v2\/product"}],"about":[{"href":"https:\/\/blockids.eu\/de\/wp-json\/wp\/v2\/types\/product"}],"wp:featuredmedia":[{"embeddable":true,"href":"https:\/\/blockids.eu\/de\/wp-json\/wp\/v2\/media\/3948"}],"wp:attachment":[{"href":"https:\/\/blockids.eu\/de\/wp-json\/wp\/v2\/media?parent=3962"}],"wp:term":[{"taxonomy":"product_brand","embeddable":true,"href":"https:\/\/blockids.eu\/de\/wp-json\/wp\/v2\/product_brand?post=3962"},{"taxonomy":"product_cat","embeddable":true,"href":"https:\/\/blockids.eu\/de\/wp-json\/wp\/v2\/product_cat?post=3962"},{"taxonomy":"product_tag","embeddable":true,"href":"https:\/\/blockids.eu\/de\/wp-json\/wp\/v2\/product_tag?post=3962"}],"curies":[{"name":"wp","href":"https:\/\/api.w.org\/{rel}","templated":true}]}}