{"id":3932,"date":"2026-02-06T14:20:21","date_gmt":"2026-02-06T14:20:21","guid":{"rendered":"https:\/\/blockids.eu\/?post_type=product&#038;p=3932"},"modified":"2026-02-24T19:24:36","modified_gmt":"2026-02-24T19:24:36","slug":"kinder-kletterwand-fur-schulen-und-kindergarten-blockids-10","status":"publish","type":"product","link":"https:\/\/blockids.eu\/de\/product\/kinder-kletterwand-fur-schulen-und-kindergarten-blockids-10","title":{"rendered":"Kinder-Kletterwand f\u00fcr Schulen und Kinderg\u00e4rten BLOCKids 10"},"content":{"rendered":"<p>Wir empfehlen dringend, diese Wand mit unserem Kletterzubeh\u00f6r zu erg\u00e4nzen, das nicht nur f\u00fcr die Kinder, sondern auch f\u00fcr euch Eltern bestimmt ist. Wir empfehlen die Klettergriffe aus dem Kletterzubeh\u00f6r. Wir empfehlen die \u201eBase Lines\u201c oder \u201eSamo Dual\u201c Leisten. Diese stellen ein echtes Klettertraining und ein Ganzk\u00f6rpertraining dar &#8230;\u00a0<\/p>\n<p>Unsere Holzvolumen hingegen gliedern eine gro\u00dfe Fl\u00e4che und erg\u00e4nzen die Wand perfekt. Unsere Kletterw\u00e4nde k\u00f6nnen an W\u00e4nden, Holzkonstruktionen und Gipskartonplatten installiert werden.<\/p>\n<p>Dieses Set besteht aus zehn rechteckigen Boards aus 18 mm Birkensperrholz und Klettergriffen. Jedes Board hat einen Rahmen auf der R\u00fcckseite und die Gesamttiefe eines Boards betr\u00e4gt 36 mm einschlie\u00dflich des Holzrahmens. Jedes Board hat 20 L\u00f6cher f\u00fcr Klettergriffe. Ihr k\u00f6nnt die Position der Klettergriffe an unseren W\u00e4nden jederzeit ganz einfach \u00e4ndern, damit eure Kinder in Bewegung bleiben!<\/p>\n","protected":false},"excerpt":{"rendered":"<p>Wir empfehlen dringend, diese Wand mit unserem Kletterzubeh\u00f6r zu erg\u00e4nzen, das nicht nur f\u00fcr die Kinder, sondern auch f\u00fcr euch Eltern bestimmt ist. Wir empfehlen die Klettergriffe aus dem Kletterzubeh\u00f6r. Wir empfehlen die \u201eBase Lines\u201c oder \u201eSamo Dual\u201c Leisten. Diese stellen ein echtes Klettertraining und ein Ganzk\u00f6rpertraining dar &#8230;\u00a0 Unsere Holzvolumen hingegen gliedern eine gro\u00dfe [&hellip;]<\/p>\n","protected":false},"featured_media":3918,"template":"","meta":{"_acf_changed":false},"product_brand":[],"product_cat":[138],"product_tag":[],"class_list":{"0":"post-3932","1":"product","2":"type-product","3":"status-publish","4":"has-post-thumbnail","6":"product_cat-kletterwand-fuer-kindergarten-und-schule","8":"first","9":"instock","10":"taxable","11":"shipping-taxable","12":"purchasable","13":"product-type-variable"},"acf":[],"_links":{"self":[{"href":"https:\/\/blockids.eu\/de\/wp-json\/wp\/v2\/product\/3932","targetHints":{"allow":["GET"]}}],"collection":[{"href":"https:\/\/blockids.eu\/de\/wp-json\/wp\/v2\/product"}],"about":[{"href":"https:\/\/blockids.eu\/de\/wp-json\/wp\/v2\/types\/product"}],"wp:featuredmedia":[{"embeddable":true,"href":"https:\/\/blockids.eu\/de\/wp-json\/wp\/v2\/media\/3918"}],"wp:attachment":[{"href":"https:\/\/blockids.eu\/de\/wp-json\/wp\/v2\/media?parent=3932"}],"wp:term":[{"taxonomy":"product_brand","embeddable":true,"href":"https:\/\/blockids.eu\/de\/wp-json\/wp\/v2\/product_brand?post=3932"},{"taxonomy":"product_cat","embeddable":true,"href":"https:\/\/blockids.eu\/de\/wp-json\/wp\/v2\/product_cat?post=3932"},{"taxonomy":"product_tag","embeddable":true,"href":"https:\/\/blockids.eu\/de\/wp-json\/wp\/v2\/product_tag?post=3932"}],"curies":[{"name":"wp","href":"https:\/\/api.w.org\/{rel}","templated":true}]}}