{"id":3896,"date":"2026-02-06T14:20:21","date_gmt":"2026-02-06T14:20:21","guid":{"rendered":"https:\/\/blockids.eu\/?post_type=product&#038;p=3896"},"modified":"2026-02-24T19:25:38","modified_gmt":"2026-02-24T19:25:38","slug":"kinder-kletterwand-fur-schulen-und-kindergarten-blockids-8","status":"publish","type":"product","link":"https:\/\/blockids.eu\/de\/product\/kinder-kletterwand-fur-schulen-und-kindergarten-blockids-8","title":{"rendered":"Kinder-Kletterwand f\u00fcr Schulen und Kinderg\u00e4rten BLOCKids 8"},"content":{"rendered":"<p>Die gro\u00dfe Fl\u00e4che bietet viele M\u00f6glichkeiten zum Klettern und die Kinder haben viel Platz zum Bewegen und Austoben. Sie kann nat\u00fcrlich mit unserem Kletterzubeh\u00f6r erg\u00e4nzt werden, das nicht nur f\u00fcr die Kinder ist. Ihr m\u00fcsst nur anfangen &#8230; Unsere Kletterw\u00e4nde k\u00f6nnen an W\u00e4nden, Holzkonstruktionen und Gipskartonplatten installiert werden.<\/p>\n<p>Dieses Set besteht aus acht rechteckigen Boards aus 18 mm Birkensperrholz und Klettergriffen. Jedes Board hat einen Rahmen auf der R\u00fcckseite und die Gesamttiefe eines Boards betr\u00e4gt 36 mm einschlie\u00dflich des Holzrahmens. Jedes Board hat 20 L\u00f6cher f\u00fcr Klettergriffe. Ihr k\u00f6nnt die Position der Klettergriffe an unseren W\u00e4nden jederzeit ganz einfach \u00e4ndern, damit eure Kinder in Bewegung bleiben!<\/p>\n","protected":false},"excerpt":{"rendered":"<p>Die gro\u00dfe Fl\u00e4che bietet viele M\u00f6glichkeiten zum Klettern und die Kinder haben viel Platz zum Bewegen und Austoben. Sie kann nat\u00fcrlich mit unserem Kletterzubeh\u00f6r erg\u00e4nzt werden, das nicht nur f\u00fcr die Kinder ist. Ihr m\u00fcsst nur anfangen &#8230; Unsere Kletterw\u00e4nde k\u00f6nnen an W\u00e4nden, Holzkonstruktionen und Gipskartonplatten installiert werden. Dieses Set besteht aus acht rechteckigen Boards [&hellip;]<\/p>\n","protected":false},"featured_media":3883,"template":"","meta":{"_acf_changed":false},"product_brand":[],"product_cat":[138],"product_tag":[],"class_list":{"0":"post-3896","1":"product","2":"type-product","3":"status-publish","4":"has-post-thumbnail","6":"product_cat-kletterwand-fuer-kindergarten-und-schule","8":"first","9":"instock","10":"taxable","11":"shipping-taxable","12":"purchasable","13":"product-type-variable"},"acf":[],"_links":{"self":[{"href":"https:\/\/blockids.eu\/de\/wp-json\/wp\/v2\/product\/3896","targetHints":{"allow":["GET"]}}],"collection":[{"href":"https:\/\/blockids.eu\/de\/wp-json\/wp\/v2\/product"}],"about":[{"href":"https:\/\/blockids.eu\/de\/wp-json\/wp\/v2\/types\/product"}],"wp:featuredmedia":[{"embeddable":true,"href":"https:\/\/blockids.eu\/de\/wp-json\/wp\/v2\/media\/3883"}],"wp:attachment":[{"href":"https:\/\/blockids.eu\/de\/wp-json\/wp\/v2\/media?parent=3896"}],"wp:term":[{"taxonomy":"product_brand","embeddable":true,"href":"https:\/\/blockids.eu\/de\/wp-json\/wp\/v2\/product_brand?post=3896"},{"taxonomy":"product_cat","embeddable":true,"href":"https:\/\/blockids.eu\/de\/wp-json\/wp\/v2\/product_cat?post=3896"},{"taxonomy":"product_tag","embeddable":true,"href":"https:\/\/blockids.eu\/de\/wp-json\/wp\/v2\/product_tag?post=3896"}],"curies":[{"name":"wp","href":"https:\/\/api.w.org\/{rel}","templated":true}]}}