{"id":3834,"date":"2026-02-06T14:20:28","date_gmt":"2026-02-06T14:20:28","guid":{"rendered":"https:\/\/blockids.eu\/?post_type=product&#038;p=3834"},"modified":"2026-04-02T11:46:40","modified_gmt":"2026-04-02T11:46:40","slug":"blockids-kletterwand-nach-ma","status":"publish","type":"product","link":"https:\/\/blockids.eu\/de\/product\/blockids-kletterwand-nach-ma","title":{"rendered":"BLOCKids \u2013 Kletterwand nach Ma\u00df"},"content":{"rendered":"<p>Sie sind auf der Suche nach einer hochwertigen und dennoch g\u00fcnstigen Kletterwand f\u00fcr Ihr bestehendes oder neues Sportzentrum? Suchen Sie eine Kletterwand mit einfacher Installation, die unser Team in zwei Werktagen erledigen kann? Sie m\u00f6chten nicht, dass die neue Mauer auf den Sportplatz eindringt und Ballspiele erm\u00f6glicht? Dann schreiben oder rufen Sie uns an, wir beraten Sie gerne zur Kletterwand, konzipieren diese und erstellen Ihnen einen Budgetvorschlag. Wir sind f\u00fcr Sie da &#8230;<\/p>\n","protected":false},"excerpt":{"rendered":"<p>Sie sind auf der Suche nach einer hochwertigen und dennoch g\u00fcnstigen Kletterwand f\u00fcr Ihr bestehendes oder neues Sportzentrum? Suchen Sie eine Kletterwand mit einfacher Installation, die unser Team in zwei Werktagen erledigen kann? Sie m\u00f6chten nicht, dass die neue Mauer auf den Sportplatz eindringt und Ballspiele erm\u00f6glicht? Dann schreiben oder rufen Sie uns an, wir [&hellip;]<\/p>\n","protected":false},"featured_media":3820,"template":"","meta":{"_acf_changed":false},"product_brand":[],"product_cat":[122,138,137,108,123],"product_tag":[193],"class_list":{"0":"post-3834","1":"product","2":"type-product","3":"status-publish","4":"has-post-thumbnail","6":"product_cat-indoor-kletterwaende","7":"product_cat-kletterwand-fuer-kindergarten-und-schule","8":"product_cat-kletterwand-fuer-turnhalle-und-sportzentrum","9":"product_cat-kletterwand-furs-kinderzimmer","10":"product_cat-kletterwand-fuer-physiotherapie-und-ergotherapie","11":"product_tag-individuell","13":"first","14":"instock","15":"taxable","16":"shipping-taxable","17":"product-type-simple"},"acf":[],"_links":{"self":[{"href":"https:\/\/blockids.eu\/de\/wp-json\/wp\/v2\/product\/3834","targetHints":{"allow":["GET"]}}],"collection":[{"href":"https:\/\/blockids.eu\/de\/wp-json\/wp\/v2\/product"}],"about":[{"href":"https:\/\/blockids.eu\/de\/wp-json\/wp\/v2\/types\/product"}],"wp:featuredmedia":[{"embeddable":true,"href":"https:\/\/blockids.eu\/de\/wp-json\/wp\/v2\/media\/3820"}],"wp:attachment":[{"href":"https:\/\/blockids.eu\/de\/wp-json\/wp\/v2\/media?parent=3834"}],"wp:term":[{"taxonomy":"product_brand","embeddable":true,"href":"https:\/\/blockids.eu\/de\/wp-json\/wp\/v2\/product_brand?post=3834"},{"taxonomy":"product_cat","embeddable":true,"href":"https:\/\/blockids.eu\/de\/wp-json\/wp\/v2\/product_cat?post=3834"},{"taxonomy":"product_tag","embeddable":true,"href":"https:\/\/blockids.eu\/de\/wp-json\/wp\/v2\/product_tag?post=3834"}],"curies":[{"name":"wp","href":"https:\/\/api.w.org\/{rel}","templated":true}]}}