{"id":3511,"date":"2026-02-06T14:20:16","date_gmt":"2026-02-06T14:20:16","guid":{"rendered":"https:\/\/blockids.eu\/?post_type=product&#038;p=3511"},"modified":"2026-02-24T11:05:31","modified_gmt":"2026-02-24T11:05:31","slug":"kletterwand-fuers-kinderzimmer-blockids-10","status":"publish","type":"product","link":"https:\/\/blockids.eu\/de\/product\/kletterwand-fuers-kinderzimmer-blockids-10","title":{"rendered":"Kletterwand f\u00fcrs Kinderzimmer BLOCKids 10"},"content":{"rendered":"<p>Wir empfehlen dringend, diese Wand mit unserem Kletterzubeh\u00f6r zu erg\u00e4nzen, das nicht nur f\u00fcr die Kinder, sondern auch f\u00fcr euch Eltern gedacht ist. Wir empfehlen die Klettergriffe aus dem Kletterzubeh\u00f6r, f\u00fcr uns empfehlen wir die \u201eKartoffeln\u201c oder \u201eBumerang\u201c Leisten. Diese stellen ein echtes Kletter-Workout und die St\u00e4rkung des ganzen K\u00f6rpers dar &#8230; Unsere Holzvolumen dagegen teilen eine gro\u00dfe Fl\u00e4che auf und erg\u00e4nzen die Wand perfekt.<\/p>\n<p>Dieses Set besteht aus zehn rechteckigen Boards aus 18 mm Birkensperrholz und Klettergriffen. Jedes Board hat einen Rahmen auf der R\u00fcckseite und die Gesamttiefe eines Boards betr\u00e4gt 36 mm einschlie\u00dflich des Holzrahmens. Jedes Board hat 20 L\u00f6cher f\u00fcr Klettergriffe. Ihr k\u00f6nnt die Position der Klettergriffe an unseren W\u00e4nden jederzeit ganz einfach \u00e4ndern, damit eure Kinder in Bewegung bleiben!<\/p>\n","protected":false},"excerpt":{"rendered":"<p class=\"desc\">Die gr\u00f6\u00dfte Standard-Kletterwand in unserem Angebot! Wenn ihr sie noch gr\u00f6\u00dfer haben m\u00f6chtet, k\u00f6nnt ihr sie \u00fcber unseren Konfigurator bestellen. Die erstaunliche Sport- und Kletterfl\u00e4che dieser Wand muss jeden ansprechen &#8230;<\/p>\n","protected":false},"featured_media":3497,"template":"","meta":{"_acf_changed":false},"product_brand":[],"product_cat":[122,108],"product_tag":[],"class_list":{"0":"post-3511","1":"product","2":"type-product","3":"status-publish","4":"has-post-thumbnail","6":"product_cat-indoor-kletterwaende","7":"product_cat-kletterwand-furs-kinderzimmer","9":"first","10":"instock","11":"taxable","12":"shipping-taxable","13":"purchasable","14":"product-type-variable"},"acf":[],"_links":{"self":[{"href":"https:\/\/blockids.eu\/de\/wp-json\/wp\/v2\/product\/3511","targetHints":{"allow":["GET"]}}],"collection":[{"href":"https:\/\/blockids.eu\/de\/wp-json\/wp\/v2\/product"}],"about":[{"href":"https:\/\/blockids.eu\/de\/wp-json\/wp\/v2\/types\/product"}],"wp:featuredmedia":[{"embeddable":true,"href":"https:\/\/blockids.eu\/de\/wp-json\/wp\/v2\/media\/3497"}],"wp:attachment":[{"href":"https:\/\/blockids.eu\/de\/wp-json\/wp\/v2\/media?parent=3511"}],"wp:term":[{"taxonomy":"product_brand","embeddable":true,"href":"https:\/\/blockids.eu\/de\/wp-json\/wp\/v2\/product_brand?post=3511"},{"taxonomy":"product_cat","embeddable":true,"href":"https:\/\/blockids.eu\/de\/wp-json\/wp\/v2\/product_cat?post=3511"},{"taxonomy":"product_tag","embeddable":true,"href":"https:\/\/blockids.eu\/de\/wp-json\/wp\/v2\/product_tag?post=3511"}],"curies":[{"name":"wp","href":"https:\/\/api.w.org\/{rel}","templated":true}]}}